{"id":6046,"date":"2025-09-05T09:50:41","date_gmt":"2025-09-05T09:50:41","guid":{"rendered":"https:\/\/www.finnsalg.no\/shop\/cannes-mini-dress\/"},"modified":"2025-09-05T09:50:41","modified_gmt":"2025-09-05T09:50:41","slug":"cannes-mini-dress","status":"publish","type":"product","link":"https:\/\/www.finnsalg.no\/en\/shop\/cannes-mini-dress\/","title":{"rendered":"CANNES MINI DRESS"},"content":{"rendered":"<p><br data-mce-bogus=\"1\"><\/p>\n\n    <div class=\"xs_social_share_widget xs_share_url after_content \t\tmain_content  wslu-style-1 wslu-share-box-shaped wslu-fill-colored wslu-none wslu-share-horizontal wslu-theme-font-no wslu-main_content\">\n\n\t\t\n        <ul>\n\t\t\t        <\/ul>\n    <\/div>","protected":false},"excerpt":{"rendered":"<p><span>Cannes minikjole i bl\u00e5tt blomstertrykk. Kjolen har dristige skulderputer, knyteb\u00e5nd i midjen for en flatterende silhuett, og skjult glidel\u00e5s bak. Ermene har en knapp ved mansjetten, slik at du kan justere mellom en slank eller rett silhuett. Kjolen er helf\u00f4ret og har en rund halsutringning.<\/span><\/p>\n<p><span>Farge: St\u00f8vbl\u00e5tt<\/span><br \/><span>Passer til st\u00f8rrelsen, men for en mer tilpasset look anbefaler vi \u00e5 dimensjonere ned<\/span><br \/><span>L\u00f8s i hoften<\/span><br \/><span>Justerbar linning<\/span><\/p>","protected":false},"featured_media":6042,"comment_status":"open","ping_status":"closed","template":"","meta":{"iawp_total_views":0},"finnsalg_campaign":[],"product_brand":[544],"product_cat":[51,53],"product_tag":[545],"class_list":{"0":"post-6046","1":"product","2":"type-product","3":"status-publish","4":"has-post-thumbnail","6":"product_brand-adoore","7":"product_cat-damer","8":"product_cat-kjoler-skjorter","9":"product_tag-mini-kjole","10":"thunk-woo-product-list","11":"opn-qv-enable","12":"open-woo-hover-","13":"open-single-product-tab-horizontal","14":"open-shadow-","15":"open-shadow-hover-","17":"first","18":"instock","19":"sale","20":"shipping-taxable","21":"purchasable","22":"product-type-simple"},"yoast_head":"<!-- This site is optimized with the Yoast SEO plugin v25.0 - https:\/\/yoast.com\/wordpress\/plugins\/seo\/ -->\n<title>CANNES MINI DRESS - FINNSALG<\/title>\n<meta name=\"robots\" content=\"index, follow, max-snippet:-1, max-image-preview:large, max-video-preview:-1\" \/>\n<link rel=\"canonical\" href=\"https:\/\/www.finnsalg.no\/en\/shop\/cannes-mini-dress\/\" \/>\n<meta property=\"og:locale\" content=\"en_US\" \/>\n<meta property=\"og:type\" content=\"article\" \/>\n<meta property=\"og:title\" content=\"CANNES MINI DRESS - FINNSALG\" \/>\n<meta property=\"og:description\" content=\"Cannes minikjole i bl\u00e5tt blomstertrykk. Kjolen har dristige skulderputer, knyteb\u00e5nd i midjen for en flatterende silhuett, og skjult glidel\u00e5s bak. Ermene har en knapp ved mansjetten, slik at du kan justere mellom en slank eller rett silhuett. Kjolen er helf\u00f4ret og har en rund halsutringning.Farge: St\u00f8vbl\u00e5ttPasser til st\u00f8rrelsen, men for en mer tilpasset look anbefaler vi \u00e5 dimensjonere nedL\u00f8s i hoftenJusterbar linning\" \/>\n<meta property=\"og:url\" content=\"https:\/\/www.finnsalg.no\/en\/shop\/cannes-mini-dress\/\" \/>\n<meta property=\"og:site_name\" content=\"FINNSALG\" \/>\n<meta property=\"og:image\" content=\"https:\/\/www.finnsalg.no\/wp-content\/uploads\/2025\/09\/32aa826e0a04ac4fb38db4d4b75f59de.webp\" \/>\n\t<meta property=\"og:image:width\" content=\"1000\" \/>\n\t<meta property=\"og:image:height\" content=\"1500\" \/>\n\t<meta property=\"og:image:type\" content=\"image\/webp\" \/>\n<meta name=\"twitter:card\" content=\"summary_large_image\" \/>\n<script type=\"application\/ld+json\" class=\"yoast-schema-graph\">{\"@context\":\"https:\/\/schema.org\",\"@graph\":[{\"@type\":\"WebPage\",\"@id\":\"https:\/\/www.finnsalg.no\/shop\/cannes-mini-dress\/\",\"url\":\"https:\/\/www.finnsalg.no\/shop\/cannes-mini-dress\/\",\"name\":\"CANNES MINI DRESS - FINNSALG\",\"isPartOf\":{\"@id\":\"https:\/\/www.finnsalg.no\/#website\"},\"primaryImageOfPage\":{\"@id\":\"https:\/\/www.finnsalg.no\/shop\/cannes-mini-dress\/#primaryimage\"},\"image\":{\"@id\":\"https:\/\/www.finnsalg.no\/shop\/cannes-mini-dress\/#primaryimage\"},\"thumbnailUrl\":\"https:\/\/www.finnsalg.no\/wp-content\/uploads\/2025\/09\/32aa826e0a04ac4fb38db4d4b75f59de.webp\",\"datePublished\":\"2025-09-05T09:50:41+00:00\",\"breadcrumb\":{\"@id\":\"https:\/\/www.finnsalg.no\/shop\/cannes-mini-dress\/#breadcrumb\"},\"inLanguage\":\"en-US\",\"potentialAction\":[{\"@type\":\"ReadAction\",\"target\":[\"https:\/\/www.finnsalg.no\/shop\/cannes-mini-dress\/\"]}]},{\"@type\":\"ImageObject\",\"inLanguage\":\"en-US\",\"@id\":\"https:\/\/www.finnsalg.no\/shop\/cannes-mini-dress\/#primaryimage\",\"url\":\"https:\/\/www.finnsalg.no\/wp-content\/uploads\/2025\/09\/32aa826e0a04ac4fb38db4d4b75f59de.webp\",\"contentUrl\":\"https:\/\/www.finnsalg.no\/wp-content\/uploads\/2025\/09\/32aa826e0a04ac4fb38db4d4b75f59de.webp\",\"width\":1000,\"height\":1500},{\"@type\":\"BreadcrumbList\",\"@id\":\"https:\/\/www.finnsalg.no\/shop\/cannes-mini-dress\/#breadcrumb\",\"itemListElement\":[{\"@type\":\"ListItem\",\"position\":1,\"name\":\"Hjem\",\"item\":\"https:\/\/www.finnsalg.no\/\"},{\"@type\":\"ListItem\",\"position\":2,\"name\":\"Butikker og Salg\",\"item\":\"https:\/\/www.finnsalg.no\/butikker-og-salg\/\"},{\"@type\":\"ListItem\",\"position\":3,\"name\":\"CANNES MINI DRESS\"}]},{\"@type\":\"WebSite\",\"@id\":\"https:\/\/www.finnsalg.no\/#website\",\"url\":\"https:\/\/www.finnsalg.no\/\",\"name\":\"FINNSALG\",\"description\":\"Finn de beste salgene p\u00e5 kl\u00e6r, sko, bagger og mye mer fra butikkene i hele Norge\",\"publisher\":{\"@id\":\"https:\/\/www.finnsalg.no\/#organization\"},\"potentialAction\":[{\"@type\":\"SearchAction\",\"target\":{\"@type\":\"EntryPoint\",\"urlTemplate\":\"https:\/\/www.finnsalg.no\/?s={search_term_string}\"},\"query-input\":{\"@type\":\"PropertyValueSpecification\",\"valueRequired\":true,\"valueName\":\"search_term_string\"}}],\"inLanguage\":\"en-US\"},{\"@type\":\"Organization\",\"@id\":\"https:\/\/www.finnsalg.no\/#organization\",\"name\":\"FINNSALG\",\"url\":\"https:\/\/www.finnsalg.no\/\",\"logo\":{\"@type\":\"ImageObject\",\"inLanguage\":\"en-US\",\"@id\":\"https:\/\/www.finnsalg.no\/#\/schema\/logo\/image\/\",\"url\":\"https:\/\/www.finnsalg.no\/wp-content\/uploads\/2025\/09\/cropped-logo_Customer3.jpg\",\"contentUrl\":\"https:\/\/www.finnsalg.no\/wp-content\/uploads\/2025\/09\/cropped-logo_Customer3.jpg\",\"width\":587,\"height\":182,\"caption\":\"FINNSALG\"},\"image\":{\"@id\":\"https:\/\/www.finnsalg.no\/#\/schema\/logo\/image\/\"}}]}<\/script>\n<!-- \/ Yoast SEO plugin. -->","yoast_head_json":{"title":"CANNES MINI DRESS - FINNSALG","robots":{"index":"index","follow":"follow","max-snippet":"max-snippet:-1","max-image-preview":"max-image-preview:large","max-video-preview":"max-video-preview:-1"},"canonical":"https:\/\/www.finnsalg.no\/en\/shop\/cannes-mini-dress\/","og_locale":"en_US","og_type":"article","og_title":"CANNES MINI DRESS - FINNSALG","og_description":"Cannes minikjole i bl\u00e5tt blomstertrykk. Kjolen har dristige skulderputer, knyteb\u00e5nd i midjen for en flatterende silhuett, og skjult glidel\u00e5s bak. Ermene har en knapp ved mansjetten, slik at du kan justere mellom en slank eller rett silhuett. Kjolen er helf\u00f4ret og har en rund halsutringning.Farge: St\u00f8vbl\u00e5ttPasser til st\u00f8rrelsen, men for en mer tilpasset look anbefaler vi \u00e5 dimensjonere nedL\u00f8s i hoftenJusterbar linning","og_url":"https:\/\/www.finnsalg.no\/en\/shop\/cannes-mini-dress\/","og_site_name":"FINNSALG","og_image":[{"width":1000,"height":1500,"url":"https:\/\/www.finnsalg.no\/wp-content\/uploads\/2025\/09\/32aa826e0a04ac4fb38db4d4b75f59de.webp","type":"image\/webp"}],"twitter_card":"summary_large_image","schema":{"@context":"https:\/\/schema.org","@graph":[{"@type":"WebPage","@id":"https:\/\/www.finnsalg.no\/shop\/cannes-mini-dress\/","url":"https:\/\/www.finnsalg.no\/shop\/cannes-mini-dress\/","name":"CANNES MINI DRESS - FINNSALG","isPartOf":{"@id":"https:\/\/www.finnsalg.no\/#website"},"primaryImageOfPage":{"@id":"https:\/\/www.finnsalg.no\/shop\/cannes-mini-dress\/#primaryimage"},"image":{"@id":"https:\/\/www.finnsalg.no\/shop\/cannes-mini-dress\/#primaryimage"},"thumbnailUrl":"https:\/\/www.finnsalg.no\/wp-content\/uploads\/2025\/09\/32aa826e0a04ac4fb38db4d4b75f59de.webp","datePublished":"2025-09-05T09:50:41+00:00","breadcrumb":{"@id":"https:\/\/www.finnsalg.no\/shop\/cannes-mini-dress\/#breadcrumb"},"inLanguage":"en-US","potentialAction":[{"@type":"ReadAction","target":["https:\/\/www.finnsalg.no\/shop\/cannes-mini-dress\/"]}]},{"@type":"ImageObject","inLanguage":"en-US","@id":"https:\/\/www.finnsalg.no\/shop\/cannes-mini-dress\/#primaryimage","url":"https:\/\/www.finnsalg.no\/wp-content\/uploads\/2025\/09\/32aa826e0a04ac4fb38db4d4b75f59de.webp","contentUrl":"https:\/\/www.finnsalg.no\/wp-content\/uploads\/2025\/09\/32aa826e0a04ac4fb38db4d4b75f59de.webp","width":1000,"height":1500},{"@type":"BreadcrumbList","@id":"https:\/\/www.finnsalg.no\/shop\/cannes-mini-dress\/#breadcrumb","itemListElement":[{"@type":"ListItem","position":1,"name":"Hjem","item":"https:\/\/www.finnsalg.no\/"},{"@type":"ListItem","position":2,"name":"Butikker og Salg","item":"https:\/\/www.finnsalg.no\/butikker-og-salg\/"},{"@type":"ListItem","position":3,"name":"CANNES MINI DRESS"}]},{"@type":"WebSite","@id":"https:\/\/www.finnsalg.no\/#website","url":"https:\/\/www.finnsalg.no\/","name":"FINNSALG","description":"Finn de beste salgene p\u00e5 kl\u00e6r, sko, bagger og mye mer fra butikkene i hele Norge","publisher":{"@id":"https:\/\/www.finnsalg.no\/#organization"},"potentialAction":[{"@type":"SearchAction","target":{"@type":"EntryPoint","urlTemplate":"https:\/\/www.finnsalg.no\/?s={search_term_string}"},"query-input":{"@type":"PropertyValueSpecification","valueRequired":true,"valueName":"search_term_string"}}],"inLanguage":"en-US"},{"@type":"Organization","@id":"https:\/\/www.finnsalg.no\/#organization","name":"FINNSALG","url":"https:\/\/www.finnsalg.no\/","logo":{"@type":"ImageObject","inLanguage":"en-US","@id":"https:\/\/www.finnsalg.no\/#\/schema\/logo\/image\/","url":"https:\/\/www.finnsalg.no\/wp-content\/uploads\/2025\/09\/cropped-logo_Customer3.jpg","contentUrl":"https:\/\/www.finnsalg.no\/wp-content\/uploads\/2025\/09\/cropped-logo_Customer3.jpg","width":587,"height":182,"caption":"FINNSALG"},"image":{"@id":"https:\/\/www.finnsalg.no\/#\/schema\/logo\/image\/"}}]}},"jetpack_sharing_enabled":true,"_links":{"self":[{"href":"https:\/\/www.finnsalg.no\/en\/wp-json\/wp\/v2\/product\/6046","targetHints":{"allow":["GET"]}}],"collection":[{"href":"https:\/\/www.finnsalg.no\/en\/wp-json\/wp\/v2\/product"}],"about":[{"href":"https:\/\/www.finnsalg.no\/en\/wp-json\/wp\/v2\/types\/product"}],"replies":[{"embeddable":true,"href":"https:\/\/www.finnsalg.no\/en\/wp-json\/wp\/v2\/comments?post=6046"}],"wp:featuredmedia":[{"embeddable":true,"href":"https:\/\/www.finnsalg.no\/en\/wp-json\/wp\/v2\/media\/6042"}],"wp:attachment":[{"href":"https:\/\/www.finnsalg.no\/en\/wp-json\/wp\/v2\/media?parent=6046"}],"wp:term":[{"taxonomy":"finnsalg_campaign","embeddable":true,"href":"https:\/\/www.finnsalg.no\/en\/wp-json\/wp\/v2\/finnsalg_campaign?post=6046"},{"taxonomy":"product_brand","embeddable":true,"href":"https:\/\/www.finnsalg.no\/en\/wp-json\/wp\/v2\/product_brand?post=6046"},{"taxonomy":"product_cat","embeddable":true,"href":"https:\/\/www.finnsalg.no\/en\/wp-json\/wp\/v2\/product_cat?post=6046"},{"taxonomy":"product_tag","embeddable":true,"href":"https:\/\/www.finnsalg.no\/en\/wp-json\/wp\/v2\/product_tag?post=6046"}],"curies":[{"name":"wp","href":"https:\/\/api.w.org\/{rel}","templated":true}]}}