{"id":5970,"date":"2025-09-04T16:42:46","date_gmt":"2025-09-04T16:42:46","guid":{"rendered":"https:\/\/www.finnsalg.no\/shop\/langermet-ulltroye\/"},"modified":"2025-09-04T16:42:47","modified_gmt":"2025-09-04T16:42:47","slug":"langermet-ulltroye","status":"publish","type":"product","link":"https:\/\/www.finnsalg.no\/en\/shop\/langermet-ulltroye\/","title":{"rendered":"Langermet Ulltr\u00f8ye"},"content":{"rendered":"<p><br data-mce-bogus=\"1\"><\/p>\n\n    <div class=\"xs_social_share_widget xs_share_url after_content \t\tmain_content  wslu-style-1 wslu-share-box-shaped wslu-fill-colored wslu-none wslu-share-horizontal wslu-theme-font-no wslu-main_content\">\n\n\t\t\n        <ul>\n\t\t\t        <\/ul>\n    <\/div>","protected":false},"excerpt":{"rendered":"<p><span>Kari Traa Rose Langermet Ulltr\u00f8ye er en baselayer overdel i 100% merinoull. Ullundert\u00f8yet har det klassiske rosedesignet fra KT og en kroppsn\u00e6r, sporty silhuett. B\u00e6rekraftig h\u00f8stet ull og 4-veis stretch gj\u00f8r dette mellomtunge plagget ber\u00f8ringsmykt, lukthemmende og pustende. Knappene i halsen gj\u00f8r det lett \u00e5 regulere temperaturen. Rund hals og raglanermer gj\u00f8r lagvis p\u00e5kledning en lek.<\/span><br \/><span>Normal mot litt liten i st\u00f8rrelsen.<\/span><\/p>","protected":false},"featured_media":5969,"comment_status":"open","ping_status":"closed","template":"","meta":{"iawp_total_views":0},"finnsalg_campaign":[],"product_brand":[530],"product_cat":[51,64],"product_tag":[531],"class_list":{"0":"post-5970","1":"product","2":"type-product","3":"status-publish","4":"has-post-thumbnail","6":"product_brand-kari-traa","7":"product_cat-damer","8":"product_cat-nattoy-undertoy","9":"product_tag-ullundertoyet","10":"thunk-woo-product-list","11":"opn-qv-enable","12":"open-woo-hover-","13":"open-single-product-tab-horizontal","14":"open-shadow-","15":"open-shadow-hover-","17":"first","18":"instock","19":"sale","20":"shipping-taxable","21":"purchasable","22":"product-type-simple"},"yoast_head":"<!-- This site is optimized with the Yoast SEO plugin v25.0 - https:\/\/yoast.com\/wordpress\/plugins\/seo\/ -->\n<title>Langermet Ulltr\u00f8ye - FINNSALG<\/title>\n<meta name=\"robots\" content=\"index, follow, max-snippet:-1, max-image-preview:large, max-video-preview:-1\" \/>\n<link rel=\"canonical\" href=\"https:\/\/www.finnsalg.no\/en\/shop\/langermet-ulltroye\/\" \/>\n<meta property=\"og:locale\" content=\"en_US\" \/>\n<meta property=\"og:type\" content=\"article\" \/>\n<meta property=\"og:title\" content=\"Langermet Ulltr\u00f8ye - FINNSALG\" \/>\n<meta property=\"og:description\" content=\"Kari Traa Rose Langermet Ulltr\u00f8ye er en baselayer overdel i 100% merinoull. Ullundert\u00f8yet har det klassiske rosedesignet fra KT og en kroppsn\u00e6r, sporty silhuett. B\u00e6rekraftig h\u00f8stet ull og 4-veis stretch gj\u00f8r dette mellomtunge plagget ber\u00f8ringsmykt, lukthemmende og pustende. Knappene i halsen gj\u00f8r det lett \u00e5 regulere temperaturen. Rund hals og raglanermer gj\u00f8r lagvis p\u00e5kledning en lek.Normal mot litt liten i st\u00f8rrelsen.\" \/>\n<meta property=\"og:url\" content=\"https:\/\/www.finnsalg.no\/en\/shop\/langermet-ulltroye\/\" \/>\n<meta property=\"og:site_name\" content=\"FINNSALG\" \/>\n<meta property=\"article:modified_time\" content=\"2025-09-04T16:42:47+00:00\" \/>\n<meta property=\"og:image\" content=\"https:\/\/www.finnsalg.no\/wp-content\/uploads\/2025\/09\/kedtkse.webp\" \/>\n\t<meta property=\"og:image:width\" content=\"600\" \/>\n\t<meta property=\"og:image:height\" content=\"750\" \/>\n\t<meta property=\"og:image:type\" content=\"image\/png\" \/>\n<meta name=\"twitter:card\" content=\"summary_large_image\" \/>\n<script type=\"application\/ld+json\" class=\"yoast-schema-graph\">{\"@context\":\"https:\/\/schema.org\",\"@graph\":[{\"@type\":\"WebPage\",\"@id\":\"https:\/\/www.finnsalg.no\/shop\/langermet-ulltroye\/\",\"url\":\"https:\/\/www.finnsalg.no\/shop\/langermet-ulltroye\/\",\"name\":\"Langermet Ulltr\u00f8ye - FINNSALG\",\"isPartOf\":{\"@id\":\"https:\/\/www.finnsalg.no\/#website\"},\"primaryImageOfPage\":{\"@id\":\"https:\/\/www.finnsalg.no\/shop\/langermet-ulltroye\/#primaryimage\"},\"image\":{\"@id\":\"https:\/\/www.finnsalg.no\/shop\/langermet-ulltroye\/#primaryimage\"},\"thumbnailUrl\":\"https:\/\/www.finnsalg.no\/wp-content\/uploads\/2025\/09\/kedtkse.png\",\"datePublished\":\"2025-09-04T16:42:46+00:00\",\"dateModified\":\"2025-09-04T16:42:47+00:00\",\"breadcrumb\":{\"@id\":\"https:\/\/www.finnsalg.no\/shop\/langermet-ulltroye\/#breadcrumb\"},\"inLanguage\":\"en-US\",\"potentialAction\":[{\"@type\":\"ReadAction\",\"target\":[\"https:\/\/www.finnsalg.no\/shop\/langermet-ulltroye\/\"]}]},{\"@type\":\"ImageObject\",\"inLanguage\":\"en-US\",\"@id\":\"https:\/\/www.finnsalg.no\/shop\/langermet-ulltroye\/#primaryimage\",\"url\":\"https:\/\/www.finnsalg.no\/wp-content\/uploads\/2025\/09\/kedtkse.png\",\"contentUrl\":\"https:\/\/www.finnsalg.no\/wp-content\/uploads\/2025\/09\/kedtkse.png\",\"width\":600,\"height\":750},{\"@type\":\"BreadcrumbList\",\"@id\":\"https:\/\/www.finnsalg.no\/shop\/langermet-ulltroye\/#breadcrumb\",\"itemListElement\":[{\"@type\":\"ListItem\",\"position\":1,\"name\":\"Hjem\",\"item\":\"https:\/\/www.finnsalg.no\/\"},{\"@type\":\"ListItem\",\"position\":2,\"name\":\"Butikker og Salg\",\"item\":\"https:\/\/www.finnsalg.no\/butikker-og-salg\/\"},{\"@type\":\"ListItem\",\"position\":3,\"name\":\"Langermet Ulltr\u00f8ye\"}]},{\"@type\":\"WebSite\",\"@id\":\"https:\/\/www.finnsalg.no\/#website\",\"url\":\"https:\/\/www.finnsalg.no\/\",\"name\":\"FINNSALG\",\"description\":\"Finn de beste salgene p\u00e5 kl\u00e6r, sko, bagger og mye mer fra butikkene i hele Norge\",\"publisher\":{\"@id\":\"https:\/\/www.finnsalg.no\/#organization\"},\"potentialAction\":[{\"@type\":\"SearchAction\",\"target\":{\"@type\":\"EntryPoint\",\"urlTemplate\":\"https:\/\/www.finnsalg.no\/?s={search_term_string}\"},\"query-input\":{\"@type\":\"PropertyValueSpecification\",\"valueRequired\":true,\"valueName\":\"search_term_string\"}}],\"inLanguage\":\"en-US\"},{\"@type\":\"Organization\",\"@id\":\"https:\/\/www.finnsalg.no\/#organization\",\"name\":\"FINNSALG\",\"url\":\"https:\/\/www.finnsalg.no\/\",\"logo\":{\"@type\":\"ImageObject\",\"inLanguage\":\"en-US\",\"@id\":\"https:\/\/www.finnsalg.no\/#\/schema\/logo\/image\/\",\"url\":\"https:\/\/www.finnsalg.no\/wp-content\/uploads\/2025\/09\/cropped-logo_Customer3.jpg\",\"contentUrl\":\"https:\/\/www.finnsalg.no\/wp-content\/uploads\/2025\/09\/cropped-logo_Customer3.jpg\",\"width\":587,\"height\":182,\"caption\":\"FINNSALG\"},\"image\":{\"@id\":\"https:\/\/www.finnsalg.no\/#\/schema\/logo\/image\/\"}}]}<\/script>\n<!-- \/ Yoast SEO plugin. -->","yoast_head_json":{"title":"Langermet Ulltr\u00f8ye - FINNSALG","robots":{"index":"index","follow":"follow","max-snippet":"max-snippet:-1","max-image-preview":"max-image-preview:large","max-video-preview":"max-video-preview:-1"},"canonical":"https:\/\/www.finnsalg.no\/en\/shop\/langermet-ulltroye\/","og_locale":"en_US","og_type":"article","og_title":"Langermet Ulltr\u00f8ye - FINNSALG","og_description":"Kari Traa Rose Langermet Ulltr\u00f8ye er en baselayer overdel i 100% merinoull. Ullundert\u00f8yet har det klassiske rosedesignet fra KT og en kroppsn\u00e6r, sporty silhuett. B\u00e6rekraftig h\u00f8stet ull og 4-veis stretch gj\u00f8r dette mellomtunge plagget ber\u00f8ringsmykt, lukthemmende og pustende. Knappene i halsen gj\u00f8r det lett \u00e5 regulere temperaturen. Rund hals og raglanermer gj\u00f8r lagvis p\u00e5kledning en lek.Normal mot litt liten i st\u00f8rrelsen.","og_url":"https:\/\/www.finnsalg.no\/en\/shop\/langermet-ulltroye\/","og_site_name":"FINNSALG","article_modified_time":"2025-09-04T16:42:47+00:00","og_image":[{"width":600,"height":750,"url":"https:\/\/www.finnsalg.no\/wp-content\/uploads\/2025\/09\/kedtkse.webp","type":"image\/png"}],"twitter_card":"summary_large_image","schema":{"@context":"https:\/\/schema.org","@graph":[{"@type":"WebPage","@id":"https:\/\/www.finnsalg.no\/shop\/langermet-ulltroye\/","url":"https:\/\/www.finnsalg.no\/shop\/langermet-ulltroye\/","name":"Langermet Ulltr\u00f8ye - FINNSALG","isPartOf":{"@id":"https:\/\/www.finnsalg.no\/#website"},"primaryImageOfPage":{"@id":"https:\/\/www.finnsalg.no\/shop\/langermet-ulltroye\/#primaryimage"},"image":{"@id":"https:\/\/www.finnsalg.no\/shop\/langermet-ulltroye\/#primaryimage"},"thumbnailUrl":"https:\/\/www.finnsalg.no\/wp-content\/uploads\/2025\/09\/kedtkse.png","datePublished":"2025-09-04T16:42:46+00:00","dateModified":"2025-09-04T16:42:47+00:00","breadcrumb":{"@id":"https:\/\/www.finnsalg.no\/shop\/langermet-ulltroye\/#breadcrumb"},"inLanguage":"en-US","potentialAction":[{"@type":"ReadAction","target":["https:\/\/www.finnsalg.no\/shop\/langermet-ulltroye\/"]}]},{"@type":"ImageObject","inLanguage":"en-US","@id":"https:\/\/www.finnsalg.no\/shop\/langermet-ulltroye\/#primaryimage","url":"https:\/\/www.finnsalg.no\/wp-content\/uploads\/2025\/09\/kedtkse.png","contentUrl":"https:\/\/www.finnsalg.no\/wp-content\/uploads\/2025\/09\/kedtkse.png","width":600,"height":750},{"@type":"BreadcrumbList","@id":"https:\/\/www.finnsalg.no\/shop\/langermet-ulltroye\/#breadcrumb","itemListElement":[{"@type":"ListItem","position":1,"name":"Hjem","item":"https:\/\/www.finnsalg.no\/"},{"@type":"ListItem","position":2,"name":"Butikker og Salg","item":"https:\/\/www.finnsalg.no\/butikker-og-salg\/"},{"@type":"ListItem","position":3,"name":"Langermet Ulltr\u00f8ye"}]},{"@type":"WebSite","@id":"https:\/\/www.finnsalg.no\/#website","url":"https:\/\/www.finnsalg.no\/","name":"FINNSALG","description":"Finn de beste salgene p\u00e5 kl\u00e6r, sko, bagger og mye mer fra butikkene i hele Norge","publisher":{"@id":"https:\/\/www.finnsalg.no\/#organization"},"potentialAction":[{"@type":"SearchAction","target":{"@type":"EntryPoint","urlTemplate":"https:\/\/www.finnsalg.no\/?s={search_term_string}"},"query-input":{"@type":"PropertyValueSpecification","valueRequired":true,"valueName":"search_term_string"}}],"inLanguage":"en-US"},{"@type":"Organization","@id":"https:\/\/www.finnsalg.no\/#organization","name":"FINNSALG","url":"https:\/\/www.finnsalg.no\/","logo":{"@type":"ImageObject","inLanguage":"en-US","@id":"https:\/\/www.finnsalg.no\/#\/schema\/logo\/image\/","url":"https:\/\/www.finnsalg.no\/wp-content\/uploads\/2025\/09\/cropped-logo_Customer3.jpg","contentUrl":"https:\/\/www.finnsalg.no\/wp-content\/uploads\/2025\/09\/cropped-logo_Customer3.jpg","width":587,"height":182,"caption":"FINNSALG"},"image":{"@id":"https:\/\/www.finnsalg.no\/#\/schema\/logo\/image\/"}}]}},"jetpack_sharing_enabled":true,"_links":{"self":[{"href":"https:\/\/www.finnsalg.no\/en\/wp-json\/wp\/v2\/product\/5970","targetHints":{"allow":["GET"]}}],"collection":[{"href":"https:\/\/www.finnsalg.no\/en\/wp-json\/wp\/v2\/product"}],"about":[{"href":"https:\/\/www.finnsalg.no\/en\/wp-json\/wp\/v2\/types\/product"}],"replies":[{"embeddable":true,"href":"https:\/\/www.finnsalg.no\/en\/wp-json\/wp\/v2\/comments?post=5970"}],"wp:featuredmedia":[{"embeddable":true,"href":"https:\/\/www.finnsalg.no\/en\/wp-json\/wp\/v2\/media\/5969"}],"wp:attachment":[{"href":"https:\/\/www.finnsalg.no\/en\/wp-json\/wp\/v2\/media?parent=5970"}],"wp:term":[{"taxonomy":"finnsalg_campaign","embeddable":true,"href":"https:\/\/www.finnsalg.no\/en\/wp-json\/wp\/v2\/finnsalg_campaign?post=5970"},{"taxonomy":"product_brand","embeddable":true,"href":"https:\/\/www.finnsalg.no\/en\/wp-json\/wp\/v2\/product_brand?post=5970"},{"taxonomy":"product_cat","embeddable":true,"href":"https:\/\/www.finnsalg.no\/en\/wp-json\/wp\/v2\/product_cat?post=5970"},{"taxonomy":"product_tag","embeddable":true,"href":"https:\/\/www.finnsalg.no\/en\/wp-json\/wp\/v2\/product_tag?post=5970"}],"curies":[{"name":"wp","href":"https:\/\/api.w.org\/{rel}","templated":true}]}}