{"id":5968,"date":"2025-09-04T16:39:15","date_gmt":"2025-09-04T16:39:15","guid":{"rendered":"https:\/\/www.finnsalg.no\/shop\/mode-packable-anorak\/"},"modified":"2025-09-04T16:39:15","modified_gmt":"2025-09-04T16:39:15","slug":"mode-packable-anorak","status":"publish","type":"product","link":"https:\/\/www.finnsalg.no\/en\/shop\/mode-packable-anorak\/","title":{"rendered":"Mode Packable Anorak"},"content":{"rendered":"<p><br data-mce-bogus=\"1\"><\/p>\n\n    <div class=\"xs_social_share_widget xs_share_url after_content \t\tmain_content  wslu-style-1 wslu-share-box-shaped wslu-fill-colored wslu-none wslu-share-horizontal wslu-theme-font-no wslu-main_content\">\n\n\t\t\n        <ul>\n\t\t\t        <\/ul>\n    <\/div>","protected":false},"excerpt":{"rendered":"<p><span>En vind- og vanntett 2,5-lags anorakk med god stretch og bevegelighet. Anorakken har 4-veis mekanisk stretch, gode pusteegenskaper og kan pakkes liten. Stor praktisk kengurulomme i front. Vannavvisende frontglidel\u00e5s og justerbar hette. Dette er en skikkelig kul, praktisk og komfortabel anorakk. Den er super til fritidsbruk, til\/fra jobben og en sporty turdag. Oversized i passform.<\/span><\/p>\n<p><span>Materialegenskasper<\/span><br \/><span>Stoffet er i 100% resirkulert polyester<\/span><br \/><span>Vanns\u00f8yle: 10 000 mm.<\/span><br \/><span>Pusting: 10 000 g.<\/span><br \/><span>Dette produktet er behandlet med en PFC-fri impregnering<\/span><\/p>\n<p><span>Andre tekniske egenskaper<\/span><br \/><span>Tapede s\u00f8mmer<\/span><br \/><span>Vannavst\u00f8tende glidel\u00e5ser<\/span><br \/><span>Mekanisk 4-veis stretch<\/span><br \/><span>Fast hette med justering<\/span><br \/><span>Kengurulomme foran<\/span><br \/><span>Sidelommer med glidel\u00e5s<\/span><br \/><span>Strikk nederst p\u00e5 ermene<\/span><br \/><span>Oversized<\/span><\/p>","protected":false},"featured_media":5967,"comment_status":"open","ping_status":"closed","template":"","meta":{"iawp_total_views":0},"finnsalg_campaign":[],"product_brand":[527],"product_cat":[51,68],"product_tag":[528,529],"class_list":{"0":"post-5968","1":"product","2":"type-product","3":"status-publish","4":"has-post-thumbnail","6":"product_brand-twentyfour","7":"product_cat-damer","8":"product_cat-yttertoy","9":"product_tag-anorak","10":"product_tag-regntoy","11":"thunk-woo-product-list","12":"opn-qv-enable","13":"open-woo-hover-","14":"open-single-product-tab-horizontal","15":"open-shadow-","16":"open-shadow-hover-","18":"first","19":"instock","20":"sale","21":"shipping-taxable","22":"purchasable","23":"product-type-simple"},"yoast_head":"<!-- This site is optimized with the Yoast SEO plugin v25.0 - https:\/\/yoast.com\/wordpress\/plugins\/seo\/ -->\n<title>Mode Packable Anorak - FINNSALG<\/title>\n<meta name=\"robots\" content=\"index, follow, max-snippet:-1, max-image-preview:large, max-video-preview:-1\" \/>\n<link rel=\"canonical\" href=\"https:\/\/www.finnsalg.no\/en\/shop\/mode-packable-anorak\/\" \/>\n<meta property=\"og:locale\" content=\"en_US\" \/>\n<meta property=\"og:type\" content=\"article\" \/>\n<meta property=\"og:title\" content=\"Mode Packable Anorak - FINNSALG\" \/>\n<meta property=\"og:description\" content=\"En vind- og vanntett 2,5-lags anorakk med god stretch og bevegelighet. Anorakken har 4-veis mekanisk stretch, gode pusteegenskaper og kan pakkes liten. Stor praktisk kengurulomme i front. Vannavvisende frontglidel\u00e5s og justerbar hette. Dette er en skikkelig kul, praktisk og komfortabel anorakk. Den er super til fritidsbruk, til\/fra jobben og en sporty turdag. Oversized i passform.MaterialegenskasperStoffet er i 100% resirkulert polyesterVanns\u00f8yle: 10 000 mm.Pusting: 10 000 g.Dette produktet er behandlet med en PFC-fri impregneringAndre tekniske egenskaperTapede s\u00f8mmerVannavst\u00f8tende glidel\u00e5serMekanisk 4-veis stretchFast hette med justeringKengurulomme foranSidelommer med glidel\u00e5sStrikk nederst p\u00e5 ermeneOversized\" \/>\n<meta property=\"og:url\" content=\"https:\/\/www.finnsalg.no\/en\/shop\/mode-packable-anorak\/\" \/>\n<meta property=\"og:site_name\" content=\"FINNSALG\" \/>\n<meta property=\"og:image\" content=\"https:\/\/www.finnsalg.no\/wp-content\/uploads\/2025\/09\/jsjjwasj.webp\" \/>\n\t<meta property=\"og:image:width\" content=\"600\" \/>\n\t<meta property=\"og:image:height\" content=\"900\" \/>\n\t<meta property=\"og:image:type\" content=\"image\/png\" \/>\n<meta name=\"twitter:card\" content=\"summary_large_image\" \/>\n<script type=\"application\/ld+json\" class=\"yoast-schema-graph\">{\"@context\":\"https:\/\/schema.org\",\"@graph\":[{\"@type\":\"WebPage\",\"@id\":\"https:\/\/www.finnsalg.no\/shop\/mode-packable-anorak\/\",\"url\":\"https:\/\/www.finnsalg.no\/shop\/mode-packable-anorak\/\",\"name\":\"Mode Packable Anorak - FINNSALG\",\"isPartOf\":{\"@id\":\"https:\/\/www.finnsalg.no\/#website\"},\"primaryImageOfPage\":{\"@id\":\"https:\/\/www.finnsalg.no\/shop\/mode-packable-anorak\/#primaryimage\"},\"image\":{\"@id\":\"https:\/\/www.finnsalg.no\/shop\/mode-packable-anorak\/#primaryimage\"},\"thumbnailUrl\":\"https:\/\/www.finnsalg.no\/wp-content\/uploads\/2025\/09\/jsjjwasj.png\",\"datePublished\":\"2025-09-04T16:39:15+00:00\",\"breadcrumb\":{\"@id\":\"https:\/\/www.finnsalg.no\/shop\/mode-packable-anorak\/#breadcrumb\"},\"inLanguage\":\"en-US\",\"potentialAction\":[{\"@type\":\"ReadAction\",\"target\":[\"https:\/\/www.finnsalg.no\/shop\/mode-packable-anorak\/\"]}]},{\"@type\":\"ImageObject\",\"inLanguage\":\"en-US\",\"@id\":\"https:\/\/www.finnsalg.no\/shop\/mode-packable-anorak\/#primaryimage\",\"url\":\"https:\/\/www.finnsalg.no\/wp-content\/uploads\/2025\/09\/jsjjwasj.png\",\"contentUrl\":\"https:\/\/www.finnsalg.no\/wp-content\/uploads\/2025\/09\/jsjjwasj.png\",\"width\":600,\"height\":900},{\"@type\":\"BreadcrumbList\",\"@id\":\"https:\/\/www.finnsalg.no\/shop\/mode-packable-anorak\/#breadcrumb\",\"itemListElement\":[{\"@type\":\"ListItem\",\"position\":1,\"name\":\"Hjem\",\"item\":\"https:\/\/www.finnsalg.no\/\"},{\"@type\":\"ListItem\",\"position\":2,\"name\":\"Butikker og Salg\",\"item\":\"https:\/\/www.finnsalg.no\/butikker-og-salg\/\"},{\"@type\":\"ListItem\",\"position\":3,\"name\":\"Mode Packable Anorak\"}]},{\"@type\":\"WebSite\",\"@id\":\"https:\/\/www.finnsalg.no\/#website\",\"url\":\"https:\/\/www.finnsalg.no\/\",\"name\":\"FINNSALG\",\"description\":\"Finn de beste salgene p\u00e5 kl\u00e6r, sko, bagger og mye mer fra butikkene i hele Norge\",\"publisher\":{\"@id\":\"https:\/\/www.finnsalg.no\/#organization\"},\"potentialAction\":[{\"@type\":\"SearchAction\",\"target\":{\"@type\":\"EntryPoint\",\"urlTemplate\":\"https:\/\/www.finnsalg.no\/?s={search_term_string}\"},\"query-input\":{\"@type\":\"PropertyValueSpecification\",\"valueRequired\":true,\"valueName\":\"search_term_string\"}}],\"inLanguage\":\"en-US\"},{\"@type\":\"Organization\",\"@id\":\"https:\/\/www.finnsalg.no\/#organization\",\"name\":\"FINNSALG\",\"url\":\"https:\/\/www.finnsalg.no\/\",\"logo\":{\"@type\":\"ImageObject\",\"inLanguage\":\"en-US\",\"@id\":\"https:\/\/www.finnsalg.no\/#\/schema\/logo\/image\/\",\"url\":\"https:\/\/www.finnsalg.no\/wp-content\/uploads\/2025\/09\/cropped-logo_Customer3.jpg\",\"contentUrl\":\"https:\/\/www.finnsalg.no\/wp-content\/uploads\/2025\/09\/cropped-logo_Customer3.jpg\",\"width\":587,\"height\":182,\"caption\":\"FINNSALG\"},\"image\":{\"@id\":\"https:\/\/www.finnsalg.no\/#\/schema\/logo\/image\/\"}}]}<\/script>\n<!-- \/ Yoast SEO plugin. -->","yoast_head_json":{"title":"Mode Packable Anorak - FINNSALG","robots":{"index":"index","follow":"follow","max-snippet":"max-snippet:-1","max-image-preview":"max-image-preview:large","max-video-preview":"max-video-preview:-1"},"canonical":"https:\/\/www.finnsalg.no\/en\/shop\/mode-packable-anorak\/","og_locale":"en_US","og_type":"article","og_title":"Mode Packable Anorak - FINNSALG","og_description":"En vind- og vanntett 2,5-lags anorakk med god stretch og bevegelighet. Anorakken har 4-veis mekanisk stretch, gode pusteegenskaper og kan pakkes liten. Stor praktisk kengurulomme i front. Vannavvisende frontglidel\u00e5s og justerbar hette. Dette er en skikkelig kul, praktisk og komfortabel anorakk. Den er super til fritidsbruk, til\/fra jobben og en sporty turdag. Oversized i passform.MaterialegenskasperStoffet er i 100% resirkulert polyesterVanns\u00f8yle: 10 000 mm.Pusting: 10 000 g.Dette produktet er behandlet med en PFC-fri impregneringAndre tekniske egenskaperTapede s\u00f8mmerVannavst\u00f8tende glidel\u00e5serMekanisk 4-veis stretchFast hette med justeringKengurulomme foranSidelommer med glidel\u00e5sStrikk nederst p\u00e5 ermeneOversized","og_url":"https:\/\/www.finnsalg.no\/en\/shop\/mode-packable-anorak\/","og_site_name":"FINNSALG","og_image":[{"width":600,"height":900,"url":"https:\/\/www.finnsalg.no\/wp-content\/uploads\/2025\/09\/jsjjwasj.webp","type":"image\/png"}],"twitter_card":"summary_large_image","schema":{"@context":"https:\/\/schema.org","@graph":[{"@type":"WebPage","@id":"https:\/\/www.finnsalg.no\/shop\/mode-packable-anorak\/","url":"https:\/\/www.finnsalg.no\/shop\/mode-packable-anorak\/","name":"Mode Packable Anorak - FINNSALG","isPartOf":{"@id":"https:\/\/www.finnsalg.no\/#website"},"primaryImageOfPage":{"@id":"https:\/\/www.finnsalg.no\/shop\/mode-packable-anorak\/#primaryimage"},"image":{"@id":"https:\/\/www.finnsalg.no\/shop\/mode-packable-anorak\/#primaryimage"},"thumbnailUrl":"https:\/\/www.finnsalg.no\/wp-content\/uploads\/2025\/09\/jsjjwasj.png","datePublished":"2025-09-04T16:39:15+00:00","breadcrumb":{"@id":"https:\/\/www.finnsalg.no\/shop\/mode-packable-anorak\/#breadcrumb"},"inLanguage":"en-US","potentialAction":[{"@type":"ReadAction","target":["https:\/\/www.finnsalg.no\/shop\/mode-packable-anorak\/"]}]},{"@type":"ImageObject","inLanguage":"en-US","@id":"https:\/\/www.finnsalg.no\/shop\/mode-packable-anorak\/#primaryimage","url":"https:\/\/www.finnsalg.no\/wp-content\/uploads\/2025\/09\/jsjjwasj.png","contentUrl":"https:\/\/www.finnsalg.no\/wp-content\/uploads\/2025\/09\/jsjjwasj.png","width":600,"height":900},{"@type":"BreadcrumbList","@id":"https:\/\/www.finnsalg.no\/shop\/mode-packable-anorak\/#breadcrumb","itemListElement":[{"@type":"ListItem","position":1,"name":"Hjem","item":"https:\/\/www.finnsalg.no\/"},{"@type":"ListItem","position":2,"name":"Butikker og Salg","item":"https:\/\/www.finnsalg.no\/butikker-og-salg\/"},{"@type":"ListItem","position":3,"name":"Mode Packable Anorak"}]},{"@type":"WebSite","@id":"https:\/\/www.finnsalg.no\/#website","url":"https:\/\/www.finnsalg.no\/","name":"FINNSALG","description":"Finn de beste salgene p\u00e5 kl\u00e6r, sko, bagger og mye mer fra butikkene i hele Norge","publisher":{"@id":"https:\/\/www.finnsalg.no\/#organization"},"potentialAction":[{"@type":"SearchAction","target":{"@type":"EntryPoint","urlTemplate":"https:\/\/www.finnsalg.no\/?s={search_term_string}"},"query-input":{"@type":"PropertyValueSpecification","valueRequired":true,"valueName":"search_term_string"}}],"inLanguage":"en-US"},{"@type":"Organization","@id":"https:\/\/www.finnsalg.no\/#organization","name":"FINNSALG","url":"https:\/\/www.finnsalg.no\/","logo":{"@type":"ImageObject","inLanguage":"en-US","@id":"https:\/\/www.finnsalg.no\/#\/schema\/logo\/image\/","url":"https:\/\/www.finnsalg.no\/wp-content\/uploads\/2025\/09\/cropped-logo_Customer3.jpg","contentUrl":"https:\/\/www.finnsalg.no\/wp-content\/uploads\/2025\/09\/cropped-logo_Customer3.jpg","width":587,"height":182,"caption":"FINNSALG"},"image":{"@id":"https:\/\/www.finnsalg.no\/#\/schema\/logo\/image\/"}}]}},"jetpack_sharing_enabled":true,"_links":{"self":[{"href":"https:\/\/www.finnsalg.no\/en\/wp-json\/wp\/v2\/product\/5968","targetHints":{"allow":["GET"]}}],"collection":[{"href":"https:\/\/www.finnsalg.no\/en\/wp-json\/wp\/v2\/product"}],"about":[{"href":"https:\/\/www.finnsalg.no\/en\/wp-json\/wp\/v2\/types\/product"}],"replies":[{"embeddable":true,"href":"https:\/\/www.finnsalg.no\/en\/wp-json\/wp\/v2\/comments?post=5968"}],"wp:featuredmedia":[{"embeddable":true,"href":"https:\/\/www.finnsalg.no\/en\/wp-json\/wp\/v2\/media\/5967"}],"wp:attachment":[{"href":"https:\/\/www.finnsalg.no\/en\/wp-json\/wp\/v2\/media?parent=5968"}],"wp:term":[{"taxonomy":"finnsalg_campaign","embeddable":true,"href":"https:\/\/www.finnsalg.no\/en\/wp-json\/wp\/v2\/finnsalg_campaign?post=5968"},{"taxonomy":"product_brand","embeddable":true,"href":"https:\/\/www.finnsalg.no\/en\/wp-json\/wp\/v2\/product_brand?post=5968"},{"taxonomy":"product_cat","embeddable":true,"href":"https:\/\/www.finnsalg.no\/en\/wp-json\/wp\/v2\/product_cat?post=5968"},{"taxonomy":"product_tag","embeddable":true,"href":"https:\/\/www.finnsalg.no\/en\/wp-json\/wp\/v2\/product_tag?post=5968"}],"curies":[{"name":"wp","href":"https:\/\/api.w.org\/{rel}","templated":true}]}}