{"id":5950,"date":"2025-09-04T15:59:33","date_gmt":"2025-09-04T15:59:33","guid":{"rendered":"https:\/\/www.finnsalg.no\/shop\/gullkorn-basal-baby-shorts\/"},"modified":"2025-09-04T15:59:33","modified_gmt":"2025-09-04T15:59:33","slug":"gullkorn-basal-baby-shorts","status":"publish","type":"product","link":"https:\/\/www.finnsalg.no\/en\/shop\/gullkorn-basal-baby-shorts\/","title":{"rendered":"Gullkorn Basal Baby Shorts"},"content":{"rendered":"<p><br data-mce-bogus=\"1\"><\/p>\n\n    <div class=\"xs_social_share_widget xs_share_url after_content \t\tmain_content  wslu-style-1 wslu-share-box-shaped wslu-fill-colored wslu-none wslu-share-horizontal wslu-theme-font-no wslu-main_content\">\n\n\t\t\n        <ul>\n\t\t\t        <\/ul>\n    <\/div>","protected":false},"excerpt":{"rendered":"<p><span>Myk babyshorts i vaffel-materiale<\/span><br \/><span>En komfortabel babybukse laget i mykt vaffelmateriale. Den har korte ben og justerbare seler som gir en fleksibel passform. Stoffet er svalt, behagelig og har god stretch, slik at barnet kan bevege seg fritt gjennom dagen.<\/span><\/p>\n<p><span>Buksen holder seg fin vask etter vask og er laget for \u00e5 vare, perfekt for \u00e5 g\u00e5 i arv mellom s\u00f8sken. Den lille sidelommen gir en sjarmerende detalj. Ideell for varme dager, enten alene eller stylet med en lett body eller t-skjorte.<\/span><\/p>","protected":false},"featured_media":5949,"comment_status":"open","ping_status":"closed","template":"","meta":{"iawp_total_views":0},"finnsalg_campaign":[],"product_brand":[516],"product_cat":[91,96,93],"product_tag":[520,519],"class_list":{"0":"post-5950","1":"product","2":"type-product","3":"status-publish","4":"has-post-thumbnail","6":"product_brand-gullkorn-design","7":"product_cat-barneprodukter","8":"product_cat-bukser-gutter","9":"product_cat-gutter","10":"product_tag-kjeledresser","11":"product_tag-overrall-for-baby","12":"thunk-woo-product-list","13":"opn-qv-enable","14":"open-woo-hover-","15":"open-single-product-tab-horizontal","16":"open-shadow-","17":"open-shadow-hover-","19":"first","20":"instock","21":"sale","22":"shipping-taxable","23":"purchasable","24":"product-type-simple"},"yoast_head":"<!-- This site is optimized with the Yoast SEO plugin v25.0 - https:\/\/yoast.com\/wordpress\/plugins\/seo\/ -->\n<title>Gullkorn Basal Baby Shorts - FINNSALG<\/title>\n<meta name=\"robots\" content=\"index, follow, max-snippet:-1, max-image-preview:large, max-video-preview:-1\" \/>\n<link rel=\"canonical\" href=\"https:\/\/www.finnsalg.no\/en\/shop\/gullkorn-basal-baby-shorts\/\" \/>\n<meta property=\"og:locale\" content=\"en_US\" \/>\n<meta property=\"og:type\" content=\"article\" \/>\n<meta property=\"og:title\" content=\"Gullkorn Basal Baby Shorts - FINNSALG\" \/>\n<meta property=\"og:description\" content=\"Myk babyshorts i vaffel-materialeEn komfortabel babybukse laget i mykt vaffelmateriale. Den har korte ben og justerbare seler som gir en fleksibel passform. Stoffet er svalt, behagelig og har god stretch, slik at barnet kan bevege seg fritt gjennom dagen.Buksen holder seg fin vask etter vask og er laget for \u00e5 vare, perfekt for \u00e5 g\u00e5 i arv mellom s\u00f8sken. Den lille sidelommen gir en sjarmerende detalj. Ideell for varme dager, enten alene eller stylet med en lett body eller t-skjorte.\" \/>\n<meta property=\"og:url\" content=\"https:\/\/www.finnsalg.no\/en\/shop\/gullkorn-basal-baby-shorts\/\" \/>\n<meta property=\"og:site_name\" content=\"FINNSALG\" \/>\n<meta property=\"og:image\" content=\"https:\/\/www.finnsalg.no\/wp-content\/uploads\/2025\/09\/u_gk-12656-graagronn_250101_ls_1.webp\" \/>\n\t<meta property=\"og:image:width\" content=\"600\" \/>\n\t<meta property=\"og:image:height\" content=\"900\" \/>\n\t<meta property=\"og:image:type\" content=\"image\/jpeg\" \/>\n<meta name=\"twitter:card\" content=\"summary_large_image\" \/>\n<script type=\"application\/ld+json\" class=\"yoast-schema-graph\">{\"@context\":\"https:\/\/schema.org\",\"@graph\":[{\"@type\":\"WebPage\",\"@id\":\"https:\/\/www.finnsalg.no\/shop\/gullkorn-basal-baby-shorts\/\",\"url\":\"https:\/\/www.finnsalg.no\/shop\/gullkorn-basal-baby-shorts\/\",\"name\":\"Gullkorn Basal Baby Shorts - FINNSALG\",\"isPartOf\":{\"@id\":\"https:\/\/www.finnsalg.no\/#website\"},\"primaryImageOfPage\":{\"@id\":\"https:\/\/www.finnsalg.no\/shop\/gullkorn-basal-baby-shorts\/#primaryimage\"},\"image\":{\"@id\":\"https:\/\/www.finnsalg.no\/shop\/gullkorn-basal-baby-shorts\/#primaryimage\"},\"thumbnailUrl\":\"https:\/\/www.finnsalg.no\/wp-content\/uploads\/2025\/09\/u_gk-12656-graagronn_250101_ls_1.jpg\",\"datePublished\":\"2025-09-04T15:59:33+00:00\",\"breadcrumb\":{\"@id\":\"https:\/\/www.finnsalg.no\/shop\/gullkorn-basal-baby-shorts\/#breadcrumb\"},\"inLanguage\":\"en-US\",\"potentialAction\":[{\"@type\":\"ReadAction\",\"target\":[\"https:\/\/www.finnsalg.no\/shop\/gullkorn-basal-baby-shorts\/\"]}]},{\"@type\":\"ImageObject\",\"inLanguage\":\"en-US\",\"@id\":\"https:\/\/www.finnsalg.no\/shop\/gullkorn-basal-baby-shorts\/#primaryimage\",\"url\":\"https:\/\/www.finnsalg.no\/wp-content\/uploads\/2025\/09\/u_gk-12656-graagronn_250101_ls_1.jpg\",\"contentUrl\":\"https:\/\/www.finnsalg.no\/wp-content\/uploads\/2025\/09\/u_gk-12656-graagronn_250101_ls_1.jpg\",\"width\":600,\"height\":900},{\"@type\":\"BreadcrumbList\",\"@id\":\"https:\/\/www.finnsalg.no\/shop\/gullkorn-basal-baby-shorts\/#breadcrumb\",\"itemListElement\":[{\"@type\":\"ListItem\",\"position\":1,\"name\":\"Hjem\",\"item\":\"https:\/\/www.finnsalg.no\/\"},{\"@type\":\"ListItem\",\"position\":2,\"name\":\"Butikker og Salg\",\"item\":\"https:\/\/www.finnsalg.no\/butikker-og-salg\/\"},{\"@type\":\"ListItem\",\"position\":3,\"name\":\"Gullkorn Basal Baby Shorts\"}]},{\"@type\":\"WebSite\",\"@id\":\"https:\/\/www.finnsalg.no\/#website\",\"url\":\"https:\/\/www.finnsalg.no\/\",\"name\":\"FINNSALG\",\"description\":\"Finn de beste salgene p\u00e5 kl\u00e6r, sko, bagger og mye mer fra butikkene i hele Norge\",\"publisher\":{\"@id\":\"https:\/\/www.finnsalg.no\/#organization\"},\"potentialAction\":[{\"@type\":\"SearchAction\",\"target\":{\"@type\":\"EntryPoint\",\"urlTemplate\":\"https:\/\/www.finnsalg.no\/?s={search_term_string}\"},\"query-input\":{\"@type\":\"PropertyValueSpecification\",\"valueRequired\":true,\"valueName\":\"search_term_string\"}}],\"inLanguage\":\"en-US\"},{\"@type\":\"Organization\",\"@id\":\"https:\/\/www.finnsalg.no\/#organization\",\"name\":\"FINNSALG\",\"url\":\"https:\/\/www.finnsalg.no\/\",\"logo\":{\"@type\":\"ImageObject\",\"inLanguage\":\"en-US\",\"@id\":\"https:\/\/www.finnsalg.no\/#\/schema\/logo\/image\/\",\"url\":\"https:\/\/www.finnsalg.no\/wp-content\/uploads\/2025\/09\/cropped-logo_Customer3.jpg\",\"contentUrl\":\"https:\/\/www.finnsalg.no\/wp-content\/uploads\/2025\/09\/cropped-logo_Customer3.jpg\",\"width\":587,\"height\":182,\"caption\":\"FINNSALG\"},\"image\":{\"@id\":\"https:\/\/www.finnsalg.no\/#\/schema\/logo\/image\/\"}}]}<\/script>\n<!-- \/ Yoast SEO plugin. -->","yoast_head_json":{"title":"Gullkorn Basal Baby Shorts - FINNSALG","robots":{"index":"index","follow":"follow","max-snippet":"max-snippet:-1","max-image-preview":"max-image-preview:large","max-video-preview":"max-video-preview:-1"},"canonical":"https:\/\/www.finnsalg.no\/en\/shop\/gullkorn-basal-baby-shorts\/","og_locale":"en_US","og_type":"article","og_title":"Gullkorn Basal Baby Shorts - FINNSALG","og_description":"Myk babyshorts i vaffel-materialeEn komfortabel babybukse laget i mykt vaffelmateriale. Den har korte ben og justerbare seler som gir en fleksibel passform. Stoffet er svalt, behagelig og har god stretch, slik at barnet kan bevege seg fritt gjennom dagen.Buksen holder seg fin vask etter vask og er laget for \u00e5 vare, perfekt for \u00e5 g\u00e5 i arv mellom s\u00f8sken. Den lille sidelommen gir en sjarmerende detalj. Ideell for varme dager, enten alene eller stylet med en lett body eller t-skjorte.","og_url":"https:\/\/www.finnsalg.no\/en\/shop\/gullkorn-basal-baby-shorts\/","og_site_name":"FINNSALG","og_image":[{"width":600,"height":900,"url":"https:\/\/www.finnsalg.no\/wp-content\/uploads\/2025\/09\/u_gk-12656-graagronn_250101_ls_1.webp","type":"image\/jpeg"}],"twitter_card":"summary_large_image","schema":{"@context":"https:\/\/schema.org","@graph":[{"@type":"WebPage","@id":"https:\/\/www.finnsalg.no\/shop\/gullkorn-basal-baby-shorts\/","url":"https:\/\/www.finnsalg.no\/shop\/gullkorn-basal-baby-shorts\/","name":"Gullkorn Basal Baby Shorts - FINNSALG","isPartOf":{"@id":"https:\/\/www.finnsalg.no\/#website"},"primaryImageOfPage":{"@id":"https:\/\/www.finnsalg.no\/shop\/gullkorn-basal-baby-shorts\/#primaryimage"},"image":{"@id":"https:\/\/www.finnsalg.no\/shop\/gullkorn-basal-baby-shorts\/#primaryimage"},"thumbnailUrl":"https:\/\/www.finnsalg.no\/wp-content\/uploads\/2025\/09\/u_gk-12656-graagronn_250101_ls_1.jpg","datePublished":"2025-09-04T15:59:33+00:00","breadcrumb":{"@id":"https:\/\/www.finnsalg.no\/shop\/gullkorn-basal-baby-shorts\/#breadcrumb"},"inLanguage":"en-US","potentialAction":[{"@type":"ReadAction","target":["https:\/\/www.finnsalg.no\/shop\/gullkorn-basal-baby-shorts\/"]}]},{"@type":"ImageObject","inLanguage":"en-US","@id":"https:\/\/www.finnsalg.no\/shop\/gullkorn-basal-baby-shorts\/#primaryimage","url":"https:\/\/www.finnsalg.no\/wp-content\/uploads\/2025\/09\/u_gk-12656-graagronn_250101_ls_1.jpg","contentUrl":"https:\/\/www.finnsalg.no\/wp-content\/uploads\/2025\/09\/u_gk-12656-graagronn_250101_ls_1.jpg","width":600,"height":900},{"@type":"BreadcrumbList","@id":"https:\/\/www.finnsalg.no\/shop\/gullkorn-basal-baby-shorts\/#breadcrumb","itemListElement":[{"@type":"ListItem","position":1,"name":"Hjem","item":"https:\/\/www.finnsalg.no\/"},{"@type":"ListItem","position":2,"name":"Butikker og Salg","item":"https:\/\/www.finnsalg.no\/butikker-og-salg\/"},{"@type":"ListItem","position":3,"name":"Gullkorn Basal Baby Shorts"}]},{"@type":"WebSite","@id":"https:\/\/www.finnsalg.no\/#website","url":"https:\/\/www.finnsalg.no\/","name":"FINNSALG","description":"Finn de beste salgene p\u00e5 kl\u00e6r, sko, bagger og mye mer fra butikkene i hele Norge","publisher":{"@id":"https:\/\/www.finnsalg.no\/#organization"},"potentialAction":[{"@type":"SearchAction","target":{"@type":"EntryPoint","urlTemplate":"https:\/\/www.finnsalg.no\/?s={search_term_string}"},"query-input":{"@type":"PropertyValueSpecification","valueRequired":true,"valueName":"search_term_string"}}],"inLanguage":"en-US"},{"@type":"Organization","@id":"https:\/\/www.finnsalg.no\/#organization","name":"FINNSALG","url":"https:\/\/www.finnsalg.no\/","logo":{"@type":"ImageObject","inLanguage":"en-US","@id":"https:\/\/www.finnsalg.no\/#\/schema\/logo\/image\/","url":"https:\/\/www.finnsalg.no\/wp-content\/uploads\/2025\/09\/cropped-logo_Customer3.jpg","contentUrl":"https:\/\/www.finnsalg.no\/wp-content\/uploads\/2025\/09\/cropped-logo_Customer3.jpg","width":587,"height":182,"caption":"FINNSALG"},"image":{"@id":"https:\/\/www.finnsalg.no\/#\/schema\/logo\/image\/"}}]}},"jetpack_sharing_enabled":true,"_links":{"self":[{"href":"https:\/\/www.finnsalg.no\/en\/wp-json\/wp\/v2\/product\/5950","targetHints":{"allow":["GET"]}}],"collection":[{"href":"https:\/\/www.finnsalg.no\/en\/wp-json\/wp\/v2\/product"}],"about":[{"href":"https:\/\/www.finnsalg.no\/en\/wp-json\/wp\/v2\/types\/product"}],"replies":[{"embeddable":true,"href":"https:\/\/www.finnsalg.no\/en\/wp-json\/wp\/v2\/comments?post=5950"}],"wp:featuredmedia":[{"embeddable":true,"href":"https:\/\/www.finnsalg.no\/en\/wp-json\/wp\/v2\/media\/5949"}],"wp:attachment":[{"href":"https:\/\/www.finnsalg.no\/en\/wp-json\/wp\/v2\/media?parent=5950"}],"wp:term":[{"taxonomy":"finnsalg_campaign","embeddable":true,"href":"https:\/\/www.finnsalg.no\/en\/wp-json\/wp\/v2\/finnsalg_campaign?post=5950"},{"taxonomy":"product_brand","embeddable":true,"href":"https:\/\/www.finnsalg.no\/en\/wp-json\/wp\/v2\/product_brand?post=5950"},{"taxonomy":"product_cat","embeddable":true,"href":"https:\/\/www.finnsalg.no\/en\/wp-json\/wp\/v2\/product_cat?post=5950"},{"taxonomy":"product_tag","embeddable":true,"href":"https:\/\/www.finnsalg.no\/en\/wp-json\/wp\/v2\/product_tag?post=5950"}],"curies":[{"name":"wp","href":"https:\/\/api.w.org\/{rel}","templated":true}]}}