{"id":5841,"date":"2025-09-04T09:04:02","date_gmt":"2025-09-04T09:04:02","guid":{"rendered":"https:\/\/www.finnsalg.no\/shop\/billy-t-skjorte-i-gra-melange-hvitt-og-svart\/"},"modified":"2025-09-04T09:04:03","modified_gmt":"2025-09-04T09:04:03","slug":"billy-t-skjorte-i-gra-melange-hvitt-og-svart","status":"publish","type":"product","link":"https:\/\/www.finnsalg.no\/en\/shop\/billy-t-skjorte-i-gra-melange-hvitt-og-svart\/","title":{"rendered":"BILLY T-SKJORTE I GR\u00c5 MELANGE &#8211; HVITT OG SVART"},"content":{"rendered":"<p><br data-mce-bogus=\"1\"><\/p>\n\n    <div class=\"xs_social_share_widget xs_share_url after_content \t\tmain_content  wslu-style-1 wslu-share-box-shaped wslu-fill-colored wslu-none wslu-share-horizontal wslu-theme-font-no wslu-main_content\">\n\n\t\t\n        <ul>\n\t\t\t        <\/ul>\n    <\/div>","protected":false},"excerpt":{"rendered":"<h2>Beskrivelse<\/h2>\n<div class=\"description-content is-expanded\" style=\"margin: 0px;padding: 0px;position: relative;overflow: hidden;max-height: none;font-family: Jost, sans-serif;font-size: 14px\">\n<div class=\"description-text\" style=\"margin: 0px;padding: 0px 0px 2rem\">\n<p style=\"margin: 10px 0px;padding: 0px;line-height: 28px !important\"><strong style=\"margin: 0px;padding: 0px\">Gj\u00f8r et stilfullt inntrykk med Billy T-skjorten fra H\u00c9ST i Grey Melange.<\/strong><\/p>\n<p style=\"margin: 10px 0px;padding: 0px;line-height: 28px !important\">Denne T-skjorten gir en perfekt kombinasjon av moderne estetikk og absolutt komfort. Med sin overdimensjonerte passform og i\u00f8ynefallende H-detalj, er den et must-have i enhver uformell garderobe. La deg imponere av den unike balansen mellom stil og funksjonalitet denne T-skjorten tilbyr.<\/p>\n<ul style=\"margin: 12px 0px;padding: 0px 0px 0px 36px;display: inline-block\">\n<li style=\"margin: 0px;padding: 0px\">Grey Melange farge som passer til ulike stiler<\/li>\n<li style=\"margin: 0px;padding: 0px\">Produsert i robust 220 g\/m\u00b2 single jersey-stoff<\/li>\n<li style=\"margin: 0px;padding: 0px\">Stort og markant H-trykk som dominerer designet som er godt kjent fra H\u00c9ST<\/li>\n<li style=\"margin: 0px;padding: 0px\">Oversized passform for optimal komfort<\/li>\n<li style=\"margin: 0px;padding: 0px\">Ideal for b\u00e5de hverdagslig og uformell bruk<\/li>\n<\/ul>\n<\/div>\n<\/div>","protected":false},"featured_media":5839,"comment_status":"open","ping_status":"closed","template":"","meta":{"iawp_total_views":0},"finnsalg_campaign":[],"product_brand":[473],"product_cat":[74,286],"product_tag":[474],"class_list":{"0":"post-5841","1":"product","2":"type-product","3":"status-publish","4":"has-post-thumbnail","6":"product_brand-hest","7":"product_cat-menn","8":"product_cat-t-skjorter-menn","9":"product_tag-billy-t-skjorter","10":"thunk-woo-product-list","11":"opn-qv-enable","12":"open-woo-hover-","13":"open-single-product-tab-horizontal","14":"open-shadow-","15":"open-shadow-hover-","17":"first","18":"instock","19":"sale","20":"shipping-taxable","21":"purchasable","22":"product-type-simple"},"yoast_head":"<!-- This site is optimized with the Yoast SEO plugin v25.0 - https:\/\/yoast.com\/wordpress\/plugins\/seo\/ -->\n<title>BILLY T-SKJORTE I GR\u00c5 MELANGE - HVITT OG SVART - FINNSALG<\/title>\n<meta name=\"robots\" content=\"index, follow, max-snippet:-1, max-image-preview:large, max-video-preview:-1\" \/>\n<link rel=\"canonical\" href=\"https:\/\/www.finnsalg.no\/en\/shop\/billy-t-skjorte-i-gra-melange-hvitt-og-svart\/\" \/>\n<meta property=\"og:locale\" content=\"en_US\" \/>\n<meta property=\"og:type\" content=\"article\" \/>\n<meta property=\"og:title\" content=\"BILLY T-SKJORTE I GR\u00c5 MELANGE - HVITT OG SVART - FINNSALG\" \/>\n<meta property=\"og:description\" content=\"BeskrivelseGj\u00f8r et stilfullt inntrykk med Billy T-skjorten fra H\u00c9ST i Grey Melange.Denne T-skjorten gir en perfekt kombinasjon av moderne estetikk og absolutt komfort. Med sin overdimensjonerte passform og i\u00f8ynefallende H-detalj, er den et must-have i enhver uformell garderobe. La deg imponere av den unike balansen mellom stil og funksjonalitet denne T-skjorten tilbyr.Grey Melange farge som passer til ulike stilerProdusert i robust 220 g\/m\u00b2 single jersey-stoffStort og markant H-trykk som dominerer designet som er godt kjent fra H\u00c9STOversized passform for optimal komfortIdeal for b\u00e5de hverdagslig og uformell bruk\" \/>\n<meta property=\"og:url\" content=\"https:\/\/www.finnsalg.no\/en\/shop\/billy-t-skjorte-i-gra-melange-hvitt-og-svart\/\" \/>\n<meta property=\"og:site_name\" content=\"FINNSALG\" \/>\n<meta property=\"article:modified_time\" content=\"2025-09-04T09:04:03+00:00\" \/>\n<meta property=\"og:image\" content=\"https:\/\/www.finnsalg.no\/wp-content\/uploads\/2025\/09\/10036287_billy-t-skjorte-i-gra-melange-hvitt-og-svart.webp\" \/>\n\t<meta property=\"og:image:width\" content=\"1024\" \/>\n\t<meta property=\"og:image:height\" content=\"1024\" \/>\n\t<meta property=\"og:image:type\" content=\"image\/jpeg\" \/>\n<meta name=\"twitter:card\" content=\"summary_large_image\" \/>\n<script type=\"application\/ld+json\" class=\"yoast-schema-graph\">{\"@context\":\"https:\/\/schema.org\",\"@graph\":[{\"@type\":\"WebPage\",\"@id\":\"https:\/\/www.finnsalg.no\/shop\/billy-t-skjorte-i-gra-melange-hvitt-og-svart\/\",\"url\":\"https:\/\/www.finnsalg.no\/shop\/billy-t-skjorte-i-gra-melange-hvitt-og-svart\/\",\"name\":\"BILLY T-SKJORTE I GR\u00c5 MELANGE - HVITT OG SVART - FINNSALG\",\"isPartOf\":{\"@id\":\"https:\/\/www.finnsalg.no\/#website\"},\"primaryImageOfPage\":{\"@id\":\"https:\/\/www.finnsalg.no\/shop\/billy-t-skjorte-i-gra-melange-hvitt-og-svart\/#primaryimage\"},\"image\":{\"@id\":\"https:\/\/www.finnsalg.no\/shop\/billy-t-skjorte-i-gra-melange-hvitt-og-svart\/#primaryimage\"},\"thumbnailUrl\":\"https:\/\/www.finnsalg.no\/wp-content\/uploads\/2025\/09\/10036287_billy-t-skjorte-i-gra-melange-hvitt-og-svart.jpeg\",\"datePublished\":\"2025-09-04T09:04:02+00:00\",\"dateModified\":\"2025-09-04T09:04:03+00:00\",\"breadcrumb\":{\"@id\":\"https:\/\/www.finnsalg.no\/shop\/billy-t-skjorte-i-gra-melange-hvitt-og-svart\/#breadcrumb\"},\"inLanguage\":\"en-US\",\"potentialAction\":[{\"@type\":\"ReadAction\",\"target\":[\"https:\/\/www.finnsalg.no\/shop\/billy-t-skjorte-i-gra-melange-hvitt-og-svart\/\"]}]},{\"@type\":\"ImageObject\",\"inLanguage\":\"en-US\",\"@id\":\"https:\/\/www.finnsalg.no\/shop\/billy-t-skjorte-i-gra-melange-hvitt-og-svart\/#primaryimage\",\"url\":\"https:\/\/www.finnsalg.no\/wp-content\/uploads\/2025\/09\/10036287_billy-t-skjorte-i-gra-melange-hvitt-og-svart.jpeg\",\"contentUrl\":\"https:\/\/www.finnsalg.no\/wp-content\/uploads\/2025\/09\/10036287_billy-t-skjorte-i-gra-melange-hvitt-og-svart.jpeg\",\"width\":1024,\"height\":1024},{\"@type\":\"BreadcrumbList\",\"@id\":\"https:\/\/www.finnsalg.no\/shop\/billy-t-skjorte-i-gra-melange-hvitt-og-svart\/#breadcrumb\",\"itemListElement\":[{\"@type\":\"ListItem\",\"position\":1,\"name\":\"Hjem\",\"item\":\"https:\/\/www.finnsalg.no\/\"},{\"@type\":\"ListItem\",\"position\":2,\"name\":\"Butikker og Salg\",\"item\":\"https:\/\/www.finnsalg.no\/butikker-og-salg\/\"},{\"@type\":\"ListItem\",\"position\":3,\"name\":\"BILLY T-SKJORTE I GR\u00c5 MELANGE &#8211; HVITT OG SVART\"}]},{\"@type\":\"WebSite\",\"@id\":\"https:\/\/www.finnsalg.no\/#website\",\"url\":\"https:\/\/www.finnsalg.no\/\",\"name\":\"FINNSALG\",\"description\":\"Finn de beste salgene p\u00e5 kl\u00e6r, sko, bagger og mye mer fra butikkene i hele Norge\",\"publisher\":{\"@id\":\"https:\/\/www.finnsalg.no\/#organization\"},\"potentialAction\":[{\"@type\":\"SearchAction\",\"target\":{\"@type\":\"EntryPoint\",\"urlTemplate\":\"https:\/\/www.finnsalg.no\/?s={search_term_string}\"},\"query-input\":{\"@type\":\"PropertyValueSpecification\",\"valueRequired\":true,\"valueName\":\"search_term_string\"}}],\"inLanguage\":\"en-US\"},{\"@type\":\"Organization\",\"@id\":\"https:\/\/www.finnsalg.no\/#organization\",\"name\":\"FINNSALG\",\"url\":\"https:\/\/www.finnsalg.no\/\",\"logo\":{\"@type\":\"ImageObject\",\"inLanguage\":\"en-US\",\"@id\":\"https:\/\/www.finnsalg.no\/#\/schema\/logo\/image\/\",\"url\":\"https:\/\/www.finnsalg.no\/wp-content\/uploads\/2025\/09\/cropped-logo_Customer3.jpg\",\"contentUrl\":\"https:\/\/www.finnsalg.no\/wp-content\/uploads\/2025\/09\/cropped-logo_Customer3.jpg\",\"width\":587,\"height\":182,\"caption\":\"FINNSALG\"},\"image\":{\"@id\":\"https:\/\/www.finnsalg.no\/#\/schema\/logo\/image\/\"}}]}<\/script>\n<!-- \/ Yoast SEO plugin. -->","yoast_head_json":{"title":"BILLY T-SKJORTE I GR\u00c5 MELANGE - HVITT OG SVART - FINNSALG","robots":{"index":"index","follow":"follow","max-snippet":"max-snippet:-1","max-image-preview":"max-image-preview:large","max-video-preview":"max-video-preview:-1"},"canonical":"https:\/\/www.finnsalg.no\/en\/shop\/billy-t-skjorte-i-gra-melange-hvitt-og-svart\/","og_locale":"en_US","og_type":"article","og_title":"BILLY T-SKJORTE I GR\u00c5 MELANGE - HVITT OG SVART - FINNSALG","og_description":"BeskrivelseGj\u00f8r et stilfullt inntrykk med Billy T-skjorten fra H\u00c9ST i Grey Melange.Denne T-skjorten gir en perfekt kombinasjon av moderne estetikk og absolutt komfort. Med sin overdimensjonerte passform og i\u00f8ynefallende H-detalj, er den et must-have i enhver uformell garderobe. La deg imponere av den unike balansen mellom stil og funksjonalitet denne T-skjorten tilbyr.Grey Melange farge som passer til ulike stilerProdusert i robust 220 g\/m\u00b2 single jersey-stoffStort og markant H-trykk som dominerer designet som er godt kjent fra H\u00c9STOversized passform for optimal komfortIdeal for b\u00e5de hverdagslig og uformell bruk","og_url":"https:\/\/www.finnsalg.no\/en\/shop\/billy-t-skjorte-i-gra-melange-hvitt-og-svart\/","og_site_name":"FINNSALG","article_modified_time":"2025-09-04T09:04:03+00:00","og_image":[{"width":1024,"height":1024,"url":"https:\/\/www.finnsalg.no\/wp-content\/uploads\/2025\/09\/10036287_billy-t-skjorte-i-gra-melange-hvitt-og-svart.webp","type":"image\/jpeg"}],"twitter_card":"summary_large_image","schema":{"@context":"https:\/\/schema.org","@graph":[{"@type":"WebPage","@id":"https:\/\/www.finnsalg.no\/shop\/billy-t-skjorte-i-gra-melange-hvitt-og-svart\/","url":"https:\/\/www.finnsalg.no\/shop\/billy-t-skjorte-i-gra-melange-hvitt-og-svart\/","name":"BILLY T-SKJORTE I GR\u00c5 MELANGE - HVITT OG SVART - FINNSALG","isPartOf":{"@id":"https:\/\/www.finnsalg.no\/#website"},"primaryImageOfPage":{"@id":"https:\/\/www.finnsalg.no\/shop\/billy-t-skjorte-i-gra-melange-hvitt-og-svart\/#primaryimage"},"image":{"@id":"https:\/\/www.finnsalg.no\/shop\/billy-t-skjorte-i-gra-melange-hvitt-og-svart\/#primaryimage"},"thumbnailUrl":"https:\/\/www.finnsalg.no\/wp-content\/uploads\/2025\/09\/10036287_billy-t-skjorte-i-gra-melange-hvitt-og-svart.jpeg","datePublished":"2025-09-04T09:04:02+00:00","dateModified":"2025-09-04T09:04:03+00:00","breadcrumb":{"@id":"https:\/\/www.finnsalg.no\/shop\/billy-t-skjorte-i-gra-melange-hvitt-og-svart\/#breadcrumb"},"inLanguage":"en-US","potentialAction":[{"@type":"ReadAction","target":["https:\/\/www.finnsalg.no\/shop\/billy-t-skjorte-i-gra-melange-hvitt-og-svart\/"]}]},{"@type":"ImageObject","inLanguage":"en-US","@id":"https:\/\/www.finnsalg.no\/shop\/billy-t-skjorte-i-gra-melange-hvitt-og-svart\/#primaryimage","url":"https:\/\/www.finnsalg.no\/wp-content\/uploads\/2025\/09\/10036287_billy-t-skjorte-i-gra-melange-hvitt-og-svart.jpeg","contentUrl":"https:\/\/www.finnsalg.no\/wp-content\/uploads\/2025\/09\/10036287_billy-t-skjorte-i-gra-melange-hvitt-og-svart.jpeg","width":1024,"height":1024},{"@type":"BreadcrumbList","@id":"https:\/\/www.finnsalg.no\/shop\/billy-t-skjorte-i-gra-melange-hvitt-og-svart\/#breadcrumb","itemListElement":[{"@type":"ListItem","position":1,"name":"Hjem","item":"https:\/\/www.finnsalg.no\/"},{"@type":"ListItem","position":2,"name":"Butikker og Salg","item":"https:\/\/www.finnsalg.no\/butikker-og-salg\/"},{"@type":"ListItem","position":3,"name":"BILLY T-SKJORTE I GR\u00c5 MELANGE &#8211; HVITT OG SVART"}]},{"@type":"WebSite","@id":"https:\/\/www.finnsalg.no\/#website","url":"https:\/\/www.finnsalg.no\/","name":"FINNSALG","description":"Finn de beste salgene p\u00e5 kl\u00e6r, sko, bagger og mye mer fra butikkene i hele Norge","publisher":{"@id":"https:\/\/www.finnsalg.no\/#organization"},"potentialAction":[{"@type":"SearchAction","target":{"@type":"EntryPoint","urlTemplate":"https:\/\/www.finnsalg.no\/?s={search_term_string}"},"query-input":{"@type":"PropertyValueSpecification","valueRequired":true,"valueName":"search_term_string"}}],"inLanguage":"en-US"},{"@type":"Organization","@id":"https:\/\/www.finnsalg.no\/#organization","name":"FINNSALG","url":"https:\/\/www.finnsalg.no\/","logo":{"@type":"ImageObject","inLanguage":"en-US","@id":"https:\/\/www.finnsalg.no\/#\/schema\/logo\/image\/","url":"https:\/\/www.finnsalg.no\/wp-content\/uploads\/2025\/09\/cropped-logo_Customer3.jpg","contentUrl":"https:\/\/www.finnsalg.no\/wp-content\/uploads\/2025\/09\/cropped-logo_Customer3.jpg","width":587,"height":182,"caption":"FINNSALG"},"image":{"@id":"https:\/\/www.finnsalg.no\/#\/schema\/logo\/image\/"}}]}},"jetpack_sharing_enabled":true,"_links":{"self":[{"href":"https:\/\/www.finnsalg.no\/en\/wp-json\/wp\/v2\/product\/5841","targetHints":{"allow":["GET"]}}],"collection":[{"href":"https:\/\/www.finnsalg.no\/en\/wp-json\/wp\/v2\/product"}],"about":[{"href":"https:\/\/www.finnsalg.no\/en\/wp-json\/wp\/v2\/types\/product"}],"replies":[{"embeddable":true,"href":"https:\/\/www.finnsalg.no\/en\/wp-json\/wp\/v2\/comments?post=5841"}],"wp:featuredmedia":[{"embeddable":true,"href":"https:\/\/www.finnsalg.no\/en\/wp-json\/wp\/v2\/media\/5839"}],"wp:attachment":[{"href":"https:\/\/www.finnsalg.no\/en\/wp-json\/wp\/v2\/media?parent=5841"}],"wp:term":[{"taxonomy":"finnsalg_campaign","embeddable":true,"href":"https:\/\/www.finnsalg.no\/en\/wp-json\/wp\/v2\/finnsalg_campaign?post=5841"},{"taxonomy":"product_brand","embeddable":true,"href":"https:\/\/www.finnsalg.no\/en\/wp-json\/wp\/v2\/product_brand?post=5841"},{"taxonomy":"product_cat","embeddable":true,"href":"https:\/\/www.finnsalg.no\/en\/wp-json\/wp\/v2\/product_cat?post=5841"},{"taxonomy":"product_tag","embeddable":true,"href":"https:\/\/www.finnsalg.no\/en\/wp-json\/wp\/v2\/product_tag?post=5841"}],"curies":[{"name":"wp","href":"https:\/\/api.w.org\/{rel}","templated":true}]}}