{"id":5753,"date":"2025-09-03T22:43:38","date_gmt":"2025-09-03T22:43:38","guid":{"rendered":"https:\/\/www.finnsalg.no\/shop\/estellemw-blouse\/"},"modified":"2025-09-03T22:43:38","modified_gmt":"2025-09-03T22:43:38","slug":"estellemw-blouse","status":"publish","type":"product","link":"https:\/\/www.finnsalg.no\/en\/shop\/estellemw-blouse\/","title":{"rendered":"ESTELLEMW BLOUSE"},"content":{"rendered":"<p><br data-mce-bogus=\"1\"><\/p>\n\n    <div class=\"xs_social_share_widget xs_share_url after_content \t\tmain_content  wslu-style-1 wslu-share-box-shaped wslu-fill-colored wslu-none wslu-share-horizontal wslu-theme-font-no wslu-main_content\">\n\n\t\t\n        <ul>\n\t\t\t        <\/ul>\n    <\/div>","protected":false},"excerpt":{"rendered":"<p style=\"margin-top: 0px;font-family: Assistant, sans-serif;letter-spacing: 0.6px\">Oppdag den perfekte balansen mellom stil og komfort med Estelle Blouse\u00a0 i en nydelig r\u00f8d farge. Denne blusen er laget av en luksuri\u00f8s blanding av 66% viskose og 34% polyester, noe som gir en myk, behagelig f\u00f8lelse samtidig som den opprettholder h\u00f8y holdbarhet. Det tidl\u00f8se designet gj\u00f8r denne blusen til et uunnv\u00e6rlig plagg i enhver garderobe, perfekt for b\u00e5de formelle og uformelle anledninger.<\/p>\n<p style=\"font-family: Assistant, sans-serif;letter-spacing: 0.6px\"><strong>Detaljer om blusen:<\/strong><\/p>\n<ul style=\"padding-left: 2rem;margin-bottom: 0px;font-family: Assistant, sans-serif;letter-spacing: 0.6px\">\n<li><strong>Materiale:<\/strong>\u00a066% viskose, 34% polyester \u2013 en premium blanding for optimal komfort og holdbarhet<\/li>\n<li><strong>Stoff:<\/strong>\u00a0Behagelig og pustende, ideelt for hel\u00e5rsbruk<\/li>\n<li><strong>Allsidighet:<\/strong>\u00a0Perfekt til b\u00e5de jobb og fritid, formelle og uformelle settinger<\/li>\n<li><strong>Design:<\/strong>\u00a0Klassisk r\u00f8d farge som gir et sofistikert og stilsikkert uttrykk<\/li>\n<li><strong>Styling:<\/strong>\u00a0Bruk som et lag-p\u00e5-lag-plagg eller som en stand-alone topp<\/li>\n<li style=\"margin-bottom: 0px\"><strong>Vedlikehold:<\/strong>\u00a0Vaskes p\u00e5 30 grader finvask, t\u00e5ler ikke stryking eller t\u00f8rketrommel<\/li>\n<\/ul>","protected":false},"featured_media":5752,"comment_status":"open","ping_status":"closed","template":"","meta":{"iawp_total_views":3},"finnsalg_campaign":[],"product_brand":[453],"product_cat":[52,51],"product_tag":[137],"class_list":{"0":"post-5753","1":"product","2":"type-product","3":"status-publish","4":"has-post-thumbnail","6":"product_brand-my-essential-wardrobe","7":"product_cat-bluser-topper","8":"product_cat-damer","9":"product_tag-bluse","10":"thunk-woo-product-list","11":"opn-qv-enable","12":"open-woo-hover-","13":"open-single-product-tab-horizontal","14":"open-shadow-","15":"open-shadow-hover-","17":"first","18":"instock","19":"sale","20":"shipping-taxable","21":"purchasable","22":"product-type-simple"},"yoast_head":"<!-- This site is optimized with the Yoast SEO plugin v25.0 - https:\/\/yoast.com\/wordpress\/plugins\/seo\/ -->\n<title>ESTELLEMW BLOUSE - FINNSALG<\/title>\n<meta name=\"robots\" content=\"index, follow, max-snippet:-1, max-image-preview:large, max-video-preview:-1\" \/>\n<link rel=\"canonical\" href=\"https:\/\/www.finnsalg.no\/en\/shop\/estellemw-blouse\/\" \/>\n<meta property=\"og:locale\" content=\"en_US\" \/>\n<meta property=\"og:type\" content=\"article\" \/>\n<meta property=\"og:title\" content=\"ESTELLEMW BLOUSE - FINNSALG\" \/>\n<meta property=\"og:description\" content=\"Oppdag den perfekte balansen mellom stil og komfort med Estelle Blouse\u00a0 i en nydelig r\u00f8d farge. Denne blusen er laget av en luksuri\u00f8s blanding av 66% viskose og 34% polyester, noe som gir en myk, behagelig f\u00f8lelse samtidig som den opprettholder h\u00f8y holdbarhet. Det tidl\u00f8se designet gj\u00f8r denne blusen til et uunnv\u00e6rlig plagg i enhver garderobe, perfekt for b\u00e5de formelle og uformelle anledninger.Detaljer om blusen:Materiale:\u00a066% viskose, 34% polyester \u2013 en premium blanding for optimal komfort og holdbarhetStoff:\u00a0Behagelig og pustende, ideelt for hel\u00e5rsbrukAllsidighet:\u00a0Perfekt til b\u00e5de jobb og fritid, formelle og uformelle settingerDesign:\u00a0Klassisk r\u00f8d farge som gir et sofistikert og stilsikkert uttrykkStyling:\u00a0Bruk som et lag-p\u00e5-lag-plagg eller som en stand-alone toppVedlikehold:\u00a0Vaskes p\u00e5 30 grader finvask, t\u00e5ler ikke stryking eller t\u00f8rketrommel\" \/>\n<meta property=\"og:url\" content=\"https:\/\/www.finnsalg.no\/en\/shop\/estellemw-blouse\/\" \/>\n<meta property=\"og:site_name\" content=\"FINNSALG\" \/>\n<meta property=\"og:image\" content=\"https:\/\/www.finnsalg.no\/wp-content\/uploads\/2025\/09\/ESTELLEMW-BLOUSE.webp\" \/>\n\t<meta property=\"og:image:width\" content=\"990\" \/>\n\t<meta property=\"og:image:height\" content=\"1485\" \/>\n\t<meta property=\"og:image:type\" content=\"image\/webp\" \/>\n<meta name=\"twitter:card\" content=\"summary_large_image\" \/>\n<script type=\"application\/ld+json\" class=\"yoast-schema-graph\">{\"@context\":\"https:\/\/schema.org\",\"@graph\":[{\"@type\":\"WebPage\",\"@id\":\"https:\/\/www.finnsalg.no\/shop\/estellemw-blouse\/\",\"url\":\"https:\/\/www.finnsalg.no\/shop\/estellemw-blouse\/\",\"name\":\"ESTELLEMW BLOUSE - FINNSALG\",\"isPartOf\":{\"@id\":\"https:\/\/www.finnsalg.no\/#website\"},\"primaryImageOfPage\":{\"@id\":\"https:\/\/www.finnsalg.no\/shop\/estellemw-blouse\/#primaryimage\"},\"image\":{\"@id\":\"https:\/\/www.finnsalg.no\/shop\/estellemw-blouse\/#primaryimage\"},\"thumbnailUrl\":\"https:\/\/www.finnsalg.no\/wp-content\/uploads\/2025\/09\/ESTELLEMW-BLOUSE.webp\",\"datePublished\":\"2025-09-03T22:43:38+00:00\",\"breadcrumb\":{\"@id\":\"https:\/\/www.finnsalg.no\/shop\/estellemw-blouse\/#breadcrumb\"},\"inLanguage\":\"en-US\",\"potentialAction\":[{\"@type\":\"ReadAction\",\"target\":[\"https:\/\/www.finnsalg.no\/shop\/estellemw-blouse\/\"]}]},{\"@type\":\"ImageObject\",\"inLanguage\":\"en-US\",\"@id\":\"https:\/\/www.finnsalg.no\/shop\/estellemw-blouse\/#primaryimage\",\"url\":\"https:\/\/www.finnsalg.no\/wp-content\/uploads\/2025\/09\/ESTELLEMW-BLOUSE.webp\",\"contentUrl\":\"https:\/\/www.finnsalg.no\/wp-content\/uploads\/2025\/09\/ESTELLEMW-BLOUSE.webp\",\"width\":990,\"height\":1485},{\"@type\":\"BreadcrumbList\",\"@id\":\"https:\/\/www.finnsalg.no\/shop\/estellemw-blouse\/#breadcrumb\",\"itemListElement\":[{\"@type\":\"ListItem\",\"position\":1,\"name\":\"Hjem\",\"item\":\"https:\/\/www.finnsalg.no\/\"},{\"@type\":\"ListItem\",\"position\":2,\"name\":\"Butikker og Salg\",\"item\":\"https:\/\/www.finnsalg.no\/butikker-og-salg\/\"},{\"@type\":\"ListItem\",\"position\":3,\"name\":\"ESTELLEMW BLOUSE\"}]},{\"@type\":\"WebSite\",\"@id\":\"https:\/\/www.finnsalg.no\/#website\",\"url\":\"https:\/\/www.finnsalg.no\/\",\"name\":\"FINNSALG\",\"description\":\"Finn de beste salgene p\u00e5 kl\u00e6r, sko, bagger og mye mer fra butikkene i hele Norge\",\"publisher\":{\"@id\":\"https:\/\/www.finnsalg.no\/#organization\"},\"potentialAction\":[{\"@type\":\"SearchAction\",\"target\":{\"@type\":\"EntryPoint\",\"urlTemplate\":\"https:\/\/www.finnsalg.no\/?s={search_term_string}\"},\"query-input\":{\"@type\":\"PropertyValueSpecification\",\"valueRequired\":true,\"valueName\":\"search_term_string\"}}],\"inLanguage\":\"en-US\"},{\"@type\":\"Organization\",\"@id\":\"https:\/\/www.finnsalg.no\/#organization\",\"name\":\"FINNSALG\",\"url\":\"https:\/\/www.finnsalg.no\/\",\"logo\":{\"@type\":\"ImageObject\",\"inLanguage\":\"en-US\",\"@id\":\"https:\/\/www.finnsalg.no\/#\/schema\/logo\/image\/\",\"url\":\"https:\/\/www.finnsalg.no\/wp-content\/uploads\/2025\/09\/cropped-logo_Customer3.jpg\",\"contentUrl\":\"https:\/\/www.finnsalg.no\/wp-content\/uploads\/2025\/09\/cropped-logo_Customer3.jpg\",\"width\":587,\"height\":182,\"caption\":\"FINNSALG\"},\"image\":{\"@id\":\"https:\/\/www.finnsalg.no\/#\/schema\/logo\/image\/\"}}]}<\/script>\n<!-- \/ Yoast SEO plugin. -->","yoast_head_json":{"title":"ESTELLEMW BLOUSE - FINNSALG","robots":{"index":"index","follow":"follow","max-snippet":"max-snippet:-1","max-image-preview":"max-image-preview:large","max-video-preview":"max-video-preview:-1"},"canonical":"https:\/\/www.finnsalg.no\/en\/shop\/estellemw-blouse\/","og_locale":"en_US","og_type":"article","og_title":"ESTELLEMW BLOUSE - FINNSALG","og_description":"Oppdag den perfekte balansen mellom stil og komfort med Estelle Blouse\u00a0 i en nydelig r\u00f8d farge. Denne blusen er laget av en luksuri\u00f8s blanding av 66% viskose og 34% polyester, noe som gir en myk, behagelig f\u00f8lelse samtidig som den opprettholder h\u00f8y holdbarhet. Det tidl\u00f8se designet gj\u00f8r denne blusen til et uunnv\u00e6rlig plagg i enhver garderobe, perfekt for b\u00e5de formelle og uformelle anledninger.Detaljer om blusen:Materiale:\u00a066% viskose, 34% polyester \u2013 en premium blanding for optimal komfort og holdbarhetStoff:\u00a0Behagelig og pustende, ideelt for hel\u00e5rsbrukAllsidighet:\u00a0Perfekt til b\u00e5de jobb og fritid, formelle og uformelle settingerDesign:\u00a0Klassisk r\u00f8d farge som gir et sofistikert og stilsikkert uttrykkStyling:\u00a0Bruk som et lag-p\u00e5-lag-plagg eller som en stand-alone toppVedlikehold:\u00a0Vaskes p\u00e5 30 grader finvask, t\u00e5ler ikke stryking eller t\u00f8rketrommel","og_url":"https:\/\/www.finnsalg.no\/en\/shop\/estellemw-blouse\/","og_site_name":"FINNSALG","og_image":[{"width":990,"height":1485,"url":"https:\/\/www.finnsalg.no\/wp-content\/uploads\/2025\/09\/ESTELLEMW-BLOUSE.webp","type":"image\/webp"}],"twitter_card":"summary_large_image","schema":{"@context":"https:\/\/schema.org","@graph":[{"@type":"WebPage","@id":"https:\/\/www.finnsalg.no\/shop\/estellemw-blouse\/","url":"https:\/\/www.finnsalg.no\/shop\/estellemw-blouse\/","name":"ESTELLEMW BLOUSE - FINNSALG","isPartOf":{"@id":"https:\/\/www.finnsalg.no\/#website"},"primaryImageOfPage":{"@id":"https:\/\/www.finnsalg.no\/shop\/estellemw-blouse\/#primaryimage"},"image":{"@id":"https:\/\/www.finnsalg.no\/shop\/estellemw-blouse\/#primaryimage"},"thumbnailUrl":"https:\/\/www.finnsalg.no\/wp-content\/uploads\/2025\/09\/ESTELLEMW-BLOUSE.webp","datePublished":"2025-09-03T22:43:38+00:00","breadcrumb":{"@id":"https:\/\/www.finnsalg.no\/shop\/estellemw-blouse\/#breadcrumb"},"inLanguage":"en-US","potentialAction":[{"@type":"ReadAction","target":["https:\/\/www.finnsalg.no\/shop\/estellemw-blouse\/"]}]},{"@type":"ImageObject","inLanguage":"en-US","@id":"https:\/\/www.finnsalg.no\/shop\/estellemw-blouse\/#primaryimage","url":"https:\/\/www.finnsalg.no\/wp-content\/uploads\/2025\/09\/ESTELLEMW-BLOUSE.webp","contentUrl":"https:\/\/www.finnsalg.no\/wp-content\/uploads\/2025\/09\/ESTELLEMW-BLOUSE.webp","width":990,"height":1485},{"@type":"BreadcrumbList","@id":"https:\/\/www.finnsalg.no\/shop\/estellemw-blouse\/#breadcrumb","itemListElement":[{"@type":"ListItem","position":1,"name":"Hjem","item":"https:\/\/www.finnsalg.no\/"},{"@type":"ListItem","position":2,"name":"Butikker og Salg","item":"https:\/\/www.finnsalg.no\/butikker-og-salg\/"},{"@type":"ListItem","position":3,"name":"ESTELLEMW BLOUSE"}]},{"@type":"WebSite","@id":"https:\/\/www.finnsalg.no\/#website","url":"https:\/\/www.finnsalg.no\/","name":"FINNSALG","description":"Finn de beste salgene p\u00e5 kl\u00e6r, sko, bagger og mye mer fra butikkene i hele Norge","publisher":{"@id":"https:\/\/www.finnsalg.no\/#organization"},"potentialAction":[{"@type":"SearchAction","target":{"@type":"EntryPoint","urlTemplate":"https:\/\/www.finnsalg.no\/?s={search_term_string}"},"query-input":{"@type":"PropertyValueSpecification","valueRequired":true,"valueName":"search_term_string"}}],"inLanguage":"en-US"},{"@type":"Organization","@id":"https:\/\/www.finnsalg.no\/#organization","name":"FINNSALG","url":"https:\/\/www.finnsalg.no\/","logo":{"@type":"ImageObject","inLanguage":"en-US","@id":"https:\/\/www.finnsalg.no\/#\/schema\/logo\/image\/","url":"https:\/\/www.finnsalg.no\/wp-content\/uploads\/2025\/09\/cropped-logo_Customer3.jpg","contentUrl":"https:\/\/www.finnsalg.no\/wp-content\/uploads\/2025\/09\/cropped-logo_Customer3.jpg","width":587,"height":182,"caption":"FINNSALG"},"image":{"@id":"https:\/\/www.finnsalg.no\/#\/schema\/logo\/image\/"}}]}},"jetpack_sharing_enabled":true,"_links":{"self":[{"href":"https:\/\/www.finnsalg.no\/en\/wp-json\/wp\/v2\/product\/5753","targetHints":{"allow":["GET"]}}],"collection":[{"href":"https:\/\/www.finnsalg.no\/en\/wp-json\/wp\/v2\/product"}],"about":[{"href":"https:\/\/www.finnsalg.no\/en\/wp-json\/wp\/v2\/types\/product"}],"replies":[{"embeddable":true,"href":"https:\/\/www.finnsalg.no\/en\/wp-json\/wp\/v2\/comments?post=5753"}],"wp:featuredmedia":[{"embeddable":true,"href":"https:\/\/www.finnsalg.no\/en\/wp-json\/wp\/v2\/media\/5752"}],"wp:attachment":[{"href":"https:\/\/www.finnsalg.no\/en\/wp-json\/wp\/v2\/media?parent=5753"}],"wp:term":[{"taxonomy":"finnsalg_campaign","embeddable":true,"href":"https:\/\/www.finnsalg.no\/en\/wp-json\/wp\/v2\/finnsalg_campaign?post=5753"},{"taxonomy":"product_brand","embeddable":true,"href":"https:\/\/www.finnsalg.no\/en\/wp-json\/wp\/v2\/product_brand?post=5753"},{"taxonomy":"product_cat","embeddable":true,"href":"https:\/\/www.finnsalg.no\/en\/wp-json\/wp\/v2\/product_cat?post=5753"},{"taxonomy":"product_tag","embeddable":true,"href":"https:\/\/www.finnsalg.no\/en\/wp-json\/wp\/v2\/product_tag?post=5753"}],"curies":[{"name":"wp","href":"https:\/\/api.w.org\/{rel}","templated":true}]}}