{"id":5674,"date":"2025-09-03T12:29:29","date_gmt":"2025-09-03T12:29:29","guid":{"rendered":"https:\/\/www.finnsalg.no\/shop\/bypamila-half-sleeve-tshirt-2-poinsetta\/"},"modified":"2025-09-03T12:29:30","modified_gmt":"2025-09-03T12:29:30","slug":"bypamila-half-sleeve-tshirt-2-poinsetta","status":"publish","type":"product","link":"https:\/\/www.finnsalg.no\/en\/shop\/bypamila-half-sleeve-tshirt-2-poinsetta\/","title":{"rendered":"BYPAMILA Half Sleeve TSHIRT 2 &#8211; Poinsetta"},"content":{"rendered":"<p><br data-mce-bogus=\"1\"><\/p>\n\n    <div class=\"xs_social_share_widget xs_share_url after_content \t\tmain_content  wslu-style-1 wslu-share-box-shaped wslu-fill-colored wslu-none wslu-share-horizontal wslu-theme-font-no wslu-main_content\">\n\n\t\t\n        <ul>\n\t\t\t        <\/ul>\n    <\/div>","protected":false},"excerpt":{"rendered":"<p style=\"margin: 0px 0px 25px;font-family: Questrial, sans-serif;letter-spacing: 0.4px\"><span style=\"font-weight: 700\">BYPAMILA Half Sleeve T-shirt 2 fra prisgunstige B.young.<\/span><\/p>\n<p style=\"margin: 0px 0px 25px;font-family: Questrial, sans-serif;letter-spacing: 0.4px\"><span style=\"font-weight: 700\">St\u00f8dig og klassisk t-skjorte med ekstra flott kvalitet som inneholder deilig Modal. Popul\u00e6r ermelengde, som vi fleste digger!<\/span><\/p>\n<p style=\"margin: 0px 0px 25px;font-family: Questrial, sans-serif;letter-spacing: 0.4px\"><span style=\"font-weight: 700\">Et must i enhver fungerende base-garderobe.<\/span><\/p>\n<p style=\"margin: 0px 0px 25px;font-family: Questrial, sans-serif;letter-spacing: 0.4px\">St\u00f8rrelse og lengde:<\/p>\n<ul style=\"margin: 0px 0px 25px 30px;padding: 0px;font-family: Questrial, sans-serif;letter-spacing: 0.4px\">\n<li style=\"margin-bottom: 0px\">Form: Loose fit<\/li>\n<li style=\"margin-bottom: 0px\">Lengde: Hips lengde<\/li>\n<li style=\"margin-bottom: 0px\">Lengde: 62 cm tilsvarer XS<\/li>\n<\/ul>\n<p style=\"margin: 0px 0px 25px;font-family: Questrial, sans-serif;letter-spacing: 0.4px\">Inneholder:<\/p>\n<ul style=\"margin: 0px 0px 25px 30px;padding: 0px;font-family: Questrial, sans-serif;letter-spacing: 0.4px\">\n<li style=\"margin-bottom: 0px\">50% Bomull,<\/li>\n<li style=\"margin-bottom: 0px\">44% Modal,<\/li>\n<li style=\"margin-bottom: 0px\">6% Elastan<\/li>\n<\/ul>\n<p style=\"margin: 0px;font-family: Questrial, sans-serif;letter-spacing: 0.4px\">V\u00e5r egen modell er 170 cm. og har str. S. Jeansen er Pzwhitney fra Pulz.<\/p>","protected":false},"featured_media":5668,"comment_status":"open","ping_status":"closed","template":"","meta":{"iawp_total_views":0},"finnsalg_campaign":[],"product_brand":[437],"product_cat":[51,285],"product_tag":[438],"class_list":{"0":"post-5674","1":"product","2":"type-product","3":"status-publish","4":"has-post-thumbnail","6":"product_brand-b-young","7":"product_cat-damer","8":"product_cat-t-skjorter","9":"product_tag-half-sleeve-t-shirt","10":"thunk-woo-product-list","11":"opn-qv-enable","12":"open-woo-hover-","13":"open-single-product-tab-horizontal","14":"open-shadow-","15":"open-shadow-hover-","17":"first","18":"instock","19":"sale","20":"shipping-taxable","21":"purchasable","22":"product-type-simple"},"yoast_head":"<!-- This site is optimized with the Yoast SEO plugin v25.0 - https:\/\/yoast.com\/wordpress\/plugins\/seo\/ -->\n<title>BYPAMILA Half Sleeve TSHIRT 2 - Poinsetta - FINNSALG<\/title>\n<meta name=\"robots\" content=\"index, follow, max-snippet:-1, max-image-preview:large, max-video-preview:-1\" \/>\n<link rel=\"canonical\" href=\"https:\/\/www.finnsalg.no\/en\/shop\/bypamila-half-sleeve-tshirt-2-poinsetta\/\" \/>\n<meta property=\"og:locale\" content=\"en_US\" \/>\n<meta property=\"og:type\" content=\"article\" \/>\n<meta property=\"og:title\" content=\"BYPAMILA Half Sleeve TSHIRT 2 - Poinsetta - FINNSALG\" \/>\n<meta property=\"og:description\" content=\"BYPAMILA Half Sleeve T-shirt 2 fra prisgunstige B.young.St\u00f8dig og klassisk t-skjorte med ekstra flott kvalitet som inneholder deilig Modal. Popul\u00e6r ermelengde, som vi fleste digger!Et must i enhver fungerende base-garderobe.St\u00f8rrelse og lengde:Form: Loose fitLengde: Hips lengdeLengde: 62 cm tilsvarer XSInneholder:50% Bomull,44% Modal,6% ElastanV\u00e5r egen modell er 170 cm. og har str. S. Jeansen er Pzwhitney fra Pulz.\" \/>\n<meta property=\"og:url\" content=\"https:\/\/www.finnsalg.no\/en\/shop\/bypamila-half-sleeve-tshirt-2-poinsetta\/\" \/>\n<meta property=\"og:site_name\" content=\"FINNSALG\" \/>\n<meta property=\"article:modified_time\" content=\"2025-09-03T12:29:30+00:00\" \/>\n<meta property=\"og:image\" content=\"https:\/\/www.finnsalg.no\/wp-content\/uploads\/2025\/09\/3d596955-e371-496c-8f19-77d0b37b97f0_1800x1800.webp\" \/>\n\t<meta property=\"og:image:width\" content=\"1458\" \/>\n\t<meta property=\"og:image:height\" content=\"1458\" \/>\n\t<meta property=\"og:image:type\" content=\"image\/webp\" \/>\n<meta name=\"twitter:card\" content=\"summary_large_image\" \/>\n<script type=\"application\/ld+json\" class=\"yoast-schema-graph\">{\"@context\":\"https:\/\/schema.org\",\"@graph\":[{\"@type\":\"WebPage\",\"@id\":\"https:\/\/www.finnsalg.no\/shop\/bypamila-half-sleeve-tshirt-2-poinsetta\/\",\"url\":\"https:\/\/www.finnsalg.no\/shop\/bypamila-half-sleeve-tshirt-2-poinsetta\/\",\"name\":\"BYPAMILA Half Sleeve TSHIRT 2 - Poinsetta - FINNSALG\",\"isPartOf\":{\"@id\":\"https:\/\/www.finnsalg.no\/#website\"},\"primaryImageOfPage\":{\"@id\":\"https:\/\/www.finnsalg.no\/shop\/bypamila-half-sleeve-tshirt-2-poinsetta\/#primaryimage\"},\"image\":{\"@id\":\"https:\/\/www.finnsalg.no\/shop\/bypamila-half-sleeve-tshirt-2-poinsetta\/#primaryimage\"},\"thumbnailUrl\":\"https:\/\/www.finnsalg.no\/wp-content\/uploads\/2025\/09\/3d596955-e371-496c-8f19-77d0b37b97f0_1800x1800.webp\",\"datePublished\":\"2025-09-03T12:29:29+00:00\",\"dateModified\":\"2025-09-03T12:29:30+00:00\",\"breadcrumb\":{\"@id\":\"https:\/\/www.finnsalg.no\/shop\/bypamila-half-sleeve-tshirt-2-poinsetta\/#breadcrumb\"},\"inLanguage\":\"en-US\",\"potentialAction\":[{\"@type\":\"ReadAction\",\"target\":[\"https:\/\/www.finnsalg.no\/shop\/bypamila-half-sleeve-tshirt-2-poinsetta\/\"]}]},{\"@type\":\"ImageObject\",\"inLanguage\":\"en-US\",\"@id\":\"https:\/\/www.finnsalg.no\/shop\/bypamila-half-sleeve-tshirt-2-poinsetta\/#primaryimage\",\"url\":\"https:\/\/www.finnsalg.no\/wp-content\/uploads\/2025\/09\/3d596955-e371-496c-8f19-77d0b37b97f0_1800x1800.webp\",\"contentUrl\":\"https:\/\/www.finnsalg.no\/wp-content\/uploads\/2025\/09\/3d596955-e371-496c-8f19-77d0b37b97f0_1800x1800.webp\",\"width\":1458,\"height\":1458},{\"@type\":\"BreadcrumbList\",\"@id\":\"https:\/\/www.finnsalg.no\/shop\/bypamila-half-sleeve-tshirt-2-poinsetta\/#breadcrumb\",\"itemListElement\":[{\"@type\":\"ListItem\",\"position\":1,\"name\":\"Hjem\",\"item\":\"https:\/\/www.finnsalg.no\/\"},{\"@type\":\"ListItem\",\"position\":2,\"name\":\"Butikker og Salg\",\"item\":\"https:\/\/www.finnsalg.no\/butikker-og-salg\/\"},{\"@type\":\"ListItem\",\"position\":3,\"name\":\"BYPAMILA Half Sleeve TSHIRT 2 &#8211; Poinsetta\"}]},{\"@type\":\"WebSite\",\"@id\":\"https:\/\/www.finnsalg.no\/#website\",\"url\":\"https:\/\/www.finnsalg.no\/\",\"name\":\"FINNSALG\",\"description\":\"Finn de beste salgene p\u00e5 kl\u00e6r, sko, bagger og mye mer fra butikkene i hele Norge\",\"publisher\":{\"@id\":\"https:\/\/www.finnsalg.no\/#organization\"},\"potentialAction\":[{\"@type\":\"SearchAction\",\"target\":{\"@type\":\"EntryPoint\",\"urlTemplate\":\"https:\/\/www.finnsalg.no\/?s={search_term_string}\"},\"query-input\":{\"@type\":\"PropertyValueSpecification\",\"valueRequired\":true,\"valueName\":\"search_term_string\"}}],\"inLanguage\":\"en-US\"},{\"@type\":\"Organization\",\"@id\":\"https:\/\/www.finnsalg.no\/#organization\",\"name\":\"FINNSALG\",\"url\":\"https:\/\/www.finnsalg.no\/\",\"logo\":{\"@type\":\"ImageObject\",\"inLanguage\":\"en-US\",\"@id\":\"https:\/\/www.finnsalg.no\/#\/schema\/logo\/image\/\",\"url\":\"https:\/\/www.finnsalg.no\/wp-content\/uploads\/2025\/09\/cropped-logo_Customer3.jpg\",\"contentUrl\":\"https:\/\/www.finnsalg.no\/wp-content\/uploads\/2025\/09\/cropped-logo_Customer3.jpg\",\"width\":587,\"height\":182,\"caption\":\"FINNSALG\"},\"image\":{\"@id\":\"https:\/\/www.finnsalg.no\/#\/schema\/logo\/image\/\"}}]}<\/script>\n<!-- \/ Yoast SEO plugin. -->","yoast_head_json":{"title":"BYPAMILA Half Sleeve TSHIRT 2 - Poinsetta - FINNSALG","robots":{"index":"index","follow":"follow","max-snippet":"max-snippet:-1","max-image-preview":"max-image-preview:large","max-video-preview":"max-video-preview:-1"},"canonical":"https:\/\/www.finnsalg.no\/en\/shop\/bypamila-half-sleeve-tshirt-2-poinsetta\/","og_locale":"en_US","og_type":"article","og_title":"BYPAMILA Half Sleeve TSHIRT 2 - Poinsetta - FINNSALG","og_description":"BYPAMILA Half Sleeve T-shirt 2 fra prisgunstige B.young.St\u00f8dig og klassisk t-skjorte med ekstra flott kvalitet som inneholder deilig Modal. Popul\u00e6r ermelengde, som vi fleste digger!Et must i enhver fungerende base-garderobe.St\u00f8rrelse og lengde:Form: Loose fitLengde: Hips lengdeLengde: 62 cm tilsvarer XSInneholder:50% Bomull,44% Modal,6% ElastanV\u00e5r egen modell er 170 cm. og har str. S. Jeansen er Pzwhitney fra Pulz.","og_url":"https:\/\/www.finnsalg.no\/en\/shop\/bypamila-half-sleeve-tshirt-2-poinsetta\/","og_site_name":"FINNSALG","article_modified_time":"2025-09-03T12:29:30+00:00","og_image":[{"width":1458,"height":1458,"url":"https:\/\/www.finnsalg.no\/wp-content\/uploads\/2025\/09\/3d596955-e371-496c-8f19-77d0b37b97f0_1800x1800.webp","type":"image\/webp"}],"twitter_card":"summary_large_image","schema":{"@context":"https:\/\/schema.org","@graph":[{"@type":"WebPage","@id":"https:\/\/www.finnsalg.no\/shop\/bypamila-half-sleeve-tshirt-2-poinsetta\/","url":"https:\/\/www.finnsalg.no\/shop\/bypamila-half-sleeve-tshirt-2-poinsetta\/","name":"BYPAMILA Half Sleeve TSHIRT 2 - Poinsetta - FINNSALG","isPartOf":{"@id":"https:\/\/www.finnsalg.no\/#website"},"primaryImageOfPage":{"@id":"https:\/\/www.finnsalg.no\/shop\/bypamila-half-sleeve-tshirt-2-poinsetta\/#primaryimage"},"image":{"@id":"https:\/\/www.finnsalg.no\/shop\/bypamila-half-sleeve-tshirt-2-poinsetta\/#primaryimage"},"thumbnailUrl":"https:\/\/www.finnsalg.no\/wp-content\/uploads\/2025\/09\/3d596955-e371-496c-8f19-77d0b37b97f0_1800x1800.webp","datePublished":"2025-09-03T12:29:29+00:00","dateModified":"2025-09-03T12:29:30+00:00","breadcrumb":{"@id":"https:\/\/www.finnsalg.no\/shop\/bypamila-half-sleeve-tshirt-2-poinsetta\/#breadcrumb"},"inLanguage":"en-US","potentialAction":[{"@type":"ReadAction","target":["https:\/\/www.finnsalg.no\/shop\/bypamila-half-sleeve-tshirt-2-poinsetta\/"]}]},{"@type":"ImageObject","inLanguage":"en-US","@id":"https:\/\/www.finnsalg.no\/shop\/bypamila-half-sleeve-tshirt-2-poinsetta\/#primaryimage","url":"https:\/\/www.finnsalg.no\/wp-content\/uploads\/2025\/09\/3d596955-e371-496c-8f19-77d0b37b97f0_1800x1800.webp","contentUrl":"https:\/\/www.finnsalg.no\/wp-content\/uploads\/2025\/09\/3d596955-e371-496c-8f19-77d0b37b97f0_1800x1800.webp","width":1458,"height":1458},{"@type":"BreadcrumbList","@id":"https:\/\/www.finnsalg.no\/shop\/bypamila-half-sleeve-tshirt-2-poinsetta\/#breadcrumb","itemListElement":[{"@type":"ListItem","position":1,"name":"Hjem","item":"https:\/\/www.finnsalg.no\/"},{"@type":"ListItem","position":2,"name":"Butikker og Salg","item":"https:\/\/www.finnsalg.no\/butikker-og-salg\/"},{"@type":"ListItem","position":3,"name":"BYPAMILA Half Sleeve TSHIRT 2 &#8211; Poinsetta"}]},{"@type":"WebSite","@id":"https:\/\/www.finnsalg.no\/#website","url":"https:\/\/www.finnsalg.no\/","name":"FINNSALG","description":"Finn de beste salgene p\u00e5 kl\u00e6r, sko, bagger og mye mer fra butikkene i hele Norge","publisher":{"@id":"https:\/\/www.finnsalg.no\/#organization"},"potentialAction":[{"@type":"SearchAction","target":{"@type":"EntryPoint","urlTemplate":"https:\/\/www.finnsalg.no\/?s={search_term_string}"},"query-input":{"@type":"PropertyValueSpecification","valueRequired":true,"valueName":"search_term_string"}}],"inLanguage":"en-US"},{"@type":"Organization","@id":"https:\/\/www.finnsalg.no\/#organization","name":"FINNSALG","url":"https:\/\/www.finnsalg.no\/","logo":{"@type":"ImageObject","inLanguage":"en-US","@id":"https:\/\/www.finnsalg.no\/#\/schema\/logo\/image\/","url":"https:\/\/www.finnsalg.no\/wp-content\/uploads\/2025\/09\/cropped-logo_Customer3.jpg","contentUrl":"https:\/\/www.finnsalg.no\/wp-content\/uploads\/2025\/09\/cropped-logo_Customer3.jpg","width":587,"height":182,"caption":"FINNSALG"},"image":{"@id":"https:\/\/www.finnsalg.no\/#\/schema\/logo\/image\/"}}]}},"jetpack_sharing_enabled":true,"_links":{"self":[{"href":"https:\/\/www.finnsalg.no\/en\/wp-json\/wp\/v2\/product\/5674","targetHints":{"allow":["GET"]}}],"collection":[{"href":"https:\/\/www.finnsalg.no\/en\/wp-json\/wp\/v2\/product"}],"about":[{"href":"https:\/\/www.finnsalg.no\/en\/wp-json\/wp\/v2\/types\/product"}],"replies":[{"embeddable":true,"href":"https:\/\/www.finnsalg.no\/en\/wp-json\/wp\/v2\/comments?post=5674"}],"wp:featuredmedia":[{"embeddable":true,"href":"https:\/\/www.finnsalg.no\/en\/wp-json\/wp\/v2\/media\/5668"}],"wp:attachment":[{"href":"https:\/\/www.finnsalg.no\/en\/wp-json\/wp\/v2\/media?parent=5674"}],"wp:term":[{"taxonomy":"finnsalg_campaign","embeddable":true,"href":"https:\/\/www.finnsalg.no\/en\/wp-json\/wp\/v2\/finnsalg_campaign?post=5674"},{"taxonomy":"product_brand","embeddable":true,"href":"https:\/\/www.finnsalg.no\/en\/wp-json\/wp\/v2\/product_brand?post=5674"},{"taxonomy":"product_cat","embeddable":true,"href":"https:\/\/www.finnsalg.no\/en\/wp-json\/wp\/v2\/product_cat?post=5674"},{"taxonomy":"product_tag","embeddable":true,"href":"https:\/\/www.finnsalg.no\/en\/wp-json\/wp\/v2\/product_tag?post=5674"}],"curies":[{"name":"wp","href":"https:\/\/api.w.org\/{rel}","templated":true}]}}