{"id":5327,"date":"2025-09-01T06:59:34","date_gmt":"2025-09-01T06:59:34","guid":{"rendered":"https:\/\/www.finnsalg.no\/shop\/shaun-leather-boot-antracite\/"},"modified":"2025-11-09T14:21:34","modified_gmt":"2025-11-09T14:21:34","slug":"shaun-leather-boot-antracite","status":"publish","type":"product","link":"https:\/\/www.finnsalg.no\/en\/shop\/shaun-leather-boot-antracite\/","title":{"rendered":"SHAUN LEATHER BOOT &#8211; ANTRACITE"},"content":{"rendered":"<p><br data-mce-bogus=\"1\"><\/p>\n\n    <div class=\"xs_social_share_widget xs_share_url after_content \t\tmain_content  wslu-style-1 wslu-share-box-shaped wslu-fill-colored wslu-none wslu-share-horizontal wslu-theme-font-no wslu-main_content\">\n\n\t\t\n        <ul>\n\t\t\t        <\/ul>\n    <\/div>","protected":false},"excerpt":{"rendered":"<h2>Beskrivelse<\/h2>\n<div class=\"description-content is-expanded\">\n<div class=\"description-text\" style=\"margin: 0px;padding: 0px 0px 2rem\">\n<p style=\"margin: 10px 0px;padding: 0px;line-height: 28px !important\">Oppdag den perfekte blandingen av stil og funksjonalitet med v\u00e5re antrasittfargede Shaun skinnst\u00f8vler.<\/p>\n<p style=\"margin: 10px 0px;padding: 0px;line-height: 28px !important\">Disse st\u00f8vlene kombinerer holdbarhet med eleganse for \u00e5 gi deg en perfekt f\u00f8lgesvenn gjennom vinteren. Laget med skinn, tilbyr disse st\u00f8vlene b\u00e5de komfort og langvarig bruk.<\/p>\n<ul style=\"margin: 12px 0px;padding: 0px 0px 0px 36px\">\n<li style=\"margin: 0px;padding: 0px\"><strong style=\"margin: 0px;padding: 0px\">Farge:<\/strong>\u00a0Antrasitt<\/li>\n<li style=\"margin: 0px;padding: 0px\"><strong style=\"margin: 0px;padding: 0px\">Materiale:<\/strong>\u00a0 skinn<\/li>\n<li style=\"margin: 0px;padding: 0px\"><strong style=\"margin: 0px;padding: 0px\">Kategorier:<\/strong>\u00a0Vintersko, St\u00f8vletter<\/li>\n<li style=\"margin: 0px;padding: 0px\"><strong style=\"margin: 0px;padding: 0px\">Design:<\/strong>\u00a0Moderne og robust design<\/li>\n<li style=\"margin: 0px;padding: 0px\"><strong style=\"margin: 0px;padding: 0px\">Komfort:<\/strong>\u00a0Utformet for optimal komfort og varme<\/li>\n<li style=\"margin: 0px;padding: 0px\"><strong style=\"margin: 0px;padding: 0px\">Vedlikehold:<\/strong>\u00a0Enkel \u00e5 rengj\u00f8re og vedlikehold<\/li>\n<\/ul>\n<\/div>\n<\/div>","protected":false},"featured_media":5322,"comment_status":"open","ping_status":"closed","template":"","meta":{"iawp_total_views":1},"finnsalg_campaign":[],"product_brand":[142],"product_cat":[103,627,674],"product_tag":[325],"class_list":{"0":"post-5327","1":"product","2":"type-product","3":"status-publish","4":"has-post-thumbnail","6":"product_brand-jackjones","7":"product_cat-herresko","8":"product_cat-sko-2","9":"product_cat-stovler","10":"product_tag-boots-menn","11":"thunk-woo-product-list","12":"opn-qv-enable","13":"open-woo-hover-","14":"open-single-product-tab-horizontal","15":"open-shadow-","16":"open-shadow-hover-","18":"first","19":"instock","20":"sale","21":"shipping-taxable","22":"purchasable","23":"product-type-simple"},"yoast_head":"<!-- This site is optimized with the Yoast SEO plugin v25.0 - https:\/\/yoast.com\/wordpress\/plugins\/seo\/ -->\n<title>SHAUN LEATHER BOOT - ANTRACITE - FINNSALG<\/title>\n<meta name=\"robots\" content=\"index, follow, max-snippet:-1, max-image-preview:large, max-video-preview:-1\" \/>\n<link rel=\"canonical\" href=\"https:\/\/www.finnsalg.no\/en\/shop\/shaun-leather-boot-antracite\/\" \/>\n<meta property=\"og:locale\" content=\"en_US\" \/>\n<meta property=\"og:type\" content=\"article\" \/>\n<meta property=\"og:title\" content=\"SHAUN LEATHER BOOT - ANTRACITE - FINNSALG\" \/>\n<meta property=\"og:description\" content=\"BeskrivelseOppdag den perfekte blandingen av stil og funksjonalitet med v\u00e5re antrasittfargede Shaun skinnst\u00f8vler.Disse st\u00f8vlene kombinerer holdbarhet med eleganse for \u00e5 gi deg en perfekt f\u00f8lgesvenn gjennom vinteren. Laget med skinn, tilbyr disse st\u00f8vlene b\u00e5de komfort og langvarig bruk.Farge:\u00a0AntrasittMateriale:\u00a0 skinnKategorier:\u00a0Vintersko, St\u00f8vletterDesign:\u00a0Moderne og robust designKomfort:\u00a0Utformet for optimal komfort og varmeVedlikehold:\u00a0Enkel \u00e5 rengj\u00f8re og vedlikehold\" \/>\n<meta property=\"og:url\" content=\"https:\/\/www.finnsalg.no\/en\/shop\/shaun-leather-boot-antracite\/\" \/>\n<meta property=\"og:site_name\" content=\"FINNSALG\" \/>\n<meta property=\"article:modified_time\" content=\"2025-11-09T14:21:34+00:00\" \/>\n<meta property=\"og:image\" content=\"https:\/\/www.finnsalg.no\/wp-content\/uploads\/2025\/09\/8624283_shaun-leather-boot-antracite.jpeg\" \/>\n\t<meta property=\"og:image:width\" content=\"1125\" \/>\n\t<meta property=\"og:image:height\" content=\"1500\" \/>\n\t<meta property=\"og:image:type\" content=\"image\/jpeg\" \/>\n<meta name=\"twitter:card\" content=\"summary_large_image\" \/>\n<script type=\"application\/ld+json\" class=\"yoast-schema-graph\">{\"@context\":\"https:\/\/schema.org\",\"@graph\":[{\"@type\":\"WebPage\",\"@id\":\"https:\/\/www.finnsalg.no\/shop\/shaun-leather-boot-antracite\/\",\"url\":\"https:\/\/www.finnsalg.no\/shop\/shaun-leather-boot-antracite\/\",\"name\":\"SHAUN LEATHER BOOT - ANTRACITE - FINNSALG\",\"isPartOf\":{\"@id\":\"https:\/\/www.finnsalg.no\/#website\"},\"primaryImageOfPage\":{\"@id\":\"https:\/\/www.finnsalg.no\/shop\/shaun-leather-boot-antracite\/#primaryimage\"},\"image\":{\"@id\":\"https:\/\/www.finnsalg.no\/shop\/shaun-leather-boot-antracite\/#primaryimage\"},\"thumbnailUrl\":\"https:\/\/www.finnsalg.no\/wp-content\/uploads\/2025\/09\/8624283_shaun-leather-boot-antracite.jpeg\",\"datePublished\":\"2025-09-01T06:59:34+00:00\",\"dateModified\":\"2025-11-09T14:21:34+00:00\",\"breadcrumb\":{\"@id\":\"https:\/\/www.finnsalg.no\/shop\/shaun-leather-boot-antracite\/#breadcrumb\"},\"inLanguage\":\"en-US\",\"potentialAction\":[{\"@type\":\"ReadAction\",\"target\":[\"https:\/\/www.finnsalg.no\/shop\/shaun-leather-boot-antracite\/\"]}]},{\"@type\":\"ImageObject\",\"inLanguage\":\"en-US\",\"@id\":\"https:\/\/www.finnsalg.no\/shop\/shaun-leather-boot-antracite\/#primaryimage\",\"url\":\"https:\/\/www.finnsalg.no\/wp-content\/uploads\/2025\/09\/8624283_shaun-leather-boot-antracite.jpeg\",\"contentUrl\":\"https:\/\/www.finnsalg.no\/wp-content\/uploads\/2025\/09\/8624283_shaun-leather-boot-antracite.jpeg\",\"width\":1125,\"height\":1500},{\"@type\":\"BreadcrumbList\",\"@id\":\"https:\/\/www.finnsalg.no\/shop\/shaun-leather-boot-antracite\/#breadcrumb\",\"itemListElement\":[{\"@type\":\"ListItem\",\"position\":1,\"name\":\"Hjem\",\"item\":\"https:\/\/www.finnsalg.no\/\"},{\"@type\":\"ListItem\",\"position\":2,\"name\":\"Butikker og Salg\",\"item\":\"https:\/\/www.finnsalg.no\/butikker-og-salg\/\"},{\"@type\":\"ListItem\",\"position\":3,\"name\":\"SHAUN LEATHER BOOT &#8211; ANTRACITE\"}]},{\"@type\":\"WebSite\",\"@id\":\"https:\/\/www.finnsalg.no\/#website\",\"url\":\"https:\/\/www.finnsalg.no\/\",\"name\":\"FINNSALG\",\"description\":\"Finn de beste salgene p\u00e5 kl\u00e6r, sko, bagger og mye mer fra butikkene i hele Norge\",\"publisher\":{\"@id\":\"https:\/\/www.finnsalg.no\/#organization\"},\"potentialAction\":[{\"@type\":\"SearchAction\",\"target\":{\"@type\":\"EntryPoint\",\"urlTemplate\":\"https:\/\/www.finnsalg.no\/?s={search_term_string}\"},\"query-input\":{\"@type\":\"PropertyValueSpecification\",\"valueRequired\":true,\"valueName\":\"search_term_string\"}}],\"inLanguage\":\"en-US\"},{\"@type\":\"Organization\",\"@id\":\"https:\/\/www.finnsalg.no\/#organization\",\"name\":\"FINNSALG\",\"url\":\"https:\/\/www.finnsalg.no\/\",\"logo\":{\"@type\":\"ImageObject\",\"inLanguage\":\"en-US\",\"@id\":\"https:\/\/www.finnsalg.no\/#\/schema\/logo\/image\/\",\"url\":\"https:\/\/www.finnsalg.no\/wp-content\/uploads\/2025\/09\/cropped-logo_Customer3.jpg\",\"contentUrl\":\"https:\/\/www.finnsalg.no\/wp-content\/uploads\/2025\/09\/cropped-logo_Customer3.jpg\",\"width\":587,\"height\":182,\"caption\":\"FINNSALG\"},\"image\":{\"@id\":\"https:\/\/www.finnsalg.no\/#\/schema\/logo\/image\/\"}}]}<\/script>\n<!-- \/ Yoast SEO plugin. -->","yoast_head_json":{"title":"SHAUN LEATHER BOOT - ANTRACITE - FINNSALG","robots":{"index":"index","follow":"follow","max-snippet":"max-snippet:-1","max-image-preview":"max-image-preview:large","max-video-preview":"max-video-preview:-1"},"canonical":"https:\/\/www.finnsalg.no\/en\/shop\/shaun-leather-boot-antracite\/","og_locale":"en_US","og_type":"article","og_title":"SHAUN LEATHER BOOT - ANTRACITE - FINNSALG","og_description":"BeskrivelseOppdag den perfekte blandingen av stil og funksjonalitet med v\u00e5re antrasittfargede Shaun skinnst\u00f8vler.Disse st\u00f8vlene kombinerer holdbarhet med eleganse for \u00e5 gi deg en perfekt f\u00f8lgesvenn gjennom vinteren. Laget med skinn, tilbyr disse st\u00f8vlene b\u00e5de komfort og langvarig bruk.Farge:\u00a0AntrasittMateriale:\u00a0 skinnKategorier:\u00a0Vintersko, St\u00f8vletterDesign:\u00a0Moderne og robust designKomfort:\u00a0Utformet for optimal komfort og varmeVedlikehold:\u00a0Enkel \u00e5 rengj\u00f8re og vedlikehold","og_url":"https:\/\/www.finnsalg.no\/en\/shop\/shaun-leather-boot-antracite\/","og_site_name":"FINNSALG","article_modified_time":"2025-11-09T14:21:34+00:00","og_image":[{"width":1125,"height":1500,"url":"https:\/\/www.finnsalg.no\/wp-content\/uploads\/2025\/09\/8624283_shaun-leather-boot-antracite.jpeg","type":"image\/jpeg"}],"twitter_card":"summary_large_image","schema":{"@context":"https:\/\/schema.org","@graph":[{"@type":"WebPage","@id":"https:\/\/www.finnsalg.no\/shop\/shaun-leather-boot-antracite\/","url":"https:\/\/www.finnsalg.no\/shop\/shaun-leather-boot-antracite\/","name":"SHAUN LEATHER BOOT - ANTRACITE - FINNSALG","isPartOf":{"@id":"https:\/\/www.finnsalg.no\/#website"},"primaryImageOfPage":{"@id":"https:\/\/www.finnsalg.no\/shop\/shaun-leather-boot-antracite\/#primaryimage"},"image":{"@id":"https:\/\/www.finnsalg.no\/shop\/shaun-leather-boot-antracite\/#primaryimage"},"thumbnailUrl":"https:\/\/www.finnsalg.no\/wp-content\/uploads\/2025\/09\/8624283_shaun-leather-boot-antracite.jpeg","datePublished":"2025-09-01T06:59:34+00:00","dateModified":"2025-11-09T14:21:34+00:00","breadcrumb":{"@id":"https:\/\/www.finnsalg.no\/shop\/shaun-leather-boot-antracite\/#breadcrumb"},"inLanguage":"en-US","potentialAction":[{"@type":"ReadAction","target":["https:\/\/www.finnsalg.no\/shop\/shaun-leather-boot-antracite\/"]}]},{"@type":"ImageObject","inLanguage":"en-US","@id":"https:\/\/www.finnsalg.no\/shop\/shaun-leather-boot-antracite\/#primaryimage","url":"https:\/\/www.finnsalg.no\/wp-content\/uploads\/2025\/09\/8624283_shaun-leather-boot-antracite.jpeg","contentUrl":"https:\/\/www.finnsalg.no\/wp-content\/uploads\/2025\/09\/8624283_shaun-leather-boot-antracite.jpeg","width":1125,"height":1500},{"@type":"BreadcrumbList","@id":"https:\/\/www.finnsalg.no\/shop\/shaun-leather-boot-antracite\/#breadcrumb","itemListElement":[{"@type":"ListItem","position":1,"name":"Hjem","item":"https:\/\/www.finnsalg.no\/"},{"@type":"ListItem","position":2,"name":"Butikker og Salg","item":"https:\/\/www.finnsalg.no\/butikker-og-salg\/"},{"@type":"ListItem","position":3,"name":"SHAUN LEATHER BOOT &#8211; ANTRACITE"}]},{"@type":"WebSite","@id":"https:\/\/www.finnsalg.no\/#website","url":"https:\/\/www.finnsalg.no\/","name":"FINNSALG","description":"Finn de beste salgene p\u00e5 kl\u00e6r, sko, bagger og mye mer fra butikkene i hele Norge","publisher":{"@id":"https:\/\/www.finnsalg.no\/#organization"},"potentialAction":[{"@type":"SearchAction","target":{"@type":"EntryPoint","urlTemplate":"https:\/\/www.finnsalg.no\/?s={search_term_string}"},"query-input":{"@type":"PropertyValueSpecification","valueRequired":true,"valueName":"search_term_string"}}],"inLanguage":"en-US"},{"@type":"Organization","@id":"https:\/\/www.finnsalg.no\/#organization","name":"FINNSALG","url":"https:\/\/www.finnsalg.no\/","logo":{"@type":"ImageObject","inLanguage":"en-US","@id":"https:\/\/www.finnsalg.no\/#\/schema\/logo\/image\/","url":"https:\/\/www.finnsalg.no\/wp-content\/uploads\/2025\/09\/cropped-logo_Customer3.jpg","contentUrl":"https:\/\/www.finnsalg.no\/wp-content\/uploads\/2025\/09\/cropped-logo_Customer3.jpg","width":587,"height":182,"caption":"FINNSALG"},"image":{"@id":"https:\/\/www.finnsalg.no\/#\/schema\/logo\/image\/"}}]}},"jetpack_sharing_enabled":true,"_links":{"self":[{"href":"https:\/\/www.finnsalg.no\/en\/wp-json\/wp\/v2\/product\/5327","targetHints":{"allow":["GET"]}}],"collection":[{"href":"https:\/\/www.finnsalg.no\/en\/wp-json\/wp\/v2\/product"}],"about":[{"href":"https:\/\/www.finnsalg.no\/en\/wp-json\/wp\/v2\/types\/product"}],"replies":[{"embeddable":true,"href":"https:\/\/www.finnsalg.no\/en\/wp-json\/wp\/v2\/comments?post=5327"}],"wp:featuredmedia":[{"embeddable":true,"href":"https:\/\/www.finnsalg.no\/en\/wp-json\/wp\/v2\/media\/5322"}],"wp:attachment":[{"href":"https:\/\/www.finnsalg.no\/en\/wp-json\/wp\/v2\/media?parent=5327"}],"wp:term":[{"taxonomy":"finnsalg_campaign","embeddable":true,"href":"https:\/\/www.finnsalg.no\/en\/wp-json\/wp\/v2\/finnsalg_campaign?post=5327"},{"taxonomy":"product_brand","embeddable":true,"href":"https:\/\/www.finnsalg.no\/en\/wp-json\/wp\/v2\/product_brand?post=5327"},{"taxonomy":"product_cat","embeddable":true,"href":"https:\/\/www.finnsalg.no\/en\/wp-json\/wp\/v2\/product_cat?post=5327"},{"taxonomy":"product_tag","embeddable":true,"href":"https:\/\/www.finnsalg.no\/en\/wp-json\/wp\/v2\/product_tag?post=5327"}],"curies":[{"name":"wp","href":"https:\/\/api.w.org\/{rel}","templated":true}]}}