{"id":5090,"date":"2025-08-28T12:14:06","date_gmt":"2025-08-28T12:14:06","guid":{"rendered":"https:\/\/www.finnsalg.no\/shop\/day-gweneth-re-s-bag\/"},"modified":"2025-11-09T14:32:45","modified_gmt":"2025-11-09T14:32:45","slug":"day-gweneth-re-s-bag","status":"publish","type":"product","link":"https:\/\/www.finnsalg.no\/en\/shop\/day-gweneth-re-s-bag\/","title":{"rendered":"DAY Gweneth RE-S Bag"},"content":{"rendered":"<p><br data-mce-bogus=\"1\"><\/p>\n\n    <div class=\"xs_social_share_widget xs_share_url after_content \t\tmain_content  wslu-style-1 wslu-share-box-shaped wslu-fill-colored wslu-none wslu-share-horizontal wslu-theme-font-no wslu-main_content\">\n\n\t\t\n        <ul>\n\t\t\t        <\/ul>\n    <\/div>","protected":false},"excerpt":{"rendered":"<p style=\"margin: 0px 0px 25px;font-family: roboto;font-size: 18px;letter-spacing: 0.45px\">Day Gweneth RE-S Bag er en del av v\u00e5r b\u00e6rekraftige linje RE-S. Vesken er designet med et romslig hovedrom og en innerlomme, som begge lukkes med glidel\u00e5s. De lange komfortable stroppene s\u00f8rger for at du kan b\u00e6re baggen hele dagen. Posen er laget av 100% sertifisert og resirkulert materiale. Bruk den til jobb, skole, trening eller p\u00e5 reise. Denne vesken vil raskt bli uunnv\u00e6rlig og din favoritt!<\/p>\n<p style=\"margin: 0px 0px 25px;font-family: roboto;font-size: 18px;letter-spacing: 0.45px\"><\/p>\n<ul style=\"margin: 0px 0px 25px 30px;padding: 0px;font-family: roboto;font-size: 18px;letter-spacing: 0.45px\"><\/p>\n<li style=\"margin-bottom: 0px\">M\u00e5l: H:43cm \/ W:57cm \/ D:14cm.<\/li>\n<p><\/p>\n<li style=\"margin-bottom: 0px\">H\u00e5ndtak m\u00e5l: 72cm.<\/li>\n<p><\/p>\n<li style=\"margin-bottom: 0px\">Innvendige lommer: 1IZP.<\/li>\n<p><\/p>\n<li style=\"margin-bottom: 0px\">Plass til datamaskin: Ja.<\/li>\n<\/ul>","protected":false},"featured_media":5087,"comment_status":"open","ping_status":"closed","template":"","meta":{"iawp_total_views":0},"finnsalg_campaign":[],"product_brand":[251],"product_cat":[629,699,631],"product_tag":[254],"class_list":{"0":"post-5090","1":"product","2":"type-product","3":"status-publish","4":"has-post-thumbnail","6":"product_brand-day","7":"product_cat-bager-og-vesker","8":"product_cat-skuldervesker","9":"product_cat-vesker","10":"product_tag-romslig-bag","11":"thunk-woo-product-list","12":"opn-qv-enable","13":"open-woo-hover-","14":"open-single-product-tab-horizontal","15":"open-shadow-","16":"open-shadow-hover-","18":"first","19":"instock","20":"sale","21":"shipping-taxable","22":"purchasable","23":"product-type-simple"},"yoast_head":"<!-- This site is optimized with the Yoast SEO plugin v25.0 - https:\/\/yoast.com\/wordpress\/plugins\/seo\/ -->\n<title>DAY Gweneth RE-S Bag - FINNSALG<\/title>\n<meta name=\"robots\" content=\"index, follow, max-snippet:-1, max-image-preview:large, max-video-preview:-1\" \/>\n<link rel=\"canonical\" href=\"https:\/\/www.finnsalg.no\/en\/shop\/day-gweneth-re-s-bag\/\" \/>\n<meta property=\"og:locale\" content=\"en_US\" \/>\n<meta property=\"og:type\" content=\"article\" \/>\n<meta property=\"og:title\" content=\"DAY Gweneth RE-S Bag - FINNSALG\" \/>\n<meta property=\"og:description\" content=\"Day Gweneth RE-S Bag er en del av v\u00e5r b\u00e6rekraftige linje RE-S. Vesken er designet med et romslig hovedrom og en innerlomme, som begge lukkes med glidel\u00e5s. De lange komfortable stroppene s\u00f8rger for at du kan b\u00e6re baggen hele dagen. Posen er laget av 100% sertifisert og resirkulert materiale. Bruk den til jobb, skole, trening eller p\u00e5 reise. Denne vesken vil raskt bli uunnv\u00e6rlig og din favoritt!M\u00e5l: H:43cm \/ W:57cm \/ D:14cm.H\u00e5ndtak m\u00e5l: 72cm.Innvendige lommer: 1IZP.Plass til datamaskin: Ja.\" \/>\n<meta property=\"og:url\" content=\"https:\/\/www.finnsalg.no\/en\/shop\/day-gweneth-re-s-bag\/\" \/>\n<meta property=\"og:site_name\" content=\"FINNSALG\" \/>\n<meta property=\"article:modified_time\" content=\"2025-11-09T14:32:45+00:00\" \/>\n<meta property=\"og:image\" content=\"https:\/\/www.finnsalg.no\/wp-content\/uploads\/2025\/08\/0bc8019a-78db-45a9-9327-02f492cec942_1800x1800.webp\" \/>\n\t<meta property=\"og:image:width\" content=\"1296\" \/>\n\t<meta property=\"og:image:height\" content=\"1296\" \/>\n\t<meta property=\"og:image:type\" content=\"image\/webp\" \/>\n<meta name=\"twitter:card\" content=\"summary_large_image\" \/>\n<script type=\"application\/ld+json\" class=\"yoast-schema-graph\">{\"@context\":\"https:\/\/schema.org\",\"@graph\":[{\"@type\":\"WebPage\",\"@id\":\"https:\/\/www.finnsalg.no\/shop\/day-gweneth-re-s-bag\/\",\"url\":\"https:\/\/www.finnsalg.no\/shop\/day-gweneth-re-s-bag\/\",\"name\":\"DAY Gweneth RE-S Bag - FINNSALG\",\"isPartOf\":{\"@id\":\"https:\/\/www.finnsalg.no\/#website\"},\"primaryImageOfPage\":{\"@id\":\"https:\/\/www.finnsalg.no\/shop\/day-gweneth-re-s-bag\/#primaryimage\"},\"image\":{\"@id\":\"https:\/\/www.finnsalg.no\/shop\/day-gweneth-re-s-bag\/#primaryimage\"},\"thumbnailUrl\":\"https:\/\/www.finnsalg.no\/wp-content\/uploads\/2025\/08\/0bc8019a-78db-45a9-9327-02f492cec942_1800x1800.webp\",\"datePublished\":\"2025-08-28T12:14:06+00:00\",\"dateModified\":\"2025-11-09T14:32:45+00:00\",\"breadcrumb\":{\"@id\":\"https:\/\/www.finnsalg.no\/shop\/day-gweneth-re-s-bag\/#breadcrumb\"},\"inLanguage\":\"en-US\",\"potentialAction\":[{\"@type\":\"ReadAction\",\"target\":[\"https:\/\/www.finnsalg.no\/shop\/day-gweneth-re-s-bag\/\"]}]},{\"@type\":\"ImageObject\",\"inLanguage\":\"en-US\",\"@id\":\"https:\/\/www.finnsalg.no\/shop\/day-gweneth-re-s-bag\/#primaryimage\",\"url\":\"https:\/\/www.finnsalg.no\/wp-content\/uploads\/2025\/08\/0bc8019a-78db-45a9-9327-02f492cec942_1800x1800.webp\",\"contentUrl\":\"https:\/\/www.finnsalg.no\/wp-content\/uploads\/2025\/08\/0bc8019a-78db-45a9-9327-02f492cec942_1800x1800.webp\",\"width\":1296,\"height\":1296},{\"@type\":\"BreadcrumbList\",\"@id\":\"https:\/\/www.finnsalg.no\/shop\/day-gweneth-re-s-bag\/#breadcrumb\",\"itemListElement\":[{\"@type\":\"ListItem\",\"position\":1,\"name\":\"Hjem\",\"item\":\"https:\/\/www.finnsalg.no\/\"},{\"@type\":\"ListItem\",\"position\":2,\"name\":\"Butikker og Salg\",\"item\":\"https:\/\/www.finnsalg.no\/butikker-og-salg\/\"},{\"@type\":\"ListItem\",\"position\":3,\"name\":\"DAY Gweneth RE-S Bag\"}]},{\"@type\":\"WebSite\",\"@id\":\"https:\/\/www.finnsalg.no\/#website\",\"url\":\"https:\/\/www.finnsalg.no\/\",\"name\":\"FINNSALG\",\"description\":\"Finn de beste salgene p\u00e5 kl\u00e6r, sko, bagger og mye mer fra butikkene i hele Norge\",\"publisher\":{\"@id\":\"https:\/\/www.finnsalg.no\/#organization\"},\"potentialAction\":[{\"@type\":\"SearchAction\",\"target\":{\"@type\":\"EntryPoint\",\"urlTemplate\":\"https:\/\/www.finnsalg.no\/?s={search_term_string}\"},\"query-input\":{\"@type\":\"PropertyValueSpecification\",\"valueRequired\":true,\"valueName\":\"search_term_string\"}}],\"inLanguage\":\"en-US\"},{\"@type\":\"Organization\",\"@id\":\"https:\/\/www.finnsalg.no\/#organization\",\"name\":\"FINNSALG\",\"url\":\"https:\/\/www.finnsalg.no\/\",\"logo\":{\"@type\":\"ImageObject\",\"inLanguage\":\"en-US\",\"@id\":\"https:\/\/www.finnsalg.no\/#\/schema\/logo\/image\/\",\"url\":\"https:\/\/www.finnsalg.no\/wp-content\/uploads\/2025\/09\/cropped-logo_Customer3.jpg\",\"contentUrl\":\"https:\/\/www.finnsalg.no\/wp-content\/uploads\/2025\/09\/cropped-logo_Customer3.jpg\",\"width\":587,\"height\":182,\"caption\":\"FINNSALG\"},\"image\":{\"@id\":\"https:\/\/www.finnsalg.no\/#\/schema\/logo\/image\/\"}}]}<\/script>\n<!-- \/ Yoast SEO plugin. -->","yoast_head_json":{"title":"DAY Gweneth RE-S Bag - FINNSALG","robots":{"index":"index","follow":"follow","max-snippet":"max-snippet:-1","max-image-preview":"max-image-preview:large","max-video-preview":"max-video-preview:-1"},"canonical":"https:\/\/www.finnsalg.no\/en\/shop\/day-gweneth-re-s-bag\/","og_locale":"en_US","og_type":"article","og_title":"DAY Gweneth RE-S Bag - FINNSALG","og_description":"Day Gweneth RE-S Bag er en del av v\u00e5r b\u00e6rekraftige linje RE-S. Vesken er designet med et romslig hovedrom og en innerlomme, som begge lukkes med glidel\u00e5s. De lange komfortable stroppene s\u00f8rger for at du kan b\u00e6re baggen hele dagen. Posen er laget av 100% sertifisert og resirkulert materiale. Bruk den til jobb, skole, trening eller p\u00e5 reise. Denne vesken vil raskt bli uunnv\u00e6rlig og din favoritt!M\u00e5l: H:43cm \/ W:57cm \/ D:14cm.H\u00e5ndtak m\u00e5l: 72cm.Innvendige lommer: 1IZP.Plass til datamaskin: Ja.","og_url":"https:\/\/www.finnsalg.no\/en\/shop\/day-gweneth-re-s-bag\/","og_site_name":"FINNSALG","article_modified_time":"2025-11-09T14:32:45+00:00","og_image":[{"width":1296,"height":1296,"url":"https:\/\/www.finnsalg.no\/wp-content\/uploads\/2025\/08\/0bc8019a-78db-45a9-9327-02f492cec942_1800x1800.webp","type":"image\/webp"}],"twitter_card":"summary_large_image","schema":{"@context":"https:\/\/schema.org","@graph":[{"@type":"WebPage","@id":"https:\/\/www.finnsalg.no\/shop\/day-gweneth-re-s-bag\/","url":"https:\/\/www.finnsalg.no\/shop\/day-gweneth-re-s-bag\/","name":"DAY Gweneth RE-S Bag - FINNSALG","isPartOf":{"@id":"https:\/\/www.finnsalg.no\/#website"},"primaryImageOfPage":{"@id":"https:\/\/www.finnsalg.no\/shop\/day-gweneth-re-s-bag\/#primaryimage"},"image":{"@id":"https:\/\/www.finnsalg.no\/shop\/day-gweneth-re-s-bag\/#primaryimage"},"thumbnailUrl":"https:\/\/www.finnsalg.no\/wp-content\/uploads\/2025\/08\/0bc8019a-78db-45a9-9327-02f492cec942_1800x1800.webp","datePublished":"2025-08-28T12:14:06+00:00","dateModified":"2025-11-09T14:32:45+00:00","breadcrumb":{"@id":"https:\/\/www.finnsalg.no\/shop\/day-gweneth-re-s-bag\/#breadcrumb"},"inLanguage":"en-US","potentialAction":[{"@type":"ReadAction","target":["https:\/\/www.finnsalg.no\/shop\/day-gweneth-re-s-bag\/"]}]},{"@type":"ImageObject","inLanguage":"en-US","@id":"https:\/\/www.finnsalg.no\/shop\/day-gweneth-re-s-bag\/#primaryimage","url":"https:\/\/www.finnsalg.no\/wp-content\/uploads\/2025\/08\/0bc8019a-78db-45a9-9327-02f492cec942_1800x1800.webp","contentUrl":"https:\/\/www.finnsalg.no\/wp-content\/uploads\/2025\/08\/0bc8019a-78db-45a9-9327-02f492cec942_1800x1800.webp","width":1296,"height":1296},{"@type":"BreadcrumbList","@id":"https:\/\/www.finnsalg.no\/shop\/day-gweneth-re-s-bag\/#breadcrumb","itemListElement":[{"@type":"ListItem","position":1,"name":"Hjem","item":"https:\/\/www.finnsalg.no\/"},{"@type":"ListItem","position":2,"name":"Butikker og Salg","item":"https:\/\/www.finnsalg.no\/butikker-og-salg\/"},{"@type":"ListItem","position":3,"name":"DAY Gweneth RE-S Bag"}]},{"@type":"WebSite","@id":"https:\/\/www.finnsalg.no\/#website","url":"https:\/\/www.finnsalg.no\/","name":"FINNSALG","description":"Finn de beste salgene p\u00e5 kl\u00e6r, sko, bagger og mye mer fra butikkene i hele Norge","publisher":{"@id":"https:\/\/www.finnsalg.no\/#organization"},"potentialAction":[{"@type":"SearchAction","target":{"@type":"EntryPoint","urlTemplate":"https:\/\/www.finnsalg.no\/?s={search_term_string}"},"query-input":{"@type":"PropertyValueSpecification","valueRequired":true,"valueName":"search_term_string"}}],"inLanguage":"en-US"},{"@type":"Organization","@id":"https:\/\/www.finnsalg.no\/#organization","name":"FINNSALG","url":"https:\/\/www.finnsalg.no\/","logo":{"@type":"ImageObject","inLanguage":"en-US","@id":"https:\/\/www.finnsalg.no\/#\/schema\/logo\/image\/","url":"https:\/\/www.finnsalg.no\/wp-content\/uploads\/2025\/09\/cropped-logo_Customer3.jpg","contentUrl":"https:\/\/www.finnsalg.no\/wp-content\/uploads\/2025\/09\/cropped-logo_Customer3.jpg","width":587,"height":182,"caption":"FINNSALG"},"image":{"@id":"https:\/\/www.finnsalg.no\/#\/schema\/logo\/image\/"}}]}},"jetpack_sharing_enabled":true,"_links":{"self":[{"href":"https:\/\/www.finnsalg.no\/en\/wp-json\/wp\/v2\/product\/5090","targetHints":{"allow":["GET"]}}],"collection":[{"href":"https:\/\/www.finnsalg.no\/en\/wp-json\/wp\/v2\/product"}],"about":[{"href":"https:\/\/www.finnsalg.no\/en\/wp-json\/wp\/v2\/types\/product"}],"replies":[{"embeddable":true,"href":"https:\/\/www.finnsalg.no\/en\/wp-json\/wp\/v2\/comments?post=5090"}],"wp:featuredmedia":[{"embeddable":true,"href":"https:\/\/www.finnsalg.no\/en\/wp-json\/wp\/v2\/media\/5087"}],"wp:attachment":[{"href":"https:\/\/www.finnsalg.no\/en\/wp-json\/wp\/v2\/media?parent=5090"}],"wp:term":[{"taxonomy":"finnsalg_campaign","embeddable":true,"href":"https:\/\/www.finnsalg.no\/en\/wp-json\/wp\/v2\/finnsalg_campaign?post=5090"},{"taxonomy":"product_brand","embeddable":true,"href":"https:\/\/www.finnsalg.no\/en\/wp-json\/wp\/v2\/product_brand?post=5090"},{"taxonomy":"product_cat","embeddable":true,"href":"https:\/\/www.finnsalg.no\/en\/wp-json\/wp\/v2\/product_cat?post=5090"},{"taxonomy":"product_tag","embeddable":true,"href":"https:\/\/www.finnsalg.no\/en\/wp-json\/wp\/v2\/product_tag?post=5090"}],"curies":[{"name":"wp","href":"https:\/\/api.w.org\/{rel}","templated":true}]}}