{"id":4852,"date":"2025-08-27T15:35:13","date_gmt":"2025-08-27T15:35:13","guid":{"rendered":"https:\/\/www.finnsalg.no\/shop\/eliana-mini-maze-dress\/"},"modified":"2025-08-27T15:35:13","modified_gmt":"2025-08-27T15:35:13","slug":"eliana-mini-maze-dress","status":"publish","type":"product","link":"https:\/\/www.finnsalg.no\/en\/shop\/eliana-mini-maze-dress\/","title":{"rendered":"Eliana Mini Maze Dress"},"content":{"rendered":"<p><br data-mce-bogus=\"1\"><\/p>\n\n    <div class=\"xs_social_share_widget xs_share_url after_content \t\tmain_content  wslu-style-1 wslu-share-box-shaped wslu-fill-colored wslu-none wslu-share-horizontal wslu-theme-font-no wslu-main_content\">\n\n\t\t\n        <ul>\n\t\t\t        <\/ul>\n    <\/div>","protected":false},"excerpt":{"rendered":"<p><span>Opplev f\u00f8lelsen av \u00e5 v\u00e6re b\u00e5de elegant og leken i Eliana Mini Maze Dress \u2013 en unik kjole med et delikat print som virkelig skiller seg ut.\u00a0<\/span><\/p>\n<p><span>Den flatterende V-utringningen med hempe i front gir et feminint preg, mens de lette puffermene tilf\u00f8rer et snev av romantikk.\u00a0<\/span><\/p>\n<p><span>Passformen er normal, og stoffet f\u00f8les lett og behagelig mot huden \u2013 perfekt for alt fra hverdagsbruk til festlige anledninger.<\/span><\/p>","protected":false},"featured_media":4849,"comment_status":"open","ping_status":"closed","template":"","meta":{"iawp_total_views":0},"finnsalg_campaign":[],"product_brand":[177],"product_cat":[51,53],"product_tag":[178,180],"class_list":{"0":"post-4852","1":"product","2":"type-product","3":"status-publish","4":"has-post-thumbnail","6":"product_brand-kayani","7":"product_cat-damer","8":"product_cat-kjoler-skjorter","9":"product_tag-festkjoler","10":"product_tag-mini-kjoler","11":"thunk-woo-product-list","12":"opn-qv-enable","13":"open-woo-hover-","14":"open-single-product-tab-horizontal","15":"open-shadow-","16":"open-shadow-hover-","18":"first","19":"outofstock","20":"sale","21":"sold-individually","22":"shipping-taxable","23":"purchasable","24":"product-type-simple"},"yoast_head":"<!-- This site is optimized with the Yoast SEO plugin v25.0 - https:\/\/yoast.com\/wordpress\/plugins\/seo\/ -->\n<title>Eliana Mini Maze Dress - FINNSALG<\/title>\n<meta name=\"robots\" content=\"index, follow, max-snippet:-1, max-image-preview:large, max-video-preview:-1\" \/>\n<link rel=\"canonical\" href=\"https:\/\/www.finnsalg.no\/en\/shop\/eliana-mini-maze-dress\/\" \/>\n<meta property=\"og:locale\" content=\"en_US\" \/>\n<meta property=\"og:type\" content=\"article\" \/>\n<meta property=\"og:title\" content=\"Eliana Mini Maze Dress - FINNSALG\" \/>\n<meta property=\"og:description\" content=\"Opplev f\u00f8lelsen av \u00e5 v\u00e6re b\u00e5de elegant og leken i Eliana Mini Maze Dress \u2013 en unik kjole med et delikat print som virkelig skiller seg ut.\u00a0Den flatterende V-utringningen med hempe i front gir et feminint preg, mens de lette puffermene tilf\u00f8rer et snev av romantikk.\u00a0Passformen er normal, og stoffet f\u00f8les lett og behagelig mot huden \u2013 perfekt for alt fra hverdagsbruk til festlige anledninger.\" \/>\n<meta property=\"og:url\" content=\"https:\/\/www.finnsalg.no\/en\/shop\/eliana-mini-maze-dress\/\" \/>\n<meta property=\"og:site_name\" content=\"FINNSALG\" \/>\n<meta property=\"og:image\" content=\"https:\/\/www.finnsalg.no\/wp-content\/uploads\/2025\/08\/eliana-mini-maze-dress-kjoler-568.webp\" \/>\n\t<meta property=\"og:image:width\" content=\"500\" \/>\n\t<meta property=\"og:image:height\" content=\"739\" \/>\n\t<meta property=\"og:image:type\" content=\"image\/webp\" \/>\n<meta name=\"twitter:card\" content=\"summary_large_image\" \/>\n<script type=\"application\/ld+json\" class=\"yoast-schema-graph\">{\"@context\":\"https:\/\/schema.org\",\"@graph\":[{\"@type\":\"WebPage\",\"@id\":\"https:\/\/www.finnsalg.no\/shop\/eliana-mini-maze-dress\/\",\"url\":\"https:\/\/www.finnsalg.no\/shop\/eliana-mini-maze-dress\/\",\"name\":\"Eliana Mini Maze Dress - FINNSALG\",\"isPartOf\":{\"@id\":\"https:\/\/www.finnsalg.no\/#website\"},\"primaryImageOfPage\":{\"@id\":\"https:\/\/www.finnsalg.no\/shop\/eliana-mini-maze-dress\/#primaryimage\"},\"image\":{\"@id\":\"https:\/\/www.finnsalg.no\/shop\/eliana-mini-maze-dress\/#primaryimage\"},\"thumbnailUrl\":\"https:\/\/www.finnsalg.no\/wp-content\/uploads\/2025\/08\/eliana-mini-maze-dress-kjoler-568.webp\",\"datePublished\":\"2025-08-27T15:35:13+00:00\",\"breadcrumb\":{\"@id\":\"https:\/\/www.finnsalg.no\/shop\/eliana-mini-maze-dress\/#breadcrumb\"},\"inLanguage\":\"en-US\",\"potentialAction\":[{\"@type\":\"ReadAction\",\"target\":[\"https:\/\/www.finnsalg.no\/shop\/eliana-mini-maze-dress\/\"]}]},{\"@type\":\"ImageObject\",\"inLanguage\":\"en-US\",\"@id\":\"https:\/\/www.finnsalg.no\/shop\/eliana-mini-maze-dress\/#primaryimage\",\"url\":\"https:\/\/www.finnsalg.no\/wp-content\/uploads\/2025\/08\/eliana-mini-maze-dress-kjoler-568.webp\",\"contentUrl\":\"https:\/\/www.finnsalg.no\/wp-content\/uploads\/2025\/08\/eliana-mini-maze-dress-kjoler-568.webp\",\"width\":500,\"height\":739},{\"@type\":\"BreadcrumbList\",\"@id\":\"https:\/\/www.finnsalg.no\/shop\/eliana-mini-maze-dress\/#breadcrumb\",\"itemListElement\":[{\"@type\":\"ListItem\",\"position\":1,\"name\":\"Hjem\",\"item\":\"https:\/\/www.finnsalg.no\/\"},{\"@type\":\"ListItem\",\"position\":2,\"name\":\"Butikker og Salg\",\"item\":\"https:\/\/www.finnsalg.no\/butikker-og-salg\/\"},{\"@type\":\"ListItem\",\"position\":3,\"name\":\"Eliana Mini Maze Dress\"}]},{\"@type\":\"WebSite\",\"@id\":\"https:\/\/www.finnsalg.no\/#website\",\"url\":\"https:\/\/www.finnsalg.no\/\",\"name\":\"FINNSALG\",\"description\":\"Finn de beste salgene p\u00e5 kl\u00e6r, sko, bagger og mye mer fra butikkene i hele Norge\",\"publisher\":{\"@id\":\"https:\/\/www.finnsalg.no\/#organization\"},\"potentialAction\":[{\"@type\":\"SearchAction\",\"target\":{\"@type\":\"EntryPoint\",\"urlTemplate\":\"https:\/\/www.finnsalg.no\/?s={search_term_string}\"},\"query-input\":{\"@type\":\"PropertyValueSpecification\",\"valueRequired\":true,\"valueName\":\"search_term_string\"}}],\"inLanguage\":\"en-US\"},{\"@type\":\"Organization\",\"@id\":\"https:\/\/www.finnsalg.no\/#organization\",\"name\":\"FINNSALG\",\"url\":\"https:\/\/www.finnsalg.no\/\",\"logo\":{\"@type\":\"ImageObject\",\"inLanguage\":\"en-US\",\"@id\":\"https:\/\/www.finnsalg.no\/#\/schema\/logo\/image\/\",\"url\":\"https:\/\/www.finnsalg.no\/wp-content\/uploads\/2025\/09\/cropped-logo_Customer3.jpg\",\"contentUrl\":\"https:\/\/www.finnsalg.no\/wp-content\/uploads\/2025\/09\/cropped-logo_Customer3.jpg\",\"width\":587,\"height\":182,\"caption\":\"FINNSALG\"},\"image\":{\"@id\":\"https:\/\/www.finnsalg.no\/#\/schema\/logo\/image\/\"}}]}<\/script>\n<!-- \/ Yoast SEO plugin. -->","yoast_head_json":{"title":"Eliana Mini Maze Dress - FINNSALG","robots":{"index":"index","follow":"follow","max-snippet":"max-snippet:-1","max-image-preview":"max-image-preview:large","max-video-preview":"max-video-preview:-1"},"canonical":"https:\/\/www.finnsalg.no\/en\/shop\/eliana-mini-maze-dress\/","og_locale":"en_US","og_type":"article","og_title":"Eliana Mini Maze Dress - FINNSALG","og_description":"Opplev f\u00f8lelsen av \u00e5 v\u00e6re b\u00e5de elegant og leken i Eliana Mini Maze Dress \u2013 en unik kjole med et delikat print som virkelig skiller seg ut.\u00a0Den flatterende V-utringningen med hempe i front gir et feminint preg, mens de lette puffermene tilf\u00f8rer et snev av romantikk.\u00a0Passformen er normal, og stoffet f\u00f8les lett og behagelig mot huden \u2013 perfekt for alt fra hverdagsbruk til festlige anledninger.","og_url":"https:\/\/www.finnsalg.no\/en\/shop\/eliana-mini-maze-dress\/","og_site_name":"FINNSALG","og_image":[{"width":500,"height":739,"url":"https:\/\/www.finnsalg.no\/wp-content\/uploads\/2025\/08\/eliana-mini-maze-dress-kjoler-568.webp","type":"image\/webp"}],"twitter_card":"summary_large_image","schema":{"@context":"https:\/\/schema.org","@graph":[{"@type":"WebPage","@id":"https:\/\/www.finnsalg.no\/shop\/eliana-mini-maze-dress\/","url":"https:\/\/www.finnsalg.no\/shop\/eliana-mini-maze-dress\/","name":"Eliana Mini Maze Dress - FINNSALG","isPartOf":{"@id":"https:\/\/www.finnsalg.no\/#website"},"primaryImageOfPage":{"@id":"https:\/\/www.finnsalg.no\/shop\/eliana-mini-maze-dress\/#primaryimage"},"image":{"@id":"https:\/\/www.finnsalg.no\/shop\/eliana-mini-maze-dress\/#primaryimage"},"thumbnailUrl":"https:\/\/www.finnsalg.no\/wp-content\/uploads\/2025\/08\/eliana-mini-maze-dress-kjoler-568.webp","datePublished":"2025-08-27T15:35:13+00:00","breadcrumb":{"@id":"https:\/\/www.finnsalg.no\/shop\/eliana-mini-maze-dress\/#breadcrumb"},"inLanguage":"en-US","potentialAction":[{"@type":"ReadAction","target":["https:\/\/www.finnsalg.no\/shop\/eliana-mini-maze-dress\/"]}]},{"@type":"ImageObject","inLanguage":"en-US","@id":"https:\/\/www.finnsalg.no\/shop\/eliana-mini-maze-dress\/#primaryimage","url":"https:\/\/www.finnsalg.no\/wp-content\/uploads\/2025\/08\/eliana-mini-maze-dress-kjoler-568.webp","contentUrl":"https:\/\/www.finnsalg.no\/wp-content\/uploads\/2025\/08\/eliana-mini-maze-dress-kjoler-568.webp","width":500,"height":739},{"@type":"BreadcrumbList","@id":"https:\/\/www.finnsalg.no\/shop\/eliana-mini-maze-dress\/#breadcrumb","itemListElement":[{"@type":"ListItem","position":1,"name":"Hjem","item":"https:\/\/www.finnsalg.no\/"},{"@type":"ListItem","position":2,"name":"Butikker og Salg","item":"https:\/\/www.finnsalg.no\/butikker-og-salg\/"},{"@type":"ListItem","position":3,"name":"Eliana Mini Maze Dress"}]},{"@type":"WebSite","@id":"https:\/\/www.finnsalg.no\/#website","url":"https:\/\/www.finnsalg.no\/","name":"FINNSALG","description":"Finn de beste salgene p\u00e5 kl\u00e6r, sko, bagger og mye mer fra butikkene i hele Norge","publisher":{"@id":"https:\/\/www.finnsalg.no\/#organization"},"potentialAction":[{"@type":"SearchAction","target":{"@type":"EntryPoint","urlTemplate":"https:\/\/www.finnsalg.no\/?s={search_term_string}"},"query-input":{"@type":"PropertyValueSpecification","valueRequired":true,"valueName":"search_term_string"}}],"inLanguage":"en-US"},{"@type":"Organization","@id":"https:\/\/www.finnsalg.no\/#organization","name":"FINNSALG","url":"https:\/\/www.finnsalg.no\/","logo":{"@type":"ImageObject","inLanguage":"en-US","@id":"https:\/\/www.finnsalg.no\/#\/schema\/logo\/image\/","url":"https:\/\/www.finnsalg.no\/wp-content\/uploads\/2025\/09\/cropped-logo_Customer3.jpg","contentUrl":"https:\/\/www.finnsalg.no\/wp-content\/uploads\/2025\/09\/cropped-logo_Customer3.jpg","width":587,"height":182,"caption":"FINNSALG"},"image":{"@id":"https:\/\/www.finnsalg.no\/#\/schema\/logo\/image\/"}}]}},"jetpack_sharing_enabled":true,"_links":{"self":[{"href":"https:\/\/www.finnsalg.no\/en\/wp-json\/wp\/v2\/product\/4852","targetHints":{"allow":["GET"]}}],"collection":[{"href":"https:\/\/www.finnsalg.no\/en\/wp-json\/wp\/v2\/product"}],"about":[{"href":"https:\/\/www.finnsalg.no\/en\/wp-json\/wp\/v2\/types\/product"}],"replies":[{"embeddable":true,"href":"https:\/\/www.finnsalg.no\/en\/wp-json\/wp\/v2\/comments?post=4852"}],"wp:featuredmedia":[{"embeddable":true,"href":"https:\/\/www.finnsalg.no\/en\/wp-json\/wp\/v2\/media\/4849"}],"wp:attachment":[{"href":"https:\/\/www.finnsalg.no\/en\/wp-json\/wp\/v2\/media?parent=4852"}],"wp:term":[{"taxonomy":"finnsalg_campaign","embeddable":true,"href":"https:\/\/www.finnsalg.no\/en\/wp-json\/wp\/v2\/finnsalg_campaign?post=4852"},{"taxonomy":"product_brand","embeddable":true,"href":"https:\/\/www.finnsalg.no\/en\/wp-json\/wp\/v2\/product_brand?post=4852"},{"taxonomy":"product_cat","embeddable":true,"href":"https:\/\/www.finnsalg.no\/en\/wp-json\/wp\/v2\/product_cat?post=4852"},{"taxonomy":"product_tag","embeddable":true,"href":"https:\/\/www.finnsalg.no\/en\/wp-json\/wp\/v2\/product_tag?post=4852"}],"curies":[{"name":"wp","href":"https:\/\/api.w.org\/{rel}","templated":true}]}}