{"id":4848,"date":"2025-08-27T13:33:46","date_gmt":"2025-08-27T13:33:46","guid":{"rendered":"https:\/\/www.finnsalg.no\/shop\/luna-drape-gown\/"},"modified":"2025-08-27T15:29:56","modified_gmt":"2025-08-27T15:29:56","slug":"luna-drape-gown","status":"publish","type":"product","link":"https:\/\/www.finnsalg.no\/en\/shop\/luna-drape-gown\/","title":{"rendered":"Luna Drape Gown"},"content":{"rendered":"<p><\/p>\n\n    <div class=\"xs_social_share_widget xs_share_url after_content \t\tmain_content  wslu-style-1 wslu-share-box-shaped wslu-fill-colored wslu-none wslu-share-horizontal wslu-theme-font-no wslu-main_content\">\n\n\t\t\n        <ul>\n\t\t\t        <\/ul>\n    <\/div>","protected":false},"excerpt":{"rendered":"<p>Bli kjent med Luna Drape Gown, selve essensen av eleganse og komfort i en maxikjole. Designet for \u00e5 v\u00e6re det ultimate statement-plagget, kombinerer denne kjolen luksuri\u00f8s komfort med eksklusiv stil for \u00e5 l\u00f8fte sommergarderoben din.<\/p>\n<p>Utviklet med omhu og oppmerksomhet p\u00e5 detaljer, har Luna Drape Gown skulderputer som legger til struktur og sofistikasjon til silhuetten din, mens V-utringningen fremhever dekolletasjen din med tidl\u00f8s sjarm. Fullf\u00f8rt med en glidel\u00e5s i ryggen for enkel p\u00e5kledning, lover denne kjolen en s\u00f8ml\u00f8s passform hver gang.<\/p>\n<p>Perfekt for sommernetter, bryllup og sommerfester, er denne allsidige kjolen et must for enhver anledning. Den flytende draperingen og pustende stoffet sikrer at du holder deg kj\u00f8lig og komfortabel hele natten, mens det tidl\u00f8se designet lar deg bruke den igjen og igjen, og enkelt tilpasse deg fra ett arrangement til det neste.<\/p>\n<p>Gj\u00f8r et varig inntrykk og utstr\u00e5l selvtillit uansett hvor du g\u00e5r med Luna Drape Gown &#8211; et tidl\u00f8st plagg som utstr\u00e5ler sofistikasjon og stil.<\/p>","protected":false},"featured_media":4846,"comment_status":"open","ping_status":"closed","template":"","meta":{"iawp_total_views":2},"finnsalg_campaign":[],"product_brand":[177],"product_cat":[51,53],"product_tag":[179,178],"class_list":{"0":"post-4848","1":"product","2":"type-product","3":"status-publish","4":"has-post-thumbnail","6":"product_brand-kayani","7":"product_cat-damer","8":"product_cat-kjoler-skjorter","9":"product_tag-elegant-kjole","10":"product_tag-festkjoler","11":"thunk-woo-product-list","12":"opn-qv-enable","13":"open-woo-hover-","14":"open-single-product-tab-horizontal","15":"open-shadow-","16":"open-shadow-hover-","18":"first","19":"instock","20":"sale","21":"sold-individually","22":"shipping-taxable","23":"purchasable","24":"product-type-simple"},"yoast_head":"<!-- This site is optimized with the Yoast SEO plugin v25.0 - https:\/\/yoast.com\/wordpress\/plugins\/seo\/ -->\n<title>Luna Drape Gown - FINNSALG<\/title>\n<meta name=\"robots\" content=\"index, follow, max-snippet:-1, max-image-preview:large, max-video-preview:-1\" \/>\n<link rel=\"canonical\" href=\"https:\/\/www.finnsalg.no\/en\/shop\/luna-drape-gown\/\" \/>\n<meta property=\"og:locale\" content=\"en_US\" \/>\n<meta property=\"og:type\" content=\"article\" \/>\n<meta property=\"og:title\" content=\"Luna Drape Gown - FINNSALG\" \/>\n<meta property=\"og:description\" content=\"Bli kjent med Luna Drape Gown, selve essensen av eleganse og komfort i en maxikjole. Designet for \u00e5 v\u00e6re det ultimate statement-plagget, kombinerer denne kjolen luksuri\u00f8s komfort med eksklusiv stil for \u00e5 l\u00f8fte sommergarderoben din.Utviklet med omhu og oppmerksomhet p\u00e5 detaljer, har Luna Drape Gown skulderputer som legger til struktur og sofistikasjon til silhuetten din, mens V-utringningen fremhever dekolletasjen din med tidl\u00f8s sjarm. Fullf\u00f8rt med en glidel\u00e5s i ryggen for enkel p\u00e5kledning, lover denne kjolen en s\u00f8ml\u00f8s passform hver gang.Perfekt for sommernetter, bryllup og sommerfester, er denne allsidige kjolen et must for enhver anledning. Den flytende draperingen og pustende stoffet sikrer at du holder deg kj\u00f8lig og komfortabel hele natten, mens det tidl\u00f8se designet lar deg bruke den igjen og igjen, og enkelt tilpasse deg fra ett arrangement til det neste.Gj\u00f8r et varig inntrykk og utstr\u00e5l selvtillit uansett hvor du g\u00e5r med Luna Drape Gown - et tidl\u00f8st plagg som utstr\u00e5ler sofistikasjon og stil.\" \/>\n<meta property=\"og:url\" content=\"https:\/\/www.finnsalg.no\/en\/shop\/luna-drape-gown\/\" \/>\n<meta property=\"og:site_name\" content=\"FINNSALG\" \/>\n<meta property=\"article:modified_time\" content=\"2025-08-27T15:29:56+00:00\" \/>\n<meta property=\"og:image\" content=\"https:\/\/www.finnsalg.no\/wp-content\/uploads\/2025\/08\/luna-drape-gown-kjoler-377.webp\" \/>\n\t<meta property=\"og:image:width\" content=\"500\" \/>\n\t<meta property=\"og:image:height\" content=\"747\" \/>\n\t<meta property=\"og:image:type\" content=\"image\/webp\" \/>\n<meta name=\"twitter:card\" content=\"summary_large_image\" \/>\n<script type=\"application\/ld+json\" class=\"yoast-schema-graph\">{\"@context\":\"https:\/\/schema.org\",\"@graph\":[{\"@type\":\"WebPage\",\"@id\":\"https:\/\/www.finnsalg.no\/shop\/luna-drape-gown\/\",\"url\":\"https:\/\/www.finnsalg.no\/shop\/luna-drape-gown\/\",\"name\":\"Luna Drape Gown - FINNSALG\",\"isPartOf\":{\"@id\":\"https:\/\/www.finnsalg.no\/#website\"},\"primaryImageOfPage\":{\"@id\":\"https:\/\/www.finnsalg.no\/shop\/luna-drape-gown\/#primaryimage\"},\"image\":{\"@id\":\"https:\/\/www.finnsalg.no\/shop\/luna-drape-gown\/#primaryimage\"},\"thumbnailUrl\":\"https:\/\/www.finnsalg.no\/wp-content\/uploads\/2025\/08\/luna-drape-gown-kjoler-377.webp\",\"datePublished\":\"2025-08-27T13:33:46+00:00\",\"dateModified\":\"2025-08-27T15:29:56+00:00\",\"breadcrumb\":{\"@id\":\"https:\/\/www.finnsalg.no\/shop\/luna-drape-gown\/#breadcrumb\"},\"inLanguage\":\"en-US\",\"potentialAction\":[{\"@type\":\"ReadAction\",\"target\":[\"https:\/\/www.finnsalg.no\/shop\/luna-drape-gown\/\"]}]},{\"@type\":\"ImageObject\",\"inLanguage\":\"en-US\",\"@id\":\"https:\/\/www.finnsalg.no\/shop\/luna-drape-gown\/#primaryimage\",\"url\":\"https:\/\/www.finnsalg.no\/wp-content\/uploads\/2025\/08\/luna-drape-gown-kjoler-377.webp\",\"contentUrl\":\"https:\/\/www.finnsalg.no\/wp-content\/uploads\/2025\/08\/luna-drape-gown-kjoler-377.webp\",\"width\":500,\"height\":747},{\"@type\":\"BreadcrumbList\",\"@id\":\"https:\/\/www.finnsalg.no\/shop\/luna-drape-gown\/#breadcrumb\",\"itemListElement\":[{\"@type\":\"ListItem\",\"position\":1,\"name\":\"Hjem\",\"item\":\"https:\/\/www.finnsalg.no\/\"},{\"@type\":\"ListItem\",\"position\":2,\"name\":\"Butikker og Salg\",\"item\":\"https:\/\/www.finnsalg.no\/butikker-og-salg\/\"},{\"@type\":\"ListItem\",\"position\":3,\"name\":\"Luna Drape Gown\"}]},{\"@type\":\"WebSite\",\"@id\":\"https:\/\/www.finnsalg.no\/#website\",\"url\":\"https:\/\/www.finnsalg.no\/\",\"name\":\"FINNSALG\",\"description\":\"Finn de beste salgene p\u00e5 kl\u00e6r, sko, bagger og mye mer fra butikkene i hele Norge\",\"publisher\":{\"@id\":\"https:\/\/www.finnsalg.no\/#organization\"},\"potentialAction\":[{\"@type\":\"SearchAction\",\"target\":{\"@type\":\"EntryPoint\",\"urlTemplate\":\"https:\/\/www.finnsalg.no\/?s={search_term_string}\"},\"query-input\":{\"@type\":\"PropertyValueSpecification\",\"valueRequired\":true,\"valueName\":\"search_term_string\"}}],\"inLanguage\":\"en-US\"},{\"@type\":\"Organization\",\"@id\":\"https:\/\/www.finnsalg.no\/#organization\",\"name\":\"FINNSALG\",\"url\":\"https:\/\/www.finnsalg.no\/\",\"logo\":{\"@type\":\"ImageObject\",\"inLanguage\":\"en-US\",\"@id\":\"https:\/\/www.finnsalg.no\/#\/schema\/logo\/image\/\",\"url\":\"https:\/\/www.finnsalg.no\/wp-content\/uploads\/2025\/09\/cropped-logo_Customer3.jpg\",\"contentUrl\":\"https:\/\/www.finnsalg.no\/wp-content\/uploads\/2025\/09\/cropped-logo_Customer3.jpg\",\"width\":587,\"height\":182,\"caption\":\"FINNSALG\"},\"image\":{\"@id\":\"https:\/\/www.finnsalg.no\/#\/schema\/logo\/image\/\"}}]}<\/script>\n<!-- \/ Yoast SEO plugin. -->","yoast_head_json":{"title":"Luna Drape Gown - FINNSALG","robots":{"index":"index","follow":"follow","max-snippet":"max-snippet:-1","max-image-preview":"max-image-preview:large","max-video-preview":"max-video-preview:-1"},"canonical":"https:\/\/www.finnsalg.no\/en\/shop\/luna-drape-gown\/","og_locale":"en_US","og_type":"article","og_title":"Luna Drape Gown - FINNSALG","og_description":"Bli kjent med Luna Drape Gown, selve essensen av eleganse og komfort i en maxikjole. Designet for \u00e5 v\u00e6re det ultimate statement-plagget, kombinerer denne kjolen luksuri\u00f8s komfort med eksklusiv stil for \u00e5 l\u00f8fte sommergarderoben din.Utviklet med omhu og oppmerksomhet p\u00e5 detaljer, har Luna Drape Gown skulderputer som legger til struktur og sofistikasjon til silhuetten din, mens V-utringningen fremhever dekolletasjen din med tidl\u00f8s sjarm. Fullf\u00f8rt med en glidel\u00e5s i ryggen for enkel p\u00e5kledning, lover denne kjolen en s\u00f8ml\u00f8s passform hver gang.Perfekt for sommernetter, bryllup og sommerfester, er denne allsidige kjolen et must for enhver anledning. Den flytende draperingen og pustende stoffet sikrer at du holder deg kj\u00f8lig og komfortabel hele natten, mens det tidl\u00f8se designet lar deg bruke den igjen og igjen, og enkelt tilpasse deg fra ett arrangement til det neste.Gj\u00f8r et varig inntrykk og utstr\u00e5l selvtillit uansett hvor du g\u00e5r med Luna Drape Gown - et tidl\u00f8st plagg som utstr\u00e5ler sofistikasjon og stil.","og_url":"https:\/\/www.finnsalg.no\/en\/shop\/luna-drape-gown\/","og_site_name":"FINNSALG","article_modified_time":"2025-08-27T15:29:56+00:00","og_image":[{"width":500,"height":747,"url":"https:\/\/www.finnsalg.no\/wp-content\/uploads\/2025\/08\/luna-drape-gown-kjoler-377.webp","type":"image\/webp"}],"twitter_card":"summary_large_image","schema":{"@context":"https:\/\/schema.org","@graph":[{"@type":"WebPage","@id":"https:\/\/www.finnsalg.no\/shop\/luna-drape-gown\/","url":"https:\/\/www.finnsalg.no\/shop\/luna-drape-gown\/","name":"Luna Drape Gown - FINNSALG","isPartOf":{"@id":"https:\/\/www.finnsalg.no\/#website"},"primaryImageOfPage":{"@id":"https:\/\/www.finnsalg.no\/shop\/luna-drape-gown\/#primaryimage"},"image":{"@id":"https:\/\/www.finnsalg.no\/shop\/luna-drape-gown\/#primaryimage"},"thumbnailUrl":"https:\/\/www.finnsalg.no\/wp-content\/uploads\/2025\/08\/luna-drape-gown-kjoler-377.webp","datePublished":"2025-08-27T13:33:46+00:00","dateModified":"2025-08-27T15:29:56+00:00","breadcrumb":{"@id":"https:\/\/www.finnsalg.no\/shop\/luna-drape-gown\/#breadcrumb"},"inLanguage":"en-US","potentialAction":[{"@type":"ReadAction","target":["https:\/\/www.finnsalg.no\/shop\/luna-drape-gown\/"]}]},{"@type":"ImageObject","inLanguage":"en-US","@id":"https:\/\/www.finnsalg.no\/shop\/luna-drape-gown\/#primaryimage","url":"https:\/\/www.finnsalg.no\/wp-content\/uploads\/2025\/08\/luna-drape-gown-kjoler-377.webp","contentUrl":"https:\/\/www.finnsalg.no\/wp-content\/uploads\/2025\/08\/luna-drape-gown-kjoler-377.webp","width":500,"height":747},{"@type":"BreadcrumbList","@id":"https:\/\/www.finnsalg.no\/shop\/luna-drape-gown\/#breadcrumb","itemListElement":[{"@type":"ListItem","position":1,"name":"Hjem","item":"https:\/\/www.finnsalg.no\/"},{"@type":"ListItem","position":2,"name":"Butikker og Salg","item":"https:\/\/www.finnsalg.no\/butikker-og-salg\/"},{"@type":"ListItem","position":3,"name":"Luna Drape Gown"}]},{"@type":"WebSite","@id":"https:\/\/www.finnsalg.no\/#website","url":"https:\/\/www.finnsalg.no\/","name":"FINNSALG","description":"Finn de beste salgene p\u00e5 kl\u00e6r, sko, bagger og mye mer fra butikkene i hele Norge","publisher":{"@id":"https:\/\/www.finnsalg.no\/#organization"},"potentialAction":[{"@type":"SearchAction","target":{"@type":"EntryPoint","urlTemplate":"https:\/\/www.finnsalg.no\/?s={search_term_string}"},"query-input":{"@type":"PropertyValueSpecification","valueRequired":true,"valueName":"search_term_string"}}],"inLanguage":"en-US"},{"@type":"Organization","@id":"https:\/\/www.finnsalg.no\/#organization","name":"FINNSALG","url":"https:\/\/www.finnsalg.no\/","logo":{"@type":"ImageObject","inLanguage":"en-US","@id":"https:\/\/www.finnsalg.no\/#\/schema\/logo\/image\/","url":"https:\/\/www.finnsalg.no\/wp-content\/uploads\/2025\/09\/cropped-logo_Customer3.jpg","contentUrl":"https:\/\/www.finnsalg.no\/wp-content\/uploads\/2025\/09\/cropped-logo_Customer3.jpg","width":587,"height":182,"caption":"FINNSALG"},"image":{"@id":"https:\/\/www.finnsalg.no\/#\/schema\/logo\/image\/"}}]}},"jetpack_sharing_enabled":true,"_links":{"self":[{"href":"https:\/\/www.finnsalg.no\/en\/wp-json\/wp\/v2\/product\/4848","targetHints":{"allow":["GET"]}}],"collection":[{"href":"https:\/\/www.finnsalg.no\/en\/wp-json\/wp\/v2\/product"}],"about":[{"href":"https:\/\/www.finnsalg.no\/en\/wp-json\/wp\/v2\/types\/product"}],"replies":[{"embeddable":true,"href":"https:\/\/www.finnsalg.no\/en\/wp-json\/wp\/v2\/comments?post=4848"}],"wp:featuredmedia":[{"embeddable":true,"href":"https:\/\/www.finnsalg.no\/en\/wp-json\/wp\/v2\/media\/4846"}],"wp:attachment":[{"href":"https:\/\/www.finnsalg.no\/en\/wp-json\/wp\/v2\/media?parent=4848"}],"wp:term":[{"taxonomy":"finnsalg_campaign","embeddable":true,"href":"https:\/\/www.finnsalg.no\/en\/wp-json\/wp\/v2\/finnsalg_campaign?post=4848"},{"taxonomy":"product_brand","embeddable":true,"href":"https:\/\/www.finnsalg.no\/en\/wp-json\/wp\/v2\/product_brand?post=4848"},{"taxonomy":"product_cat","embeddable":true,"href":"https:\/\/www.finnsalg.no\/en\/wp-json\/wp\/v2\/product_cat?post=4848"},{"taxonomy":"product_tag","embeddable":true,"href":"https:\/\/www.finnsalg.no\/en\/wp-json\/wp\/v2\/product_tag?post=4848"}],"curies":[{"name":"wp","href":"https:\/\/api.w.org\/{rel}","templated":true}]}}