{"id":4835,"date":"2025-08-27T11:46:19","date_gmt":"2025-08-27T11:46:19","guid":{"rendered":"https:\/\/www.finnsalg.no\/shop\/411-mc-skinnjakke-til-damece-beskyttere\/"},"modified":"2025-11-09T15:00:09","modified_gmt":"2025-11-09T15:00:09","slug":"411-mc-skinnjakke-til-damece-beskyttere","status":"publish","type":"product","link":"https:\/\/www.finnsalg.no\/en\/shop\/411-mc-skinnjakke-til-damece-beskyttere\/","title":{"rendered":"411 MC SKINNJAKKE TIL DAME,CE.BESKYTTERE"},"content":{"rendered":"<p><br data-mce-bogus=\"1\"><\/p>\n\n    <div class=\"xs_social_share_widget xs_share_url after_content \t\tmain_content  wslu-style-1 wslu-share-box-shaped wslu-fill-colored wslu-none wslu-share-horizontal wslu-theme-font-no wslu-main_content\">\n\n\t\t\n        <ul>\n\t\t\t        <\/ul>\n    <\/div>","protected":false},"excerpt":{"rendered":"<p><br data-mce-bogus=\"1\"><\/p>\n<h4 style=\"font-family: Prompt, sans-serif;font-weight: 500;line-height: 1.1;margin-top: 10px;margin-bottom: 10px;font-size: 18px\">Informasjon<\/h4>\n<p style=\"margin: 0px 0px 10px;font-family: Prompt, sans-serif;font-size: 14px\">WELL DONE\u00a0 ART. 411 SKINNJAKKE TIL DAME<br \/>MYKT OG PEN JAKKE<br \/>CE.DOGKJENT BESKYTTER P\u00c5 SKULDRENE OG ALBUENE<br \/>RYGGSKINNE<br \/>GLIDEL\u00c5S BAK TIL \u00c5 SETTE SAMMEN MED BUKSE<br \/>FLERE LOMMER UTVENDIG OG INNVENDIG<\/p>","protected":false},"featured_media":4834,"comment_status":"open","ping_status":"closed","template":"","meta":{"iawp_total_views":5},"finnsalg_campaign":[],"product_brand":[168],"product_cat":[596,107],"product_tag":[134,169,171],"class_list":{"0":"post-4835","1":"product","2":"type-product","3":"status-publish","4":"has-post-thumbnail","6":"product_brand-well-done","7":"product_cat-mc-jakker","8":"product_cat-mc-sport-hobby","9":"product_tag-jakke","10":"product_tag-mc","11":"product_tag-skinnjakke-for-damer","12":"thunk-woo-product-list","13":"opn-qv-enable","14":"open-woo-hover-","15":"open-single-product-tab-horizontal","16":"open-shadow-","17":"open-shadow-hover-","19":"first","20":"outofstock","21":"sale","22":"sold-individually","23":"shipping-taxable","24":"purchasable","25":"product-type-simple"},"yoast_head":"<!-- This site is optimized with the Yoast SEO plugin v25.0 - https:\/\/yoast.com\/wordpress\/plugins\/seo\/ -->\n<title>411 MC SKINNJAKKE TIL DAME,CE.BESKYTTERE - FINNSALG<\/title>\n<meta name=\"robots\" content=\"index, follow, max-snippet:-1, max-image-preview:large, max-video-preview:-1\" \/>\n<link rel=\"canonical\" href=\"https:\/\/www.finnsalg.no\/en\/shop\/411-mc-skinnjakke-til-damece-beskyttere\/\" \/>\n<meta property=\"og:locale\" content=\"en_US\" \/>\n<meta property=\"og:type\" content=\"article\" \/>\n<meta property=\"og:title\" content=\"411 MC SKINNJAKKE TIL DAME,CE.BESKYTTERE - FINNSALG\" \/>\n<meta property=\"og:description\" content=\"InformasjonWELL DONE\u00a0 ART. 411 SKINNJAKKE TIL DAMEMYKT OG PEN JAKKECE.DOGKJENT BESKYTTER P\u00c5 SKULDRENE OG ALBUENERYGGSKINNEGLIDEL\u00c5S BAK TIL \u00c5 SETTE SAMMEN MED BUKSEFLERE LOMMER UTVENDIG OG INNVENDIG\" \/>\n<meta property=\"og:url\" content=\"https:\/\/www.finnsalg.no\/en\/shop\/411-mc-skinnjakke-til-damece-beskyttere\/\" \/>\n<meta property=\"og:site_name\" content=\"FINNSALG\" \/>\n<meta property=\"article:modified_time\" content=\"2025-11-09T15:00:09+00:00\" \/>\n<meta property=\"og:image\" content=\"https:\/\/www.finnsalg.no\/wp-content\/uploads\/2025\/08\/72068_WELL_DONE_WELL_DONE_411_SKINNJAKKE_TIL_DAME__1.jpg\" \/>\n\t<meta property=\"og:image:width\" content=\"404\" \/>\n\t<meta property=\"og:image:height\" content=\"570\" \/>\n\t<meta property=\"og:image:type\" content=\"image\/jpeg\" \/>\n<meta name=\"twitter:card\" content=\"summary_large_image\" \/>\n<script type=\"application\/ld+json\" class=\"yoast-schema-graph\">{\"@context\":\"https:\/\/schema.org\",\"@graph\":[{\"@type\":\"WebPage\",\"@id\":\"https:\/\/www.finnsalg.no\/shop\/411-mc-skinnjakke-til-damece-beskyttere\/\",\"url\":\"https:\/\/www.finnsalg.no\/shop\/411-mc-skinnjakke-til-damece-beskyttere\/\",\"name\":\"411 MC SKINNJAKKE TIL DAME,CE.BESKYTTERE - FINNSALG\",\"isPartOf\":{\"@id\":\"https:\/\/www.finnsalg.no\/#website\"},\"primaryImageOfPage\":{\"@id\":\"https:\/\/www.finnsalg.no\/shop\/411-mc-skinnjakke-til-damece-beskyttere\/#primaryimage\"},\"image\":{\"@id\":\"https:\/\/www.finnsalg.no\/shop\/411-mc-skinnjakke-til-damece-beskyttere\/#primaryimage\"},\"thumbnailUrl\":\"https:\/\/www.finnsalg.no\/wp-content\/uploads\/2025\/08\/72068_WELL_DONE_WELL_DONE_411_SKINNJAKKE_TIL_DAME__1.jpg\",\"datePublished\":\"2025-08-27T11:46:19+00:00\",\"dateModified\":\"2025-11-09T15:00:09+00:00\",\"breadcrumb\":{\"@id\":\"https:\/\/www.finnsalg.no\/shop\/411-mc-skinnjakke-til-damece-beskyttere\/#breadcrumb\"},\"inLanguage\":\"en-US\",\"potentialAction\":[{\"@type\":\"ReadAction\",\"target\":[\"https:\/\/www.finnsalg.no\/shop\/411-mc-skinnjakke-til-damece-beskyttere\/\"]}]},{\"@type\":\"ImageObject\",\"inLanguage\":\"en-US\",\"@id\":\"https:\/\/www.finnsalg.no\/shop\/411-mc-skinnjakke-til-damece-beskyttere\/#primaryimage\",\"url\":\"https:\/\/www.finnsalg.no\/wp-content\/uploads\/2025\/08\/72068_WELL_DONE_WELL_DONE_411_SKINNJAKKE_TIL_DAME__1.jpg\",\"contentUrl\":\"https:\/\/www.finnsalg.no\/wp-content\/uploads\/2025\/08\/72068_WELL_DONE_WELL_DONE_411_SKINNJAKKE_TIL_DAME__1.jpg\",\"width\":404,\"height\":570},{\"@type\":\"BreadcrumbList\",\"@id\":\"https:\/\/www.finnsalg.no\/shop\/411-mc-skinnjakke-til-damece-beskyttere\/#breadcrumb\",\"itemListElement\":[{\"@type\":\"ListItem\",\"position\":1,\"name\":\"Hjem\",\"item\":\"https:\/\/www.finnsalg.no\/\"},{\"@type\":\"ListItem\",\"position\":2,\"name\":\"Butikker og Salg\",\"item\":\"https:\/\/www.finnsalg.no\/butikker-og-salg\/\"},{\"@type\":\"ListItem\",\"position\":3,\"name\":\"411 MC SKINNJAKKE TIL DAME,CE.BESKYTTERE\"}]},{\"@type\":\"WebSite\",\"@id\":\"https:\/\/www.finnsalg.no\/#website\",\"url\":\"https:\/\/www.finnsalg.no\/\",\"name\":\"FINNSALG\",\"description\":\"Finn de beste salgene p\u00e5 kl\u00e6r, sko, bagger og mye mer fra butikkene i hele Norge\",\"publisher\":{\"@id\":\"https:\/\/www.finnsalg.no\/#organization\"},\"potentialAction\":[{\"@type\":\"SearchAction\",\"target\":{\"@type\":\"EntryPoint\",\"urlTemplate\":\"https:\/\/www.finnsalg.no\/?s={search_term_string}\"},\"query-input\":{\"@type\":\"PropertyValueSpecification\",\"valueRequired\":true,\"valueName\":\"search_term_string\"}}],\"inLanguage\":\"en-US\"},{\"@type\":\"Organization\",\"@id\":\"https:\/\/www.finnsalg.no\/#organization\",\"name\":\"FINNSALG\",\"url\":\"https:\/\/www.finnsalg.no\/\",\"logo\":{\"@type\":\"ImageObject\",\"inLanguage\":\"en-US\",\"@id\":\"https:\/\/www.finnsalg.no\/#\/schema\/logo\/image\/\",\"url\":\"https:\/\/www.finnsalg.no\/wp-content\/uploads\/2025\/09\/cropped-logo_Customer3.jpg\",\"contentUrl\":\"https:\/\/www.finnsalg.no\/wp-content\/uploads\/2025\/09\/cropped-logo_Customer3.jpg\",\"width\":587,\"height\":182,\"caption\":\"FINNSALG\"},\"image\":{\"@id\":\"https:\/\/www.finnsalg.no\/#\/schema\/logo\/image\/\"}}]}<\/script>\n<!-- \/ Yoast SEO plugin. -->","yoast_head_json":{"title":"411 MC SKINNJAKKE TIL DAME,CE.BESKYTTERE - FINNSALG","robots":{"index":"index","follow":"follow","max-snippet":"max-snippet:-1","max-image-preview":"max-image-preview:large","max-video-preview":"max-video-preview:-1"},"canonical":"https:\/\/www.finnsalg.no\/en\/shop\/411-mc-skinnjakke-til-damece-beskyttere\/","og_locale":"en_US","og_type":"article","og_title":"411 MC SKINNJAKKE TIL DAME,CE.BESKYTTERE - FINNSALG","og_description":"InformasjonWELL DONE\u00a0 ART. 411 SKINNJAKKE TIL DAMEMYKT OG PEN JAKKECE.DOGKJENT BESKYTTER P\u00c5 SKULDRENE OG ALBUENERYGGSKINNEGLIDEL\u00c5S BAK TIL \u00c5 SETTE SAMMEN MED BUKSEFLERE LOMMER UTVENDIG OG INNVENDIG","og_url":"https:\/\/www.finnsalg.no\/en\/shop\/411-mc-skinnjakke-til-damece-beskyttere\/","og_site_name":"FINNSALG","article_modified_time":"2025-11-09T15:00:09+00:00","og_image":[{"width":404,"height":570,"url":"https:\/\/www.finnsalg.no\/wp-content\/uploads\/2025\/08\/72068_WELL_DONE_WELL_DONE_411_SKINNJAKKE_TIL_DAME__1.jpg","type":"image\/jpeg"}],"twitter_card":"summary_large_image","schema":{"@context":"https:\/\/schema.org","@graph":[{"@type":"WebPage","@id":"https:\/\/www.finnsalg.no\/shop\/411-mc-skinnjakke-til-damece-beskyttere\/","url":"https:\/\/www.finnsalg.no\/shop\/411-mc-skinnjakke-til-damece-beskyttere\/","name":"411 MC SKINNJAKKE TIL DAME,CE.BESKYTTERE - FINNSALG","isPartOf":{"@id":"https:\/\/www.finnsalg.no\/#website"},"primaryImageOfPage":{"@id":"https:\/\/www.finnsalg.no\/shop\/411-mc-skinnjakke-til-damece-beskyttere\/#primaryimage"},"image":{"@id":"https:\/\/www.finnsalg.no\/shop\/411-mc-skinnjakke-til-damece-beskyttere\/#primaryimage"},"thumbnailUrl":"https:\/\/www.finnsalg.no\/wp-content\/uploads\/2025\/08\/72068_WELL_DONE_WELL_DONE_411_SKINNJAKKE_TIL_DAME__1.jpg","datePublished":"2025-08-27T11:46:19+00:00","dateModified":"2025-11-09T15:00:09+00:00","breadcrumb":{"@id":"https:\/\/www.finnsalg.no\/shop\/411-mc-skinnjakke-til-damece-beskyttere\/#breadcrumb"},"inLanguage":"en-US","potentialAction":[{"@type":"ReadAction","target":["https:\/\/www.finnsalg.no\/shop\/411-mc-skinnjakke-til-damece-beskyttere\/"]}]},{"@type":"ImageObject","inLanguage":"en-US","@id":"https:\/\/www.finnsalg.no\/shop\/411-mc-skinnjakke-til-damece-beskyttere\/#primaryimage","url":"https:\/\/www.finnsalg.no\/wp-content\/uploads\/2025\/08\/72068_WELL_DONE_WELL_DONE_411_SKINNJAKKE_TIL_DAME__1.jpg","contentUrl":"https:\/\/www.finnsalg.no\/wp-content\/uploads\/2025\/08\/72068_WELL_DONE_WELL_DONE_411_SKINNJAKKE_TIL_DAME__1.jpg","width":404,"height":570},{"@type":"BreadcrumbList","@id":"https:\/\/www.finnsalg.no\/shop\/411-mc-skinnjakke-til-damece-beskyttere\/#breadcrumb","itemListElement":[{"@type":"ListItem","position":1,"name":"Hjem","item":"https:\/\/www.finnsalg.no\/"},{"@type":"ListItem","position":2,"name":"Butikker og Salg","item":"https:\/\/www.finnsalg.no\/butikker-og-salg\/"},{"@type":"ListItem","position":3,"name":"411 MC SKINNJAKKE TIL DAME,CE.BESKYTTERE"}]},{"@type":"WebSite","@id":"https:\/\/www.finnsalg.no\/#website","url":"https:\/\/www.finnsalg.no\/","name":"FINNSALG","description":"Finn de beste salgene p\u00e5 kl\u00e6r, sko, bagger og mye mer fra butikkene i hele Norge","publisher":{"@id":"https:\/\/www.finnsalg.no\/#organization"},"potentialAction":[{"@type":"SearchAction","target":{"@type":"EntryPoint","urlTemplate":"https:\/\/www.finnsalg.no\/?s={search_term_string}"},"query-input":{"@type":"PropertyValueSpecification","valueRequired":true,"valueName":"search_term_string"}}],"inLanguage":"en-US"},{"@type":"Organization","@id":"https:\/\/www.finnsalg.no\/#organization","name":"FINNSALG","url":"https:\/\/www.finnsalg.no\/","logo":{"@type":"ImageObject","inLanguage":"en-US","@id":"https:\/\/www.finnsalg.no\/#\/schema\/logo\/image\/","url":"https:\/\/www.finnsalg.no\/wp-content\/uploads\/2025\/09\/cropped-logo_Customer3.jpg","contentUrl":"https:\/\/www.finnsalg.no\/wp-content\/uploads\/2025\/09\/cropped-logo_Customer3.jpg","width":587,"height":182,"caption":"FINNSALG"},"image":{"@id":"https:\/\/www.finnsalg.no\/#\/schema\/logo\/image\/"}}]}},"jetpack_sharing_enabled":true,"_links":{"self":[{"href":"https:\/\/www.finnsalg.no\/en\/wp-json\/wp\/v2\/product\/4835","targetHints":{"allow":["GET"]}}],"collection":[{"href":"https:\/\/www.finnsalg.no\/en\/wp-json\/wp\/v2\/product"}],"about":[{"href":"https:\/\/www.finnsalg.no\/en\/wp-json\/wp\/v2\/types\/product"}],"replies":[{"embeddable":true,"href":"https:\/\/www.finnsalg.no\/en\/wp-json\/wp\/v2\/comments?post=4835"}],"wp:featuredmedia":[{"embeddable":true,"href":"https:\/\/www.finnsalg.no\/en\/wp-json\/wp\/v2\/media\/4834"}],"wp:attachment":[{"href":"https:\/\/www.finnsalg.no\/en\/wp-json\/wp\/v2\/media?parent=4835"}],"wp:term":[{"taxonomy":"finnsalg_campaign","embeddable":true,"href":"https:\/\/www.finnsalg.no\/en\/wp-json\/wp\/v2\/finnsalg_campaign?post=4835"},{"taxonomy":"product_brand","embeddable":true,"href":"https:\/\/www.finnsalg.no\/en\/wp-json\/wp\/v2\/product_brand?post=4835"},{"taxonomy":"product_cat","embeddable":true,"href":"https:\/\/www.finnsalg.no\/en\/wp-json\/wp\/v2\/product_cat?post=4835"},{"taxonomy":"product_tag","embeddable":true,"href":"https:\/\/www.finnsalg.no\/en\/wp-json\/wp\/v2\/product_tag?post=4835"}],"curies":[{"name":"wp","href":"https:\/\/api.w.org\/{rel}","templated":true}]}}