{"id":4825,"date":"2025-08-26T13:36:50","date_gmt":"2025-08-26T13:36:50","guid":{"rendered":"https:\/\/www.finnsalg.no\/shop\/voss-chevron-zipup-mid-blue\/"},"modified":"2025-11-09T16:25:49","modified_gmt":"2025-11-09T16:25:49","slug":"voss-chevron-zipup-mid-blue","status":"publish","type":"product","link":"https:\/\/www.finnsalg.no\/en\/shop\/voss-chevron-zipup-mid-blue\/","title":{"rendered":"Voss Chevron Zipup Mid Blue"},"content":{"rendered":"<p><span style=\"font-family: Lato, sans-serif;font-size: 14px;letter-spacing: 0.56px\">Modellen p\u00e5 bildet er 175cm og har st\u00f8rrelse S. Normal st\u00f8rrelse.<\/span><\/p>\n\n    <div class=\"xs_social_share_widget xs_share_url after_content \t\tmain_content  wslu-style-1 wslu-share-box-shaped wslu-fill-colored wslu-none wslu-share-horizontal wslu-theme-font-no wslu-main_content\">\n\n\t\t\n        <ul>\n\t\t\t        <\/ul>\n    <\/div>","protected":false},"excerpt":{"rendered":"<div class=\"panel-heading\" role=\"tab\" id=\"product-accordion--description\" style=\"padding: 0px;border: 0px;border-top-left-radius: 3px;border-top-right-radius: 3px;font-family: Lato, sans-serif\">\n<h4 class=\"panel-title\" style=\"font-family: inherit;font-weight: 400;line-height: 1.1;color: inherit;margin-top: 0px;margin-bottom: 0px\"><a role=\"button\" data-toggle=\"collapse\" data-parent=\"#product-accordion\" href=\"https:\/\/carma.no\/gensere\/pologensere\/we-norwegians-voss-chevron-zipup-mid-blue#collapse-description\" aria-expanded=\"true\" aria-controls=\"collapse-description\" style=\"background-color: transparent;cursor: pointer;position: relative;width: 505px;border-top: 0px;border-radius: 0px;padding: 11px 30px 10px 0px;font-size: 0.875rem;line-height: 1.4;text-transform: uppercase;box-shadow: none;letter-spacing: 1.4px;border-right: none;border-bottom: none;border-left: none\">Beskrivelse<\/a><\/h4>\n<\/div>\n<div id=\"collapse-description\" class=\"panel-collapse collapse in\" role=\"tabpanel\" aria-labelledby=\"product-accordion--description\" style=\"font-family: Lato, sans-serif\">\n<div class=\"panel-body\" style=\"padding: 0px;border: 0px;font-size: 0.875rem;letter-spacing: 0.56px\">\n<div class=\"field field--name-field-product-short-description field--type-text-long field--label-hidden field--item\" style=\"margin: 0px\">\n<p style=\"margin: 0px;font-size: inherit;line-height: inherit\">Voss Chevron Zipup fra We Norwegians er en myk, tynnstrikket genser i bl\u00e5tt og med det karakteristiske chevronm\u00f8nsteret i m\u00f8rkebl\u00e5 og hvitt. Genseren har h\u00f8y hals med glidel\u00e5s og lange ermer. &#8220;We Norwegians&#8221;-kjennemerke p\u00e5 armen. Materialet puster godt og vil holde varmen. Perfekt for deg som vil v\u00e6re stilsikker p\u00e5 trening, p\u00e5 hytta eller p\u00e5 skianlegget.\u00a0<\/p>\n<\/div>\n<\/div>\n<\/div>","protected":false},"featured_media":4821,"comment_status":"open","ping_status":"closed","template":"","meta":{"iawp_total_views":5},"finnsalg_campaign":[],"product_brand":[164],"product_cat":[622,723],"product_tag":[165],"class_list":{"0":"post-4825","1":"product","2":"type-product","3":"status-publish","4":"has-post-thumbnail","6":"product_brand-we-norwegians","7":"product_cat-sport-og-friluft","8":"product_cat-teknisk-overdel","9":"product_tag-sports-genser","10":"thunk-woo-product-list","11":"opn-qv-enable","12":"open-woo-hover-","13":"open-single-product-tab-horizontal","14":"open-shadow-","15":"open-shadow-hover-","17":"first","18":"outofstock","19":"sale","20":"sold-individually","21":"shipping-taxable","22":"purchasable","23":"product-type-simple"},"yoast_head":"<!-- This site is optimized with the Yoast SEO plugin v25.0 - https:\/\/yoast.com\/wordpress\/plugins\/seo\/ -->\n<title>Voss Chevron Zipup Mid Blue - FINNSALG<\/title>\n<meta name=\"robots\" content=\"index, follow, max-snippet:-1, max-image-preview:large, max-video-preview:-1\" \/>\n<link rel=\"canonical\" href=\"https:\/\/www.finnsalg.no\/en\/shop\/voss-chevron-zipup-mid-blue\/\" \/>\n<meta property=\"og:locale\" content=\"en_US\" \/>\n<meta property=\"og:type\" content=\"article\" \/>\n<meta property=\"og:title\" content=\"Voss Chevron Zipup Mid Blue - FINNSALG\" \/>\n<meta property=\"og:description\" content=\"BeskrivelseVoss Chevron Zipup fra We Norwegians er en myk, tynnstrikket genser i bl\u00e5tt og med det karakteristiske chevronm\u00f8nsteret i m\u00f8rkebl\u00e5 og hvitt. Genseren har h\u00f8y hals med glidel\u00e5s og lange ermer. &quot;We Norwegians&quot;-kjennemerke p\u00e5 armen. Materialet puster godt og vil holde varmen. Perfekt for deg som vil v\u00e6re stilsikker p\u00e5 trening, p\u00e5 hytta eller p\u00e5 skianlegget.\u00a0\" \/>\n<meta property=\"og:url\" content=\"https:\/\/www.finnsalg.no\/en\/shop\/voss-chevron-zipup-mid-blue\/\" \/>\n<meta property=\"og:site_name\" content=\"FINNSALG\" \/>\n<meta property=\"article:modified_time\" content=\"2025-11-09T16:25:49+00:00\" \/>\n<meta property=\"og:image\" content=\"https:\/\/www.finnsalg.no\/wp-content\/uploads\/2025\/08\/we-norwegians-voss-chevron-mid-blue-3.jpg-1.webp\" \/>\n\t<meta property=\"og:image:width\" content=\"1001\" \/>\n\t<meta property=\"og:image:height\" content=\"1500\" \/>\n\t<meta property=\"og:image:type\" content=\"image\/webp\" \/>\n<meta name=\"twitter:card\" content=\"summary_large_image\" \/>\n<script type=\"application\/ld+json\" class=\"yoast-schema-graph\">{\"@context\":\"https:\/\/schema.org\",\"@graph\":[{\"@type\":\"WebPage\",\"@id\":\"https:\/\/www.finnsalg.no\/shop\/voss-chevron-zipup-mid-blue\/\",\"url\":\"https:\/\/www.finnsalg.no\/shop\/voss-chevron-zipup-mid-blue\/\",\"name\":\"Voss Chevron Zipup Mid Blue - FINNSALG\",\"isPartOf\":{\"@id\":\"https:\/\/www.finnsalg.no\/#website\"},\"primaryImageOfPage\":{\"@id\":\"https:\/\/www.finnsalg.no\/shop\/voss-chevron-zipup-mid-blue\/#primaryimage\"},\"image\":{\"@id\":\"https:\/\/www.finnsalg.no\/shop\/voss-chevron-zipup-mid-blue\/#primaryimage\"},\"thumbnailUrl\":\"https:\/\/www.finnsalg.no\/wp-content\/uploads\/2025\/08\/we-norwegians-voss-chevron-mid-blue-3.jpg-1.webp\",\"datePublished\":\"2025-08-26T13:36:50+00:00\",\"dateModified\":\"2025-11-09T16:25:49+00:00\",\"breadcrumb\":{\"@id\":\"https:\/\/www.finnsalg.no\/shop\/voss-chevron-zipup-mid-blue\/#breadcrumb\"},\"inLanguage\":\"en-US\",\"potentialAction\":[{\"@type\":\"ReadAction\",\"target\":[\"https:\/\/www.finnsalg.no\/shop\/voss-chevron-zipup-mid-blue\/\"]}]},{\"@type\":\"ImageObject\",\"inLanguage\":\"en-US\",\"@id\":\"https:\/\/www.finnsalg.no\/shop\/voss-chevron-zipup-mid-blue\/#primaryimage\",\"url\":\"https:\/\/www.finnsalg.no\/wp-content\/uploads\/2025\/08\/we-norwegians-voss-chevron-mid-blue-3.jpg-1.webp\",\"contentUrl\":\"https:\/\/www.finnsalg.no\/wp-content\/uploads\/2025\/08\/we-norwegians-voss-chevron-mid-blue-3.jpg-1.webp\",\"width\":1001,\"height\":1500},{\"@type\":\"BreadcrumbList\",\"@id\":\"https:\/\/www.finnsalg.no\/shop\/voss-chevron-zipup-mid-blue\/#breadcrumb\",\"itemListElement\":[{\"@type\":\"ListItem\",\"position\":1,\"name\":\"Hjem\",\"item\":\"https:\/\/www.finnsalg.no\/\"},{\"@type\":\"ListItem\",\"position\":2,\"name\":\"Butikker og Salg\",\"item\":\"https:\/\/www.finnsalg.no\/butikker-og-salg\/\"},{\"@type\":\"ListItem\",\"position\":3,\"name\":\"Voss Chevron Zipup Mid Blue\"}]},{\"@type\":\"WebSite\",\"@id\":\"https:\/\/www.finnsalg.no\/#website\",\"url\":\"https:\/\/www.finnsalg.no\/\",\"name\":\"FINNSALG\",\"description\":\"Finn de beste salgene p\u00e5 kl\u00e6r, sko, bagger og mye mer fra butikkene i hele Norge\",\"publisher\":{\"@id\":\"https:\/\/www.finnsalg.no\/#organization\"},\"potentialAction\":[{\"@type\":\"SearchAction\",\"target\":{\"@type\":\"EntryPoint\",\"urlTemplate\":\"https:\/\/www.finnsalg.no\/?s={search_term_string}\"},\"query-input\":{\"@type\":\"PropertyValueSpecification\",\"valueRequired\":true,\"valueName\":\"search_term_string\"}}],\"inLanguage\":\"en-US\"},{\"@type\":\"Organization\",\"@id\":\"https:\/\/www.finnsalg.no\/#organization\",\"name\":\"FINNSALG\",\"url\":\"https:\/\/www.finnsalg.no\/\",\"logo\":{\"@type\":\"ImageObject\",\"inLanguage\":\"en-US\",\"@id\":\"https:\/\/www.finnsalg.no\/#\/schema\/logo\/image\/\",\"url\":\"https:\/\/www.finnsalg.no\/wp-content\/uploads\/2025\/09\/cropped-logo_Customer3.jpg\",\"contentUrl\":\"https:\/\/www.finnsalg.no\/wp-content\/uploads\/2025\/09\/cropped-logo_Customer3.jpg\",\"width\":587,\"height\":182,\"caption\":\"FINNSALG\"},\"image\":{\"@id\":\"https:\/\/www.finnsalg.no\/#\/schema\/logo\/image\/\"}}]}<\/script>\n<!-- \/ Yoast SEO plugin. -->","yoast_head_json":{"title":"Voss Chevron Zipup Mid Blue - FINNSALG","robots":{"index":"index","follow":"follow","max-snippet":"max-snippet:-1","max-image-preview":"max-image-preview:large","max-video-preview":"max-video-preview:-1"},"canonical":"https:\/\/www.finnsalg.no\/en\/shop\/voss-chevron-zipup-mid-blue\/","og_locale":"en_US","og_type":"article","og_title":"Voss Chevron Zipup Mid Blue - FINNSALG","og_description":"BeskrivelseVoss Chevron Zipup fra We Norwegians er en myk, tynnstrikket genser i bl\u00e5tt og med det karakteristiske chevronm\u00f8nsteret i m\u00f8rkebl\u00e5 og hvitt. Genseren har h\u00f8y hals med glidel\u00e5s og lange ermer. \"We Norwegians\"-kjennemerke p\u00e5 armen. Materialet puster godt og vil holde varmen. Perfekt for deg som vil v\u00e6re stilsikker p\u00e5 trening, p\u00e5 hytta eller p\u00e5 skianlegget.\u00a0","og_url":"https:\/\/www.finnsalg.no\/en\/shop\/voss-chevron-zipup-mid-blue\/","og_site_name":"FINNSALG","article_modified_time":"2025-11-09T16:25:49+00:00","og_image":[{"width":1001,"height":1500,"url":"https:\/\/www.finnsalg.no\/wp-content\/uploads\/2025\/08\/we-norwegians-voss-chevron-mid-blue-3.jpg-1.webp","type":"image\/webp"}],"twitter_card":"summary_large_image","schema":{"@context":"https:\/\/schema.org","@graph":[{"@type":"WebPage","@id":"https:\/\/www.finnsalg.no\/shop\/voss-chevron-zipup-mid-blue\/","url":"https:\/\/www.finnsalg.no\/shop\/voss-chevron-zipup-mid-blue\/","name":"Voss Chevron Zipup Mid Blue - FINNSALG","isPartOf":{"@id":"https:\/\/www.finnsalg.no\/#website"},"primaryImageOfPage":{"@id":"https:\/\/www.finnsalg.no\/shop\/voss-chevron-zipup-mid-blue\/#primaryimage"},"image":{"@id":"https:\/\/www.finnsalg.no\/shop\/voss-chevron-zipup-mid-blue\/#primaryimage"},"thumbnailUrl":"https:\/\/www.finnsalg.no\/wp-content\/uploads\/2025\/08\/we-norwegians-voss-chevron-mid-blue-3.jpg-1.webp","datePublished":"2025-08-26T13:36:50+00:00","dateModified":"2025-11-09T16:25:49+00:00","breadcrumb":{"@id":"https:\/\/www.finnsalg.no\/shop\/voss-chevron-zipup-mid-blue\/#breadcrumb"},"inLanguage":"en-US","potentialAction":[{"@type":"ReadAction","target":["https:\/\/www.finnsalg.no\/shop\/voss-chevron-zipup-mid-blue\/"]}]},{"@type":"ImageObject","inLanguage":"en-US","@id":"https:\/\/www.finnsalg.no\/shop\/voss-chevron-zipup-mid-blue\/#primaryimage","url":"https:\/\/www.finnsalg.no\/wp-content\/uploads\/2025\/08\/we-norwegians-voss-chevron-mid-blue-3.jpg-1.webp","contentUrl":"https:\/\/www.finnsalg.no\/wp-content\/uploads\/2025\/08\/we-norwegians-voss-chevron-mid-blue-3.jpg-1.webp","width":1001,"height":1500},{"@type":"BreadcrumbList","@id":"https:\/\/www.finnsalg.no\/shop\/voss-chevron-zipup-mid-blue\/#breadcrumb","itemListElement":[{"@type":"ListItem","position":1,"name":"Hjem","item":"https:\/\/www.finnsalg.no\/"},{"@type":"ListItem","position":2,"name":"Butikker og Salg","item":"https:\/\/www.finnsalg.no\/butikker-og-salg\/"},{"@type":"ListItem","position":3,"name":"Voss Chevron Zipup Mid Blue"}]},{"@type":"WebSite","@id":"https:\/\/www.finnsalg.no\/#website","url":"https:\/\/www.finnsalg.no\/","name":"FINNSALG","description":"Finn de beste salgene p\u00e5 kl\u00e6r, sko, bagger og mye mer fra butikkene i hele Norge","publisher":{"@id":"https:\/\/www.finnsalg.no\/#organization"},"potentialAction":[{"@type":"SearchAction","target":{"@type":"EntryPoint","urlTemplate":"https:\/\/www.finnsalg.no\/?s={search_term_string}"},"query-input":{"@type":"PropertyValueSpecification","valueRequired":true,"valueName":"search_term_string"}}],"inLanguage":"en-US"},{"@type":"Organization","@id":"https:\/\/www.finnsalg.no\/#organization","name":"FINNSALG","url":"https:\/\/www.finnsalg.no\/","logo":{"@type":"ImageObject","inLanguage":"en-US","@id":"https:\/\/www.finnsalg.no\/#\/schema\/logo\/image\/","url":"https:\/\/www.finnsalg.no\/wp-content\/uploads\/2025\/09\/cropped-logo_Customer3.jpg","contentUrl":"https:\/\/www.finnsalg.no\/wp-content\/uploads\/2025\/09\/cropped-logo_Customer3.jpg","width":587,"height":182,"caption":"FINNSALG"},"image":{"@id":"https:\/\/www.finnsalg.no\/#\/schema\/logo\/image\/"}}]}},"jetpack_sharing_enabled":true,"_links":{"self":[{"href":"https:\/\/www.finnsalg.no\/en\/wp-json\/wp\/v2\/product\/4825","targetHints":{"allow":["GET"]}}],"collection":[{"href":"https:\/\/www.finnsalg.no\/en\/wp-json\/wp\/v2\/product"}],"about":[{"href":"https:\/\/www.finnsalg.no\/en\/wp-json\/wp\/v2\/types\/product"}],"replies":[{"embeddable":true,"href":"https:\/\/www.finnsalg.no\/en\/wp-json\/wp\/v2\/comments?post=4825"}],"wp:featuredmedia":[{"embeddable":true,"href":"https:\/\/www.finnsalg.no\/en\/wp-json\/wp\/v2\/media\/4821"}],"wp:attachment":[{"href":"https:\/\/www.finnsalg.no\/en\/wp-json\/wp\/v2\/media?parent=4825"}],"wp:term":[{"taxonomy":"finnsalg_campaign","embeddable":true,"href":"https:\/\/www.finnsalg.no\/en\/wp-json\/wp\/v2\/finnsalg_campaign?post=4825"},{"taxonomy":"product_brand","embeddable":true,"href":"https:\/\/www.finnsalg.no\/en\/wp-json\/wp\/v2\/product_brand?post=4825"},{"taxonomy":"product_cat","embeddable":true,"href":"https:\/\/www.finnsalg.no\/en\/wp-json\/wp\/v2\/product_cat?post=4825"},{"taxonomy":"product_tag","embeddable":true,"href":"https:\/\/www.finnsalg.no\/en\/wp-json\/wp\/v2\/product_tag?post=4825"}],"curies":[{"name":"wp","href":"https:\/\/api.w.org\/{rel}","templated":true}]}}