{"id":4744,"date":"2025-08-26T10:58:46","date_gmt":"2025-08-26T10:58:46","guid":{"rendered":"https:\/\/www.finnsalg.no\/shop\/mazieiw-jakke-beetle-gronn\/"},"modified":"2025-08-26T10:58:46","modified_gmt":"2025-08-26T10:58:46","slug":"mazieiw-jakke-beetle-gronn","status":"publish","type":"product","link":"https:\/\/www.finnsalg.no\/en\/shop\/mazieiw-jakke-beetle-gronn\/","title":{"rendered":"MAZIEIW JAKKE &#8211; BEETLE GR\u00d8NN"},"content":{"rendered":"<ul style=\"margin: 12px 0px;padding: 0px 0px 0px 36px;font-family: Arimo, sans-serif;font-size: 14px\">\n<li style=\"margin: 0px;padding: 0px\">Elegant trenchcoat stil<\/li>\n<li style=\"margin: 0px;padding: 0px\">Fargen Beetle Gr\u00f8nn gir et friskt og unikt uttrykk<\/li>\n<li style=\"margin: 0px;padding: 0px\">Ideal for b\u00e5de formelle og uformelle anledninger<\/li>\n<li style=\"margin: 0px;padding: 0px\">Perfekt for v\u00e5r- og h\u00f8stsesongen<\/li>\n<li style=\"margin: 0px;padding: 0px\">Komfortabel og stilig passform\u00a0<span class=\"value\" id=\"mpn-2997957\" style=\"margin: 0px;padding: 0px;text-decoration: none\"><\/span><\/li>\n<\/ul>\n<p><div class=\"product-collateral\" style=\"margin: 0px 0px 80px;padding: 0px;text-decoration: none;text-align: center;font-family: Arimo, sans-serif;font-size: 14px;font-style: normal;font-weight: 400;letter-spacing: normal;text-indent: 0px;text-transform: none\"><\/div>\n<div id=\"lazy-related-products\" data-productid=\"2997957\" style=\"margin: 0px;padding: 0px;text-decoration: none;font-family: Arimo, sans-serif;font-size: 14px;font-style: normal;font-weight: 400;letter-spacing: normal;text-align: left;text-indent: 0px;text-transform: none\"><\/div>\n<div id=\"lazy-alsopurchased\" data-productid=\"2997957\" style=\"margin: 0px;padding: 0px;text-decoration: none;font-family: Arimo, sans-serif;font-size: 14px;font-style: normal;font-weight: 400;letter-spacing: normal;text-align: left;text-indent: 0px;text-transform: none\">\n<div class=\"product-recommendations-section\" style=\"margin: 30px 0px;padding: 0px 15px;text-decoration: none;min-height: auto !important;position: relative\">\n<div class=\"recommendations-header\" style=\"margin: 0px 0px 20px;padding: 0px;text-decoration: none;text-align: center\"><\/div>\n<\/div>\n<\/div>\n<div class=\"product-essential\" style=\"margin: 0px 0px 50px;padding: 0px;text-decoration: none;text-align: center;font-family: Arimo, sans-serif;font-size: 14px;font-style: normal;font-weight: 400;letter-spacing: normal;text-indent: 0px;text-transform: none\">\n<div class=\"product-description\" style=\"margin: 0px;padding: 0px;text-decoration: none;width: calc(100% - 450px);float: left\">\n<div class=\"additional-details\" style=\"margin: 0px;padding: 0px;text-decoration: none;text-align: left;font-size: 12px\">\n<div class=\"manufacturer-part-number\" style=\"margin: 0px;padding: 0px;text-decoration: none\"><span class=\"label\" style=\"margin: 0px;padding: 0px;text-decoration: none\">Produsentens vareid:<\/span><span>\u00a0<\/span><span class=\"value\" id=\"mpn-2997957\" style=\"margin: 0px;padding: 0px;text-decoration: none\">30109943<\/span><\/div>\n<\/div>\n<\/div>\n<\/div>\n\n    <div class=\"xs_social_share_widget xs_share_url after_content \t\tmain_content  wslu-style-1 wslu-share-box-shaped wslu-fill-colored wslu-none wslu-share-horizontal wslu-theme-font-no wslu-main_content\">\n\n\t\t\n        <ul>\n\t\t\t        <\/ul>\n    <\/div>","protected":false},"excerpt":{"rendered":"<h2>Beskrivelse<\/h2>\n<div class=\"description-content is-truncated\" style=\"margin: 0px;padding: 0px;position: relative;overflow: hidden;max-height: 15rem;font-family: Arimo, sans-serif;font-size: 14px\">\n<div class=\"description-text\" style=\"margin: 0px;padding: 0px 0px 2rem\">\n<p style=\"margin: 10px 0px;padding: 0px;line-height: 28px !important\">Dykk ned i en verden av tidl\u00f8s eleganse med MazieIW Jakken. Dette plagget er mer enn bare en jakke; det er en stiluttrykk som setter et tydelig preg p\u00e5 din personlige mote. Den unike Beetle Gr\u00f8nn-fargen fremhever jakkens sofistikerte design og tilf\u00f8rer en frisk vibrasjon til din v\u00e5rgarderobe.<\/p>\n<\/div>\n<\/div>","protected":false},"featured_media":4739,"comment_status":"open","ping_status":"closed","template":"","meta":{"iawp_total_views":1},"finnsalg_campaign":[],"product_brand":[133],"product_cat":[51,56],"product_tag":[123,134],"class_list":{"0":"post-4744","1":"product","2":"type-product","3":"status-publish","4":"has-post-thumbnail","6":"product_brand-inwear","7":"product_cat-damer","8":"product_cat-genser-jakker","9":"product_tag-dameklaer","10":"product_tag-jakke","11":"thunk-woo-product-list","12":"opn-qv-enable","13":"open-woo-hover-","14":"open-single-product-tab-horizontal","15":"open-shadow-","16":"open-shadow-hover-","18":"first","19":"instock","20":"sale","21":"sold-individually","22":"shipping-taxable","23":"purchasable","24":"product-type-simple"},"yoast_head":"<!-- This site is optimized with the Yoast SEO plugin v25.0 - https:\/\/yoast.com\/wordpress\/plugins\/seo\/ -->\n<title>MAZIEIW JAKKE - BEETLE GR\u00d8NN - FINNSALG<\/title>\n<meta name=\"robots\" content=\"index, follow, max-snippet:-1, max-image-preview:large, max-video-preview:-1\" \/>\n<link rel=\"canonical\" href=\"https:\/\/www.finnsalg.no\/en\/shop\/mazieiw-jakke-beetle-gronn\/\" \/>\n<meta property=\"og:locale\" content=\"en_US\" \/>\n<meta property=\"og:type\" content=\"article\" \/>\n<meta property=\"og:title\" content=\"MAZIEIW JAKKE - BEETLE GR\u00d8NN - FINNSALG\" \/>\n<meta property=\"og:description\" content=\"BeskrivelseDykk ned i en verden av tidl\u00f8s eleganse med MazieIW Jakken. Dette plagget er mer enn bare en jakke; det er en stiluttrykk som setter et tydelig preg p\u00e5 din personlige mote. Den unike Beetle Gr\u00f8nn-fargen fremhever jakkens sofistikerte design og tilf\u00f8rer en frisk vibrasjon til din v\u00e5rgarderobe.\" \/>\n<meta property=\"og:url\" content=\"https:\/\/www.finnsalg.no\/en\/shop\/mazieiw-jakke-beetle-gronn\/\" \/>\n<meta property=\"og:site_name\" content=\"FINNSALG\" \/>\n<meta property=\"og:image\" content=\"https:\/\/www.finnsalg.no\/wp-content\/uploads\/2025\/08\/9781036_mazieiw-jakke-beetle-gronn.webp\" \/>\n\t<meta property=\"og:image:width\" content=\"720\" \/>\n\t<meta property=\"og:image:height\" content=\"1080\" \/>\n\t<meta property=\"og:image:type\" content=\"image\/webp\" \/>\n<meta name=\"twitter:card\" content=\"summary_large_image\" \/>\n<script type=\"application\/ld+json\" class=\"yoast-schema-graph\">{\"@context\":\"https:\/\/schema.org\",\"@graph\":[{\"@type\":\"WebPage\",\"@id\":\"https:\/\/www.finnsalg.no\/shop\/mazieiw-jakke-beetle-gronn\/\",\"url\":\"https:\/\/www.finnsalg.no\/shop\/mazieiw-jakke-beetle-gronn\/\",\"name\":\"MAZIEIW JAKKE - BEETLE GR\u00d8NN - FINNSALG\",\"isPartOf\":{\"@id\":\"https:\/\/www.finnsalg.no\/#website\"},\"primaryImageOfPage\":{\"@id\":\"https:\/\/www.finnsalg.no\/shop\/mazieiw-jakke-beetle-gronn\/#primaryimage\"},\"image\":{\"@id\":\"https:\/\/www.finnsalg.no\/shop\/mazieiw-jakke-beetle-gronn\/#primaryimage\"},\"thumbnailUrl\":\"https:\/\/www.finnsalg.no\/wp-content\/uploads\/2025\/08\/9781036_mazieiw-jakke-beetle-gronn.webp\",\"datePublished\":\"2025-08-26T10:58:46+00:00\",\"breadcrumb\":{\"@id\":\"https:\/\/www.finnsalg.no\/shop\/mazieiw-jakke-beetle-gronn\/#breadcrumb\"},\"inLanguage\":\"en-US\",\"potentialAction\":[{\"@type\":\"ReadAction\",\"target\":[\"https:\/\/www.finnsalg.no\/shop\/mazieiw-jakke-beetle-gronn\/\"]}]},{\"@type\":\"ImageObject\",\"inLanguage\":\"en-US\",\"@id\":\"https:\/\/www.finnsalg.no\/shop\/mazieiw-jakke-beetle-gronn\/#primaryimage\",\"url\":\"https:\/\/www.finnsalg.no\/wp-content\/uploads\/2025\/08\/9781036_mazieiw-jakke-beetle-gronn.webp\",\"contentUrl\":\"https:\/\/www.finnsalg.no\/wp-content\/uploads\/2025\/08\/9781036_mazieiw-jakke-beetle-gronn.webp\",\"width\":720,\"height\":1080},{\"@type\":\"BreadcrumbList\",\"@id\":\"https:\/\/www.finnsalg.no\/shop\/mazieiw-jakke-beetle-gronn\/#breadcrumb\",\"itemListElement\":[{\"@type\":\"ListItem\",\"position\":1,\"name\":\"Hjem\",\"item\":\"https:\/\/www.finnsalg.no\/\"},{\"@type\":\"ListItem\",\"position\":2,\"name\":\"Butikker og Salg\",\"item\":\"https:\/\/www.finnsalg.no\/butikker-og-salg\/\"},{\"@type\":\"ListItem\",\"position\":3,\"name\":\"MAZIEIW JAKKE &#8211; BEETLE GR\u00d8NN\"}]},{\"@type\":\"WebSite\",\"@id\":\"https:\/\/www.finnsalg.no\/#website\",\"url\":\"https:\/\/www.finnsalg.no\/\",\"name\":\"FINNSALG\",\"description\":\"Finn de beste salgene p\u00e5 kl\u00e6r, sko, bagger og mye mer fra butikkene i hele Norge\",\"publisher\":{\"@id\":\"https:\/\/www.finnsalg.no\/#organization\"},\"potentialAction\":[{\"@type\":\"SearchAction\",\"target\":{\"@type\":\"EntryPoint\",\"urlTemplate\":\"https:\/\/www.finnsalg.no\/?s={search_term_string}\"},\"query-input\":{\"@type\":\"PropertyValueSpecification\",\"valueRequired\":true,\"valueName\":\"search_term_string\"}}],\"inLanguage\":\"en-US\"},{\"@type\":\"Organization\",\"@id\":\"https:\/\/www.finnsalg.no\/#organization\",\"name\":\"FINNSALG\",\"url\":\"https:\/\/www.finnsalg.no\/\",\"logo\":{\"@type\":\"ImageObject\",\"inLanguage\":\"en-US\",\"@id\":\"https:\/\/www.finnsalg.no\/#\/schema\/logo\/image\/\",\"url\":\"https:\/\/www.finnsalg.no\/wp-content\/uploads\/2025\/09\/cropped-logo_Customer3.jpg\",\"contentUrl\":\"https:\/\/www.finnsalg.no\/wp-content\/uploads\/2025\/09\/cropped-logo_Customer3.jpg\",\"width\":587,\"height\":182,\"caption\":\"FINNSALG\"},\"image\":{\"@id\":\"https:\/\/www.finnsalg.no\/#\/schema\/logo\/image\/\"}}]}<\/script>\n<!-- \/ Yoast SEO plugin. -->","yoast_head_json":{"title":"MAZIEIW JAKKE - BEETLE GR\u00d8NN - FINNSALG","robots":{"index":"index","follow":"follow","max-snippet":"max-snippet:-1","max-image-preview":"max-image-preview:large","max-video-preview":"max-video-preview:-1"},"canonical":"https:\/\/www.finnsalg.no\/en\/shop\/mazieiw-jakke-beetle-gronn\/","og_locale":"en_US","og_type":"article","og_title":"MAZIEIW JAKKE - BEETLE GR\u00d8NN - FINNSALG","og_description":"BeskrivelseDykk ned i en verden av tidl\u00f8s eleganse med MazieIW Jakken. Dette plagget er mer enn bare en jakke; det er en stiluttrykk som setter et tydelig preg p\u00e5 din personlige mote. Den unike Beetle Gr\u00f8nn-fargen fremhever jakkens sofistikerte design og tilf\u00f8rer en frisk vibrasjon til din v\u00e5rgarderobe.","og_url":"https:\/\/www.finnsalg.no\/en\/shop\/mazieiw-jakke-beetle-gronn\/","og_site_name":"FINNSALG","og_image":[{"width":720,"height":1080,"url":"https:\/\/www.finnsalg.no\/wp-content\/uploads\/2025\/08\/9781036_mazieiw-jakke-beetle-gronn.webp","type":"image\/webp"}],"twitter_card":"summary_large_image","schema":{"@context":"https:\/\/schema.org","@graph":[{"@type":"WebPage","@id":"https:\/\/www.finnsalg.no\/shop\/mazieiw-jakke-beetle-gronn\/","url":"https:\/\/www.finnsalg.no\/shop\/mazieiw-jakke-beetle-gronn\/","name":"MAZIEIW JAKKE - BEETLE GR\u00d8NN - FINNSALG","isPartOf":{"@id":"https:\/\/www.finnsalg.no\/#website"},"primaryImageOfPage":{"@id":"https:\/\/www.finnsalg.no\/shop\/mazieiw-jakke-beetle-gronn\/#primaryimage"},"image":{"@id":"https:\/\/www.finnsalg.no\/shop\/mazieiw-jakke-beetle-gronn\/#primaryimage"},"thumbnailUrl":"https:\/\/www.finnsalg.no\/wp-content\/uploads\/2025\/08\/9781036_mazieiw-jakke-beetle-gronn.webp","datePublished":"2025-08-26T10:58:46+00:00","breadcrumb":{"@id":"https:\/\/www.finnsalg.no\/shop\/mazieiw-jakke-beetle-gronn\/#breadcrumb"},"inLanguage":"en-US","potentialAction":[{"@type":"ReadAction","target":["https:\/\/www.finnsalg.no\/shop\/mazieiw-jakke-beetle-gronn\/"]}]},{"@type":"ImageObject","inLanguage":"en-US","@id":"https:\/\/www.finnsalg.no\/shop\/mazieiw-jakke-beetle-gronn\/#primaryimage","url":"https:\/\/www.finnsalg.no\/wp-content\/uploads\/2025\/08\/9781036_mazieiw-jakke-beetle-gronn.webp","contentUrl":"https:\/\/www.finnsalg.no\/wp-content\/uploads\/2025\/08\/9781036_mazieiw-jakke-beetle-gronn.webp","width":720,"height":1080},{"@type":"BreadcrumbList","@id":"https:\/\/www.finnsalg.no\/shop\/mazieiw-jakke-beetle-gronn\/#breadcrumb","itemListElement":[{"@type":"ListItem","position":1,"name":"Hjem","item":"https:\/\/www.finnsalg.no\/"},{"@type":"ListItem","position":2,"name":"Butikker og Salg","item":"https:\/\/www.finnsalg.no\/butikker-og-salg\/"},{"@type":"ListItem","position":3,"name":"MAZIEIW JAKKE &#8211; BEETLE GR\u00d8NN"}]},{"@type":"WebSite","@id":"https:\/\/www.finnsalg.no\/#website","url":"https:\/\/www.finnsalg.no\/","name":"FINNSALG","description":"Finn de beste salgene p\u00e5 kl\u00e6r, sko, bagger og mye mer fra butikkene i hele Norge","publisher":{"@id":"https:\/\/www.finnsalg.no\/#organization"},"potentialAction":[{"@type":"SearchAction","target":{"@type":"EntryPoint","urlTemplate":"https:\/\/www.finnsalg.no\/?s={search_term_string}"},"query-input":{"@type":"PropertyValueSpecification","valueRequired":true,"valueName":"search_term_string"}}],"inLanguage":"en-US"},{"@type":"Organization","@id":"https:\/\/www.finnsalg.no\/#organization","name":"FINNSALG","url":"https:\/\/www.finnsalg.no\/","logo":{"@type":"ImageObject","inLanguage":"en-US","@id":"https:\/\/www.finnsalg.no\/#\/schema\/logo\/image\/","url":"https:\/\/www.finnsalg.no\/wp-content\/uploads\/2025\/09\/cropped-logo_Customer3.jpg","contentUrl":"https:\/\/www.finnsalg.no\/wp-content\/uploads\/2025\/09\/cropped-logo_Customer3.jpg","width":587,"height":182,"caption":"FINNSALG"},"image":{"@id":"https:\/\/www.finnsalg.no\/#\/schema\/logo\/image\/"}}]}},"jetpack_sharing_enabled":true,"_links":{"self":[{"href":"https:\/\/www.finnsalg.no\/en\/wp-json\/wp\/v2\/product\/4744","targetHints":{"allow":["GET"]}}],"collection":[{"href":"https:\/\/www.finnsalg.no\/en\/wp-json\/wp\/v2\/product"}],"about":[{"href":"https:\/\/www.finnsalg.no\/en\/wp-json\/wp\/v2\/types\/product"}],"replies":[{"embeddable":true,"href":"https:\/\/www.finnsalg.no\/en\/wp-json\/wp\/v2\/comments?post=4744"}],"wp:featuredmedia":[{"embeddable":true,"href":"https:\/\/www.finnsalg.no\/en\/wp-json\/wp\/v2\/media\/4739"}],"wp:attachment":[{"href":"https:\/\/www.finnsalg.no\/en\/wp-json\/wp\/v2\/media?parent=4744"}],"wp:term":[{"taxonomy":"finnsalg_campaign","embeddable":true,"href":"https:\/\/www.finnsalg.no\/en\/wp-json\/wp\/v2\/finnsalg_campaign?post=4744"},{"taxonomy":"product_brand","embeddable":true,"href":"https:\/\/www.finnsalg.no\/en\/wp-json\/wp\/v2\/product_brand?post=4744"},{"taxonomy":"product_cat","embeddable":true,"href":"https:\/\/www.finnsalg.no\/en\/wp-json\/wp\/v2\/product_cat?post=4744"},{"taxonomy":"product_tag","embeddable":true,"href":"https:\/\/www.finnsalg.no\/en\/wp-json\/wp\/v2\/product_tag?post=4744"}],"curies":[{"name":"wp","href":"https:\/\/api.w.org\/{rel}","templated":true}]}}