{"id":3207,"date":"2025-03-04T13:42:54","date_gmt":"2025-03-04T13:42:54","guid":{"rendered":"https:\/\/www.finnsalg.no\/?post_type=product&#038;p=3207"},"modified":"2025-03-04T13:42:54","modified_gmt":"2025-03-04T13:42:54","slug":"black-beauty-dress","status":"publish","type":"product","link":"https:\/\/www.finnsalg.no\/en\/shop\/black-beauty-dress\/","title":{"rendered":"Black Beauty Dress"},"content":{"rendered":"<p>Den perfekte elegante, svarte kjolen!<\/p>\n<p>En unik, klassisk\u00a0og sexy kjole, med\u00a0chiffonermer og\u00a0deilig stoff.\u00a0Den har \u00e5pen rygg, to lommer, og en\u00a0h\u00f8y splitt p\u00e5 venstre side.<\/p>\n<p>Sydd inn pads i brystene.<\/p>\n<p>&nbsp;<\/p>\n<p>OBS! V\u00e5r siste\u00a0kjole\u00a0i str L har noen merker i stoffet som gj\u00f8r at vi\u00a0anbefaler \u00e5 komme innom butikken v\u00e5r for \u00e5 se p\u00e5 kjolen f\u00f8r handel.<\/p>\n<p>Plagget har en formsydd passform og er normal i st\u00f8rrelsen. Modellene bruker str S.<\/p>\n<p>OBS! 2 stk kjoler i str L har noen merker i stoffet som gj\u00f8r at vi har satt ned prisen p\u00e5 disse. Anbefaler \u00e5 komme innom butikken v\u00e5r for \u00e5 se p\u00e5 kjolen f\u00f8r handel.<\/p>\n<p>100% polyester<\/p>\n\n    <div class=\"xs_social_share_widget xs_share_url after_content \t\tmain_content  wslu-style-1 wslu-share-box-shaped wslu-fill-colored wslu-none wslu-share-horizontal wslu-theme-font-no wslu-main_content\">\n\n\t\t\n        <ul>\n\t\t\t        <\/ul>\n    <\/div>","protected":false},"excerpt":{"rendered":"<p>Den perfekte elegante, svarte kjolen!<\/p>\n<p>En unik, klassisk\u00a0og sexy kjole, med\u00a0chiffonermer og\u00a0deilig stoff.\u00a0Den har \u00e5pen rygg, to lommer, og en\u00a0h\u00f8y splitt p\u00e5 venstre side.<\/p>\n<p>Sydd inn pads i brystene.<\/p>\n<p>&nbsp;<\/p>\n<p>OBS! V\u00e5r siste\u00a0kjole\u00a0i str L har noen merker i stoffet som gj\u00f8r at vi\u00a0anbefaler \u00e5 komme innom butikken v\u00e5r for \u00e5 se p\u00e5 kjolen f\u00f8r handel.<\/p>\n<p>Plagget har en formsydd passform og er normal i st\u00f8rrelsen. Modellene bruker str S.<\/p>\n<p>OBS! 2 stk kjoler i str L har noen merker i stoffet som gj\u00f8r at vi har satt ned prisen p\u00e5 disse. Anbefaler \u00e5 komme innom butikken v\u00e5r for \u00e5 se p\u00e5 kjolen f\u00f8r handel.<\/p>\n<p>100% polyester<\/p>","protected":false},"featured_media":3212,"comment_status":"open","ping_status":"closed","template":"","meta":{"iawp_total_views":0},"finnsalg_campaign":[],"product_brand":[],"product_cat":[51,53],"product_tag":[],"class_list":{"0":"post-3207","1":"product","2":"type-product","3":"status-publish","4":"has-post-thumbnail","6":"product_cat-damer","7":"product_cat-kjoler-skjorter","8":"thunk-woo-product-list","9":"opn-qv-enable","10":"open-woo-hover-","11":"open-single-product-tab-horizontal","12":"open-shadow-","13":"open-shadow-hover-","15":"first","16":"instock","17":"sale","18":"shipping-taxable","19":"purchasable","20":"product-type-external"},"yoast_head":"<!-- This site is optimized with the Yoast SEO plugin v25.0 - https:\/\/yoast.com\/wordpress\/plugins\/seo\/ -->\n<title>Black Beauty Dress - FINNSALG<\/title>\n<meta name=\"robots\" content=\"index, follow, max-snippet:-1, max-image-preview:large, max-video-preview:-1\" \/>\n<link rel=\"canonical\" href=\"https:\/\/www.finnsalg.no\/en\/shop\/black-beauty-dress\/\" \/>\n<meta property=\"og:locale\" content=\"en_US\" \/>\n<meta property=\"og:type\" content=\"article\" \/>\n<meta property=\"og:title\" content=\"Black Beauty Dress - FINNSALG\" \/>\n<meta property=\"og:description\" content=\"Den perfekte elegante, svarte kjolen!  En unik, klassisk\u00a0og sexy kjole, med\u00a0chiffonermer og\u00a0deilig stoff.\u00a0Den har \u00e5pen rygg, to lommer, og en\u00a0h\u00f8y splitt p\u00e5 venstre side.  Sydd inn pads i brystene.  &nbsp;  OBS! V\u00e5r siste\u00a0kjole\u00a0i str L har noen merker i stoffet som gj\u00f8r at vi\u00a0anbefaler \u00e5 komme innom butikken v\u00e5r for \u00e5 se p\u00e5 kjolen f\u00f8r handel.  Plagget har en formsydd passform og er normal i st\u00f8rrelsen. Modellene bruker str S.  OBS! 2 stk kjoler i str L har noen merker i stoffet som gj\u00f8r at vi har satt ned prisen p\u00e5 disse. Anbefaler \u00e5 komme innom butikken v\u00e5r for \u00e5 se p\u00e5 kjolen f\u00f8r handel.  100% polyester\" \/>\n<meta property=\"og:url\" content=\"https:\/\/www.finnsalg.no\/en\/shop\/black-beauty-dress\/\" \/>\n<meta property=\"og:site_name\" content=\"FINNSALG\" \/>\n<meta name=\"twitter:card\" content=\"summary_large_image\" \/>\n<meta name=\"twitter:label1\" content=\"Est. reading time\" \/>\n\t<meta name=\"twitter:data1\" content=\"1 minute\" \/>\n<script type=\"application\/ld+json\" class=\"yoast-schema-graph\">{\"@context\":\"https:\/\/schema.org\",\"@graph\":[{\"@type\":\"WebPage\",\"@id\":\"https:\/\/www.finnsalg.no\/shop\/black-beauty-dress\/\",\"url\":\"https:\/\/www.finnsalg.no\/shop\/black-beauty-dress\/\",\"name\":\"Black Beauty Dress - FINNSALG\",\"isPartOf\":{\"@id\":\"https:\/\/www.finnsalg.no\/#website\"},\"primaryImageOfPage\":{\"@id\":\"https:\/\/www.finnsalg.no\/shop\/black-beauty-dress\/#primaryimage\"},\"image\":{\"@id\":\"https:\/\/www.finnsalg.no\/shop\/black-beauty-dress\/#primaryimage\"},\"thumbnailUrl\":\"https:\/\/www.finnsalg.no\/wp-content\/uploads\/2025\/03\/Black-Beauty-Dress.avif\",\"datePublished\":\"2025-03-04T13:42:54+00:00\",\"breadcrumb\":{\"@id\":\"https:\/\/www.finnsalg.no\/shop\/black-beauty-dress\/#breadcrumb\"},\"inLanguage\":\"en-US\",\"potentialAction\":[{\"@type\":\"ReadAction\",\"target\":[\"https:\/\/www.finnsalg.no\/shop\/black-beauty-dress\/\"]}]},{\"@type\":\"ImageObject\",\"inLanguage\":\"en-US\",\"@id\":\"https:\/\/www.finnsalg.no\/shop\/black-beauty-dress\/#primaryimage\",\"url\":\"https:\/\/www.finnsalg.no\/wp-content\/uploads\/2025\/03\/Black-Beauty-Dress.avif\",\"contentUrl\":\"https:\/\/www.finnsalg.no\/wp-content\/uploads\/2025\/03\/Black-Beauty-Dress.avif\",\"width\":736,\"height\":981},{\"@type\":\"BreadcrumbList\",\"@id\":\"https:\/\/www.finnsalg.no\/shop\/black-beauty-dress\/#breadcrumb\",\"itemListElement\":[{\"@type\":\"ListItem\",\"position\":1,\"name\":\"Hjem\",\"item\":\"https:\/\/www.finnsalg.no\/\"},{\"@type\":\"ListItem\",\"position\":2,\"name\":\"Butikker og Salg\",\"item\":\"https:\/\/www.finnsalg.no\/butikker-og-salg\/\"},{\"@type\":\"ListItem\",\"position\":3,\"name\":\"Black Beauty Dress\"}]},{\"@type\":\"WebSite\",\"@id\":\"https:\/\/www.finnsalg.no\/#website\",\"url\":\"https:\/\/www.finnsalg.no\/\",\"name\":\"FINNSALG\",\"description\":\"Finn de beste salgene p\u00e5 kl\u00e6r, sko, bagger og mye mer fra butikkene i hele Norge\",\"publisher\":{\"@id\":\"https:\/\/www.finnsalg.no\/#organization\"},\"potentialAction\":[{\"@type\":\"SearchAction\",\"target\":{\"@type\":\"EntryPoint\",\"urlTemplate\":\"https:\/\/www.finnsalg.no\/?s={search_term_string}\"},\"query-input\":{\"@type\":\"PropertyValueSpecification\",\"valueRequired\":true,\"valueName\":\"search_term_string\"}}],\"inLanguage\":\"en-US\"},{\"@type\":\"Organization\",\"@id\":\"https:\/\/www.finnsalg.no\/#organization\",\"name\":\"FINNSALG\",\"url\":\"https:\/\/www.finnsalg.no\/\",\"logo\":{\"@type\":\"ImageObject\",\"inLanguage\":\"en-US\",\"@id\":\"https:\/\/www.finnsalg.no\/#\/schema\/logo\/image\/\",\"url\":\"https:\/\/www.finnsalg.no\/wp-content\/uploads\/2025\/09\/cropped-logo_Customer3.jpg\",\"contentUrl\":\"https:\/\/www.finnsalg.no\/wp-content\/uploads\/2025\/09\/cropped-logo_Customer3.jpg\",\"width\":587,\"height\":182,\"caption\":\"FINNSALG\"},\"image\":{\"@id\":\"https:\/\/www.finnsalg.no\/#\/schema\/logo\/image\/\"}}]}<\/script>\n<!-- \/ Yoast SEO plugin. -->","yoast_head_json":{"title":"Black Beauty Dress - FINNSALG","robots":{"index":"index","follow":"follow","max-snippet":"max-snippet:-1","max-image-preview":"max-image-preview:large","max-video-preview":"max-video-preview:-1"},"canonical":"https:\/\/www.finnsalg.no\/en\/shop\/black-beauty-dress\/","og_locale":"en_US","og_type":"article","og_title":"Black Beauty Dress - FINNSALG","og_description":"Den perfekte elegante, svarte kjolen!  En unik, klassisk\u00a0og sexy kjole, med\u00a0chiffonermer og\u00a0deilig stoff.\u00a0Den har \u00e5pen rygg, to lommer, og en\u00a0h\u00f8y splitt p\u00e5 venstre side.  Sydd inn pads i brystene.  &nbsp;  OBS! V\u00e5r siste\u00a0kjole\u00a0i str L har noen merker i stoffet som gj\u00f8r at vi\u00a0anbefaler \u00e5 komme innom butikken v\u00e5r for \u00e5 se p\u00e5 kjolen f\u00f8r handel.  Plagget har en formsydd passform og er normal i st\u00f8rrelsen. Modellene bruker str S.  OBS! 2 stk kjoler i str L har noen merker i stoffet som gj\u00f8r at vi har satt ned prisen p\u00e5 disse. Anbefaler \u00e5 komme innom butikken v\u00e5r for \u00e5 se p\u00e5 kjolen f\u00f8r handel.  100% polyester","og_url":"https:\/\/www.finnsalg.no\/en\/shop\/black-beauty-dress\/","og_site_name":"FINNSALG","twitter_card":"summary_large_image","twitter_misc":{"Est. reading time":"1 minute"},"schema":{"@context":"https:\/\/schema.org","@graph":[{"@type":"WebPage","@id":"https:\/\/www.finnsalg.no\/shop\/black-beauty-dress\/","url":"https:\/\/www.finnsalg.no\/shop\/black-beauty-dress\/","name":"Black Beauty Dress - FINNSALG","isPartOf":{"@id":"https:\/\/www.finnsalg.no\/#website"},"primaryImageOfPage":{"@id":"https:\/\/www.finnsalg.no\/shop\/black-beauty-dress\/#primaryimage"},"image":{"@id":"https:\/\/www.finnsalg.no\/shop\/black-beauty-dress\/#primaryimage"},"thumbnailUrl":"https:\/\/www.finnsalg.no\/wp-content\/uploads\/2025\/03\/Black-Beauty-Dress.avif","datePublished":"2025-03-04T13:42:54+00:00","breadcrumb":{"@id":"https:\/\/www.finnsalg.no\/shop\/black-beauty-dress\/#breadcrumb"},"inLanguage":"en-US","potentialAction":[{"@type":"ReadAction","target":["https:\/\/www.finnsalg.no\/shop\/black-beauty-dress\/"]}]},{"@type":"ImageObject","inLanguage":"en-US","@id":"https:\/\/www.finnsalg.no\/shop\/black-beauty-dress\/#primaryimage","url":"https:\/\/www.finnsalg.no\/wp-content\/uploads\/2025\/03\/Black-Beauty-Dress.avif","contentUrl":"https:\/\/www.finnsalg.no\/wp-content\/uploads\/2025\/03\/Black-Beauty-Dress.avif","width":736,"height":981},{"@type":"BreadcrumbList","@id":"https:\/\/www.finnsalg.no\/shop\/black-beauty-dress\/#breadcrumb","itemListElement":[{"@type":"ListItem","position":1,"name":"Hjem","item":"https:\/\/www.finnsalg.no\/"},{"@type":"ListItem","position":2,"name":"Butikker og Salg","item":"https:\/\/www.finnsalg.no\/butikker-og-salg\/"},{"@type":"ListItem","position":3,"name":"Black Beauty Dress"}]},{"@type":"WebSite","@id":"https:\/\/www.finnsalg.no\/#website","url":"https:\/\/www.finnsalg.no\/","name":"FINNSALG","description":"Finn de beste salgene p\u00e5 kl\u00e6r, sko, bagger og mye mer fra butikkene i hele Norge","publisher":{"@id":"https:\/\/www.finnsalg.no\/#organization"},"potentialAction":[{"@type":"SearchAction","target":{"@type":"EntryPoint","urlTemplate":"https:\/\/www.finnsalg.no\/?s={search_term_string}"},"query-input":{"@type":"PropertyValueSpecification","valueRequired":true,"valueName":"search_term_string"}}],"inLanguage":"en-US"},{"@type":"Organization","@id":"https:\/\/www.finnsalg.no\/#organization","name":"FINNSALG","url":"https:\/\/www.finnsalg.no\/","logo":{"@type":"ImageObject","inLanguage":"en-US","@id":"https:\/\/www.finnsalg.no\/#\/schema\/logo\/image\/","url":"https:\/\/www.finnsalg.no\/wp-content\/uploads\/2025\/09\/cropped-logo_Customer3.jpg","contentUrl":"https:\/\/www.finnsalg.no\/wp-content\/uploads\/2025\/09\/cropped-logo_Customer3.jpg","width":587,"height":182,"caption":"FINNSALG"},"image":{"@id":"https:\/\/www.finnsalg.no\/#\/schema\/logo\/image\/"}}]}},"jetpack_sharing_enabled":true,"_links":{"self":[{"href":"https:\/\/www.finnsalg.no\/en\/wp-json\/wp\/v2\/product\/3207","targetHints":{"allow":["GET"]}}],"collection":[{"href":"https:\/\/www.finnsalg.no\/en\/wp-json\/wp\/v2\/product"}],"about":[{"href":"https:\/\/www.finnsalg.no\/en\/wp-json\/wp\/v2\/types\/product"}],"replies":[{"embeddable":true,"href":"https:\/\/www.finnsalg.no\/en\/wp-json\/wp\/v2\/comments?post=3207"}],"wp:featuredmedia":[{"embeddable":true,"href":"https:\/\/www.finnsalg.no\/en\/wp-json\/wp\/v2\/media\/3212"}],"wp:attachment":[{"href":"https:\/\/www.finnsalg.no\/en\/wp-json\/wp\/v2\/media?parent=3207"}],"wp:term":[{"taxonomy":"finnsalg_campaign","embeddable":true,"href":"https:\/\/www.finnsalg.no\/en\/wp-json\/wp\/v2\/finnsalg_campaign?post=3207"},{"taxonomy":"product_brand","embeddable":true,"href":"https:\/\/www.finnsalg.no\/en\/wp-json\/wp\/v2\/product_brand?post=3207"},{"taxonomy":"product_cat","embeddable":true,"href":"https:\/\/www.finnsalg.no\/en\/wp-json\/wp\/v2\/product_cat?post=3207"},{"taxonomy":"product_tag","embeddable":true,"href":"https:\/\/www.finnsalg.no\/en\/wp-json\/wp\/v2\/product_tag?post=3207"}],"curies":[{"name":"wp","href":"https:\/\/api.w.org\/{rel}","templated":true}]}}