{"id":1261,"date":"2025-02-17T08:06:50","date_gmt":"2025-02-17T08:06:50","guid":{"rendered":"https:\/\/www.finnsalg.no\/?post_type=product&#038;p=1261"},"modified":"2025-11-09T15:16:26","modified_gmt":"2025-11-09T15:16:26","slug":"pakketilbud-unisex-skinndress-skinn-jakke-skinnbukse","status":"publish","type":"product","link":"https:\/\/www.finnsalg.no\/en\/shop\/pakketilbud-unisex-skinndress-skinn-jakke-skinnbukse\/","title":{"rendered":"PAKKETILBUD: UNISEX SKINNDRESS: SKINN JAKKE + SKINNBUKSE"},"content":{"rendered":"<p>Art.nr:\u00a0406412<\/p>\n<h4>Informasjon<\/h4>\n<p>WELL DONE 406412 UNISEX SKINNDRESS: JAKKE OG BUKSE,<\/p>\n<h4>Informasjon<\/h4>\n<p>ART.406\u00a0 SKINNJAKKE SORT<\/p>\n<p>-CE.DOGKJENT POLSTRINGER<\/p>\n<p>-RYGGSKINNE<\/p>\n<p>-GLIDEL\u00c5S TIL \u00c5 SETTE SAMMEN MED BUKSE<\/p>\n<p>-BELTEJUSTERING<\/p>\n<p>-4 LOMMER FORAN OG 2\u00a0 INNVENDIG + 1 LOMME TIL MOBIL TEL.<\/p>\n<p>-STRECH BAK<\/p>\n<p>&#8211; MEGET GOD PASSFORM<\/p>\n<p>&#8212;&#8212;&#8212;&#8212;&#8212;&#8212;&#8212;&#8212;&#8212;&#8212;&#8212;&#8212;&#8212;&#8212;&#8212;&#8212;&#8212;&#8212;&#8211;<\/p>\n<p>ART. 412 SNEKKERBUKSE I SKINN<br \/>\nCE.GODKJENTE BESKYTTER P\u00c5 KN\u00c6R OG HOFTER<br \/>\n3M REFLEKS<br \/>\nTO LOMMER FORAN<br \/>\nSTRECH P\u00c5 KN\u00c6R, I SIDENE OG KORSRYGG<br \/>\nMEGET BEHAGELIG BUKSE MED SIKKERHET OG KOMFORT<br \/>\nSTR. 46\u00a0 TIL 60<\/p>\n\n    <div class=\"xs_social_share_widget xs_share_url after_content \t\tmain_content  wslu-style-1 wslu-share-box-shaped wslu-fill-colored wslu-none wslu-share-horizontal wslu-theme-font-no wslu-main_content\">\n\n\t\t\n        <ul>\n\t\t\t        <\/ul>\n    <\/div>","protected":false},"excerpt":{"rendered":"<p>Art.nr:\u00a0406412<\/p>\n<h4>Informasjon<\/h4>\n<p>WELL DONE 406412 UNISEX SKINNDRESS: JAKKE OG BUKSE,<\/p>\n<h4>Informasjon<\/h4>\n<p>ART.406\u00a0 SKINNJAKKE SORT<\/p>\n<p>-CE.DOGKJENT POLSTRINGER<\/p>\n<p>-RYGGSKINNE<\/p>\n<p>-GLIDEL\u00c5S TIL \u00c5 SETTE SAMMEN MED BUKSE<\/p>\n<p>-BELTEJUSTERING<\/p>\n<p>-4 LOMMER FORAN OG 2\u00a0 INNVENDIG + 1 LOMME TIL MOBIL TEL.<\/p>\n<p>-STRECH BAK<\/p>\n<p>&#8211; MEGET GOD PASSFORM<\/p>\n<p>&#8212;&#8212;&#8212;&#8212;&#8212;&#8212;&#8212;&#8212;&#8212;&#8212;&#8212;&#8212;&#8212;&#8212;&#8212;&#8212;&#8212;&#8212;&#8211;<\/p>\n<p>ART. 412 SNEKKERBUKSE I SKINN<br \/>\nCE.GODKJENTE BESKYTTER P\u00c5 KN\u00c6R OG HOFTER<br \/>\n3M REFLEKS<br \/>\nTO LOMMER FORAN<br \/>\nSTRECH P\u00c5 KN\u00c6R, I SIDENE OG KORSRYGG<br \/>\nMEGET BEHAGELIG BUKSE MED SIKKERHET OG KOMFORT<br \/>\nSTR. 46\u00a0 TIL 60<\/p>","protected":false},"featured_media":1313,"comment_status":"open","ping_status":"closed","template":"","meta":{"iawp_total_views":0},"finnsalg_campaign":[],"product_brand":[],"product_cat":[710,596,107],"product_tag":[],"class_list":{"0":"post-1261","1":"product","2":"type-product","3":"status-publish","4":"has-post-thumbnail","6":"product_cat-mc-bukser","7":"product_cat-mc-jakker","8":"product_cat-mc-sport-hobby","9":"thunk-woo-product-list","10":"opn-qv-enable","11":"open-woo-hover-","12":"open-single-product-tab-horizontal","13":"open-shadow-","14":"open-shadow-hover-","16":"first","17":"instock","18":"sale","19":"shipping-taxable","20":"purchasable","21":"product-type-external"},"yoast_head":"<!-- This site is optimized with the Yoast SEO plugin v25.0 - https:\/\/yoast.com\/wordpress\/plugins\/seo\/ -->\n<title>PAKKETILBUD: UNISEX SKINNDRESS: SKINN JAKKE + SKINNBUKSE - FINNSALG<\/title>\n<meta name=\"robots\" content=\"index, follow, max-snippet:-1, max-image-preview:large, max-video-preview:-1\" \/>\n<link rel=\"canonical\" href=\"https:\/\/www.finnsalg.no\/en\/shop\/pakketilbud-unisex-skinndress-skinn-jakke-skinnbukse\/\" \/>\n<meta property=\"og:locale\" content=\"en_US\" \/>\n<meta property=\"og:type\" content=\"article\" \/>\n<meta property=\"og:title\" content=\"PAKKETILBUD: UNISEX SKINNDRESS: SKINN JAKKE + SKINNBUKSE - FINNSALG\" \/>\n<meta property=\"og:description\" content=\"Art.nr:\u00a0406412 Informasjon WELL DONE 406412 UNISEX SKINNDRESS: JAKKE OG BUKSE, Informasjon ART.406\u00a0 SKINNJAKKE SORT  -CE.DOGKJENT POLSTRINGER  -RYGGSKINNE  -GLIDEL\u00c5S TIL \u00c5 SETTE SAMMEN MED BUKSE  -BELTEJUSTERING  -4 LOMMER FORAN OG 2\u00a0 INNVENDIG + 1 LOMME TIL MOBIL TEL.  -STRECH BAK  - MEGET GOD PASSFORM  --------------------------------------------------------  ART. 412 SNEKKERBUKSE I SKINN CE.GODKJENTE BESKYTTER P\u00c5 KN\u00c6R OG HOFTER 3M REFLEKS TO LOMMER FORAN STRECH P\u00c5 KN\u00c6R, I SIDENE OG KORSRYGG MEGET BEHAGELIG BUKSE MED SIKKERHET OG KOMFORT STR. 46\u00a0 TIL 60\" \/>\n<meta property=\"og:url\" content=\"https:\/\/www.finnsalg.no\/en\/shop\/pakketilbud-unisex-skinndress-skinn-jakke-skinnbukse\/\" \/>\n<meta property=\"og:site_name\" content=\"FINNSALG\" \/>\n<meta property=\"article:modified_time\" content=\"2025-11-09T15:16:26+00:00\" \/>\n<meta property=\"og:image\" content=\"https:\/\/www.finnsalg.no\/wp-content\/uploads\/2025\/02\/UNISEX-SKINNDRESS-JAKKE-OG-BUKSE_half.jpg\" \/>\n\t<meta property=\"og:image:width\" content=\"324\" \/>\n\t<meta property=\"og:image:height\" content=\"378\" \/>\n\t<meta property=\"og:image:type\" content=\"image\/jpeg\" \/>\n<meta name=\"twitter:card\" content=\"summary_large_image\" \/>\n<script type=\"application\/ld+json\" class=\"yoast-schema-graph\">{\"@context\":\"https:\/\/schema.org\",\"@graph\":[{\"@type\":\"WebPage\",\"@id\":\"https:\/\/www.finnsalg.no\/shop\/pakketilbud-unisex-skinndress-skinn-jakke-skinnbukse\/\",\"url\":\"https:\/\/www.finnsalg.no\/shop\/pakketilbud-unisex-skinndress-skinn-jakke-skinnbukse\/\",\"name\":\"PAKKETILBUD: UNISEX SKINNDRESS: SKINN JAKKE + SKINNBUKSE - FINNSALG\",\"isPartOf\":{\"@id\":\"https:\/\/www.finnsalg.no\/#website\"},\"primaryImageOfPage\":{\"@id\":\"https:\/\/www.finnsalg.no\/shop\/pakketilbud-unisex-skinndress-skinn-jakke-skinnbukse\/#primaryimage\"},\"image\":{\"@id\":\"https:\/\/www.finnsalg.no\/shop\/pakketilbud-unisex-skinndress-skinn-jakke-skinnbukse\/#primaryimage\"},\"thumbnailUrl\":\"https:\/\/www.finnsalg.no\/wp-content\/uploads\/2025\/02\/UNISEX-SKINNDRESS-JAKKE-OG-BUKSE_half.jpg\",\"datePublished\":\"2025-02-17T08:06:50+00:00\",\"dateModified\":\"2025-11-09T15:16:26+00:00\",\"breadcrumb\":{\"@id\":\"https:\/\/www.finnsalg.no\/shop\/pakketilbud-unisex-skinndress-skinn-jakke-skinnbukse\/#breadcrumb\"},\"inLanguage\":\"en-US\",\"potentialAction\":[{\"@type\":\"ReadAction\",\"target\":[\"https:\/\/www.finnsalg.no\/shop\/pakketilbud-unisex-skinndress-skinn-jakke-skinnbukse\/\"]}]},{\"@type\":\"ImageObject\",\"inLanguage\":\"en-US\",\"@id\":\"https:\/\/www.finnsalg.no\/shop\/pakketilbud-unisex-skinndress-skinn-jakke-skinnbukse\/#primaryimage\",\"url\":\"https:\/\/www.finnsalg.no\/wp-content\/uploads\/2025\/02\/UNISEX-SKINNDRESS-JAKKE-OG-BUKSE_half.jpg\",\"contentUrl\":\"https:\/\/www.finnsalg.no\/wp-content\/uploads\/2025\/02\/UNISEX-SKINNDRESS-JAKKE-OG-BUKSE_half.jpg\",\"width\":324,\"height\":378},{\"@type\":\"BreadcrumbList\",\"@id\":\"https:\/\/www.finnsalg.no\/shop\/pakketilbud-unisex-skinndress-skinn-jakke-skinnbukse\/#breadcrumb\",\"itemListElement\":[{\"@type\":\"ListItem\",\"position\":1,\"name\":\"Hjem\",\"item\":\"https:\/\/www.finnsalg.no\/\"},{\"@type\":\"ListItem\",\"position\":2,\"name\":\"Butikker og Salg\",\"item\":\"https:\/\/www.finnsalg.no\/butikker-og-salg\/\"},{\"@type\":\"ListItem\",\"position\":3,\"name\":\"PAKKETILBUD: UNISEX SKINNDRESS: SKINN JAKKE + SKINNBUKSE\"}]},{\"@type\":\"WebSite\",\"@id\":\"https:\/\/www.finnsalg.no\/#website\",\"url\":\"https:\/\/www.finnsalg.no\/\",\"name\":\"FINNSALG\",\"description\":\"Finn de beste salgene p\u00e5 kl\u00e6r, sko, bagger og mye mer fra butikkene i hele Norge\",\"publisher\":{\"@id\":\"https:\/\/www.finnsalg.no\/#organization\"},\"potentialAction\":[{\"@type\":\"SearchAction\",\"target\":{\"@type\":\"EntryPoint\",\"urlTemplate\":\"https:\/\/www.finnsalg.no\/?s={search_term_string}\"},\"query-input\":{\"@type\":\"PropertyValueSpecification\",\"valueRequired\":true,\"valueName\":\"search_term_string\"}}],\"inLanguage\":\"en-US\"},{\"@type\":\"Organization\",\"@id\":\"https:\/\/www.finnsalg.no\/#organization\",\"name\":\"FINNSALG\",\"url\":\"https:\/\/www.finnsalg.no\/\",\"logo\":{\"@type\":\"ImageObject\",\"inLanguage\":\"en-US\",\"@id\":\"https:\/\/www.finnsalg.no\/#\/schema\/logo\/image\/\",\"url\":\"https:\/\/www.finnsalg.no\/wp-content\/uploads\/2025\/09\/cropped-logo_Customer3.jpg\",\"contentUrl\":\"https:\/\/www.finnsalg.no\/wp-content\/uploads\/2025\/09\/cropped-logo_Customer3.jpg\",\"width\":587,\"height\":182,\"caption\":\"FINNSALG\"},\"image\":{\"@id\":\"https:\/\/www.finnsalg.no\/#\/schema\/logo\/image\/\"}}]}<\/script>\n<!-- \/ Yoast SEO plugin. -->","yoast_head_json":{"title":"PAKKETILBUD: UNISEX SKINNDRESS: SKINN JAKKE + SKINNBUKSE - FINNSALG","robots":{"index":"index","follow":"follow","max-snippet":"max-snippet:-1","max-image-preview":"max-image-preview:large","max-video-preview":"max-video-preview:-1"},"canonical":"https:\/\/www.finnsalg.no\/en\/shop\/pakketilbud-unisex-skinndress-skinn-jakke-skinnbukse\/","og_locale":"en_US","og_type":"article","og_title":"PAKKETILBUD: UNISEX SKINNDRESS: SKINN JAKKE + SKINNBUKSE - FINNSALG","og_description":"Art.nr:\u00a0406412 Informasjon WELL DONE 406412 UNISEX SKINNDRESS: JAKKE OG BUKSE, Informasjon ART.406\u00a0 SKINNJAKKE SORT  -CE.DOGKJENT POLSTRINGER  -RYGGSKINNE  -GLIDEL\u00c5S TIL \u00c5 SETTE SAMMEN MED BUKSE  -BELTEJUSTERING  -4 LOMMER FORAN OG 2\u00a0 INNVENDIG + 1 LOMME TIL MOBIL TEL.  -STRECH BAK  - MEGET GOD PASSFORM  --------------------------------------------------------  ART. 412 SNEKKERBUKSE I SKINN CE.GODKJENTE BESKYTTER P\u00c5 KN\u00c6R OG HOFTER 3M REFLEKS TO LOMMER FORAN STRECH P\u00c5 KN\u00c6R, I SIDENE OG KORSRYGG MEGET BEHAGELIG BUKSE MED SIKKERHET OG KOMFORT STR. 46\u00a0 TIL 60","og_url":"https:\/\/www.finnsalg.no\/en\/shop\/pakketilbud-unisex-skinndress-skinn-jakke-skinnbukse\/","og_site_name":"FINNSALG","article_modified_time":"2025-11-09T15:16:26+00:00","og_image":[{"width":324,"height":378,"url":"https:\/\/www.finnsalg.no\/wp-content\/uploads\/2025\/02\/UNISEX-SKINNDRESS-JAKKE-OG-BUKSE_half.jpg","type":"image\/jpeg"}],"twitter_card":"summary_large_image","schema":{"@context":"https:\/\/schema.org","@graph":[{"@type":"WebPage","@id":"https:\/\/www.finnsalg.no\/shop\/pakketilbud-unisex-skinndress-skinn-jakke-skinnbukse\/","url":"https:\/\/www.finnsalg.no\/shop\/pakketilbud-unisex-skinndress-skinn-jakke-skinnbukse\/","name":"PAKKETILBUD: UNISEX SKINNDRESS: SKINN JAKKE + SKINNBUKSE - FINNSALG","isPartOf":{"@id":"https:\/\/www.finnsalg.no\/#website"},"primaryImageOfPage":{"@id":"https:\/\/www.finnsalg.no\/shop\/pakketilbud-unisex-skinndress-skinn-jakke-skinnbukse\/#primaryimage"},"image":{"@id":"https:\/\/www.finnsalg.no\/shop\/pakketilbud-unisex-skinndress-skinn-jakke-skinnbukse\/#primaryimage"},"thumbnailUrl":"https:\/\/www.finnsalg.no\/wp-content\/uploads\/2025\/02\/UNISEX-SKINNDRESS-JAKKE-OG-BUKSE_half.jpg","datePublished":"2025-02-17T08:06:50+00:00","dateModified":"2025-11-09T15:16:26+00:00","breadcrumb":{"@id":"https:\/\/www.finnsalg.no\/shop\/pakketilbud-unisex-skinndress-skinn-jakke-skinnbukse\/#breadcrumb"},"inLanguage":"en-US","potentialAction":[{"@type":"ReadAction","target":["https:\/\/www.finnsalg.no\/shop\/pakketilbud-unisex-skinndress-skinn-jakke-skinnbukse\/"]}]},{"@type":"ImageObject","inLanguage":"en-US","@id":"https:\/\/www.finnsalg.no\/shop\/pakketilbud-unisex-skinndress-skinn-jakke-skinnbukse\/#primaryimage","url":"https:\/\/www.finnsalg.no\/wp-content\/uploads\/2025\/02\/UNISEX-SKINNDRESS-JAKKE-OG-BUKSE_half.jpg","contentUrl":"https:\/\/www.finnsalg.no\/wp-content\/uploads\/2025\/02\/UNISEX-SKINNDRESS-JAKKE-OG-BUKSE_half.jpg","width":324,"height":378},{"@type":"BreadcrumbList","@id":"https:\/\/www.finnsalg.no\/shop\/pakketilbud-unisex-skinndress-skinn-jakke-skinnbukse\/#breadcrumb","itemListElement":[{"@type":"ListItem","position":1,"name":"Hjem","item":"https:\/\/www.finnsalg.no\/"},{"@type":"ListItem","position":2,"name":"Butikker og Salg","item":"https:\/\/www.finnsalg.no\/butikker-og-salg\/"},{"@type":"ListItem","position":3,"name":"PAKKETILBUD: UNISEX SKINNDRESS: SKINN JAKKE + SKINNBUKSE"}]},{"@type":"WebSite","@id":"https:\/\/www.finnsalg.no\/#website","url":"https:\/\/www.finnsalg.no\/","name":"FINNSALG","description":"Finn de beste salgene p\u00e5 kl\u00e6r, sko, bagger og mye mer fra butikkene i hele Norge","publisher":{"@id":"https:\/\/www.finnsalg.no\/#organization"},"potentialAction":[{"@type":"SearchAction","target":{"@type":"EntryPoint","urlTemplate":"https:\/\/www.finnsalg.no\/?s={search_term_string}"},"query-input":{"@type":"PropertyValueSpecification","valueRequired":true,"valueName":"search_term_string"}}],"inLanguage":"en-US"},{"@type":"Organization","@id":"https:\/\/www.finnsalg.no\/#organization","name":"FINNSALG","url":"https:\/\/www.finnsalg.no\/","logo":{"@type":"ImageObject","inLanguage":"en-US","@id":"https:\/\/www.finnsalg.no\/#\/schema\/logo\/image\/","url":"https:\/\/www.finnsalg.no\/wp-content\/uploads\/2025\/09\/cropped-logo_Customer3.jpg","contentUrl":"https:\/\/www.finnsalg.no\/wp-content\/uploads\/2025\/09\/cropped-logo_Customer3.jpg","width":587,"height":182,"caption":"FINNSALG"},"image":{"@id":"https:\/\/www.finnsalg.no\/#\/schema\/logo\/image\/"}}]}},"jetpack_sharing_enabled":true,"_links":{"self":[{"href":"https:\/\/www.finnsalg.no\/en\/wp-json\/wp\/v2\/product\/1261","targetHints":{"allow":["GET"]}}],"collection":[{"href":"https:\/\/www.finnsalg.no\/en\/wp-json\/wp\/v2\/product"}],"about":[{"href":"https:\/\/www.finnsalg.no\/en\/wp-json\/wp\/v2\/types\/product"}],"replies":[{"embeddable":true,"href":"https:\/\/www.finnsalg.no\/en\/wp-json\/wp\/v2\/comments?post=1261"}],"wp:featuredmedia":[{"embeddable":true,"href":"https:\/\/www.finnsalg.no\/en\/wp-json\/wp\/v2\/media\/1313"}],"wp:attachment":[{"href":"https:\/\/www.finnsalg.no\/en\/wp-json\/wp\/v2\/media?parent=1261"}],"wp:term":[{"taxonomy":"finnsalg_campaign","embeddable":true,"href":"https:\/\/www.finnsalg.no\/en\/wp-json\/wp\/v2\/finnsalg_campaign?post=1261"},{"taxonomy":"product_brand","embeddable":true,"href":"https:\/\/www.finnsalg.no\/en\/wp-json\/wp\/v2\/product_brand?post=1261"},{"taxonomy":"product_cat","embeddable":true,"href":"https:\/\/www.finnsalg.no\/en\/wp-json\/wp\/v2\/product_cat?post=1261"},{"taxonomy":"product_tag","embeddable":true,"href":"https:\/\/www.finnsalg.no\/en\/wp-json\/wp\/v2\/product_tag?post=1261"}],"curies":[{"name":"wp","href":"https:\/\/api.w.org\/{rel}","templated":true}]}}