{"id":6571,"date":"2025-10-08T09:06:36","date_gmt":"2025-10-08T09:06:36","guid":{"rendered":"https:\/\/www.finnsalg.no\/?page_id=6571"},"modified":"2025-10-21T07:30:52","modified_gmt":"2025-10-21T07:30:52","slug":"bestill-fast-publiseringstjeneste","status":"publish","type":"page","link":"https:\/\/www.finnsalg.no\/en\/bestill-fast-publiseringstjeneste\/","title":{"rendered":"Bestill Fast oppdateringstjeneste &#8211; Finnsalg for butikker"},"content":{"rendered":"<div data-elementor-type=\"wp-page\" data-elementor-id=\"6571\" class=\"elementor elementor-6571\">\n\t\t\t\t<div class=\"elementor-element elementor-element-4e59d7c e-flex e-con-boxed e-con e-parent\" data-id=\"4e59d7c\" data-element_type=\"container\">\n\t\t\t\t\t<div class=\"e-con-inner\">\n\t\t\t\t<div class=\"elementor-element elementor-element-7eba509 elementor-widget elementor-widget-text-editor\" data-id=\"7eba509\" data-element_type=\"widget\" data-widget_type=\"text-editor.default\">\n\t\t\t\t<div class=\"elementor-widget-container\">\n\t\t\t\t\t\t\t\t\t<p data-start=\"397\" data-end=\"754\">Tjenesten inkluderer opplasting og publisering av inntil <strong data-start=\"454\" data-end=\"493\">15 produkter eller tilbud per m\u00e5ned<\/strong> for <strong data-start=\"498\" data-end=\"521\">betalende medlemmer<\/strong>.<br data-start=\"522\" data-end=\"525\" \/>Nye produkter og kampanjer m\u00e5 sendes til oss <strong data-start=\"572\" data-end=\"601\">senest den 20. hver m\u00e5ned<\/strong> for publisering i <strong data-start=\"620\" data-end=\"640\">p\u00e5f\u00f8lgende m\u00e5ned<\/strong>.<br data-start=\"641\" data-end=\"644\" \/>Vi begynner arbeidet fortl\u00f8pende etter hvert som materiell kommer inn, s\u00e5 vi anbefaler \u00e5 sende det tidlig.<\/p><p data-start=\"762\" data-end=\"824\"><strong data-start=\"762\" data-end=\"771\">Pris:<\/strong> 690 kr\/mnd inkl. mva ( kun for betalende medlemmer )<\/p>\t\t\t\t\t\t\t\t<\/div>\n\t\t\t\t<\/div>\n\t\t\t\t<div class=\"elementor-element elementor-element-7611363 elementor-widget elementor-widget-text-editor\" data-id=\"7611363\" data-element_type=\"widget\" data-widget_type=\"text-editor.default\">\n\t\t\t\t<div class=\"elementor-widget-container\">\n\t\t\t\t\t\t\t\t\t<p>Dette skjemaet er levert via v\u00e5r sikre l\u00f8sning fra Jotform.<\/p>\t\t\t\t\t\t\t\t<\/div>\n\t\t\t\t<\/div>\n\t\t\t\t\t<\/div>\n\t\t\t\t<\/div>\n\t\t<div class=\"elementor-element elementor-element-9d4e753 e-flex e-con-boxed e-con e-parent\" data-id=\"9d4e753\" data-element_type=\"container\">\n\t\t\t\t\t<div class=\"e-con-inner\">\n\t\t\t\t<div class=\"elementor-element elementor-element-cbe314f elementor-widget elementor-widget-html\" data-id=\"cbe314f\" data-element_type=\"widget\" data-widget_type=\"html.default\">\n\t\t\t\t<div class=\"elementor-widget-container\">\n\t\t\t\t\t\r\n    <iframe\r\n      id=\"JotFormIFrame-252802822235351\"\r\n      title=\"Clone of Document Upload Form\"\r\n      onload=\"window.parent.scrollTo(0,0)\"\r\n      allowtransparency=\"true\"\r\n      allow=\"geolocation; microphone; camera; fullscreen; payment\"\r\n      src=\"https:\/\/form.jotform.com\/252802822235351\"\r\n      frameborder=\"0\"\r\n      style=\"min-width:100%;max-width:100%;height:539px;border:none;\"\r\n      scrolling=\"no\"\r\n    >\r\n    <\/iframe>\r\n    <script src='https:\/\/cdn.jotfor.ms\/s\/umd\/latest\/for-form-embed-handler.js'><\/script>\r\n    <script>window.jotformEmbedHandler(\"iframe[id='JotFormIFrame-252802822235351']\", \"https:\/\/form.jotform.com\/\")<\/script>\r\n    \t\t\t\t<\/div>\n\t\t\t\t<\/div>\n\t\t\t\t\t<\/div>\n\t\t\t\t<\/div>\n\t\t\t\t<\/div>\n\t\t\n    <div class=\"xs_social_share_widget xs_share_url after_content \t\tmain_content  wslu-style-1 wslu-share-box-shaped wslu-fill-colored wslu-none wslu-share-horizontal wslu-theme-font-no wslu-main_content\">\n\n\t\t\n        <ul>\n\t\t\t        <\/ul>\n    <\/div>","protected":false},"excerpt":{"rendered":"<p>Tjenesten inkluderer opplasting og publisering av inntil 15 produkter eller tilbud per m\u00e5ned for betalende medlemmer.Nye produkter og kampanjer m\u00e5 sendes til oss senest den 20. hver m\u00e5ned for publisering i p\u00e5f\u00f8lgende m\u00e5ned.Vi begynner arbeidet fortl\u00f8pende etter hvert som materiell kommer inn, s\u00e5 vi anbefaler \u00e5 sende det tidlig. Pris: 690 kr\/mnd inkl. mva ( &hellip;<\/p>\n<p class=\"read-more\"> <a class=\"thunk-readmore button\" href=\"https:\/\/www.finnsalg.no\/en\/bestill-fast-publiseringstjeneste\/\"> <span class=\"screen-reader-text\">Bestill Fast oppdateringstjeneste &#8211; Finnsalg for butikker<\/span>Read More<\/a><\/p>","protected":false},"author":1,"featured_media":0,"parent":0,"menu_order":0,"comment_status":"closed","ping_status":"closed","template":"","meta":{"iawp_total_views":28,"footnotes":""},"class_list":["post-6571","page","type-page","status-publish","hentry","thunk-woo-product-list","opn-qv-enable","open-woo-hover-","open-single-product-tab-horizontal","open-shadow-","open-shadow-hover-"],"yoast_head":"<!-- This site is optimized with the Yoast SEO plugin v25.0 - https:\/\/yoast.com\/wordpress\/plugins\/seo\/ -->\n<title>Bestill Fast oppdateringstjeneste - Finnsalg for butikker - FINNSALG<\/title>\n<meta name=\"description\" content=\"Spar tid og hold butikken din synlig p\u00e5 nett. Finnsalg publiserer nye produkter og kampanjer for deg \u2013 enkelt, rimelig og effektivt.\" \/>\n<meta name=\"robots\" content=\"index, follow, max-snippet:-1, max-image-preview:large, max-video-preview:-1\" \/>\n<link rel=\"canonical\" href=\"https:\/\/www.finnsalg.no\/en\/bestill-fast-publiseringstjeneste\/\" \/>\n<meta property=\"og:locale\" content=\"en_US\" \/>\n<meta property=\"og:type\" content=\"article\" \/>\n<meta property=\"og:title\" content=\"Bestill Fast oppdateringstjeneste - Finnsalg for butikker - FINNSALG\" \/>\n<meta property=\"og:description\" content=\"Spar tid og hold butikken din synlig p\u00e5 nett. Finnsalg publiserer nye produkter og kampanjer for deg \u2013 enkelt, rimelig og effektivt.\" \/>\n<meta property=\"og:url\" content=\"https:\/\/www.finnsalg.no\/en\/bestill-fast-publiseringstjeneste\/\" \/>\n<meta property=\"og:site_name\" content=\"FINNSALG\" \/>\n<meta property=\"article:modified_time\" content=\"2025-10-21T07:30:52+00:00\" \/>\n<meta name=\"twitter:card\" content=\"summary_large_image\" \/>\n<meta name=\"twitter:label1\" content=\"Est. reading time\" \/>\n\t<meta name=\"twitter:data1\" content=\"1 minute\" \/>\n<script type=\"application\/ld+json\" class=\"yoast-schema-graph\">{\"@context\":\"https:\/\/schema.org\",\"@graph\":[{\"@type\":\"WebPage\",\"@id\":\"https:\/\/www.finnsalg.no\/bestill-fast-publiseringstjeneste\/\",\"url\":\"https:\/\/www.finnsalg.no\/bestill-fast-publiseringstjeneste\/\",\"name\":\"Bestill Fast oppdateringstjeneste - Finnsalg for butikker - FINNSALG\",\"isPartOf\":{\"@id\":\"https:\/\/www.finnsalg.no\/#website\"},\"datePublished\":\"2025-10-08T09:06:36+00:00\",\"dateModified\":\"2025-10-21T07:30:52+00:00\",\"description\":\"Spar tid og hold butikken din synlig p\u00e5 nett. Finnsalg publiserer nye produkter og kampanjer for deg \u2013 enkelt, rimelig og effektivt.\",\"breadcrumb\":{\"@id\":\"https:\/\/www.finnsalg.no\/bestill-fast-publiseringstjeneste\/#breadcrumb\"},\"inLanguage\":\"en-US\",\"potentialAction\":[{\"@type\":\"ReadAction\",\"target\":[\"https:\/\/www.finnsalg.no\/bestill-fast-publiseringstjeneste\/\"]}]},{\"@type\":\"BreadcrumbList\",\"@id\":\"https:\/\/www.finnsalg.no\/bestill-fast-publiseringstjeneste\/#breadcrumb\",\"itemListElement\":[{\"@type\":\"ListItem\",\"position\":1,\"name\":\"Hjem\",\"item\":\"https:\/\/www.finnsalg.no\/\"},{\"@type\":\"ListItem\",\"position\":2,\"name\":\"Bestill Fast oppdateringstjeneste &#8211; Finnsalg for butikker\"}]},{\"@type\":\"WebSite\",\"@id\":\"https:\/\/www.finnsalg.no\/#website\",\"url\":\"https:\/\/www.finnsalg.no\/\",\"name\":\"FINNSALG\",\"description\":\"Finn de beste salgene p\u00e5 kl\u00e6r, sko, bagger og mye mer fra butikkene i hele Norge\",\"publisher\":{\"@id\":\"https:\/\/www.finnsalg.no\/#organization\"},\"potentialAction\":[{\"@type\":\"SearchAction\",\"target\":{\"@type\":\"EntryPoint\",\"urlTemplate\":\"https:\/\/www.finnsalg.no\/?s={search_term_string}\"},\"query-input\":{\"@type\":\"PropertyValueSpecification\",\"valueRequired\":true,\"valueName\":\"search_term_string\"}}],\"inLanguage\":\"en-US\"},{\"@type\":\"Organization\",\"@id\":\"https:\/\/www.finnsalg.no\/#organization\",\"name\":\"FINNSALG\",\"url\":\"https:\/\/www.finnsalg.no\/\",\"logo\":{\"@type\":\"ImageObject\",\"inLanguage\":\"en-US\",\"@id\":\"https:\/\/www.finnsalg.no\/#\/schema\/logo\/image\/\",\"url\":\"https:\/\/www.finnsalg.no\/wp-content\/uploads\/2025\/09\/cropped-logo_Customer3.jpg\",\"contentUrl\":\"https:\/\/www.finnsalg.no\/wp-content\/uploads\/2025\/09\/cropped-logo_Customer3.jpg\",\"width\":587,\"height\":182,\"caption\":\"FINNSALG\"},\"image\":{\"@id\":\"https:\/\/www.finnsalg.no\/#\/schema\/logo\/image\/\"}}]}<\/script>\n<!-- \/ Yoast SEO plugin. -->","yoast_head_json":{"title":"Bestill Fast oppdateringstjeneste - Finnsalg for butikker - FINNSALG","description":"Spar tid og hold butikken din synlig p\u00e5 nett. Finnsalg publiserer nye produkter og kampanjer for deg \u2013 enkelt, rimelig og effektivt.","robots":{"index":"index","follow":"follow","max-snippet":"max-snippet:-1","max-image-preview":"max-image-preview:large","max-video-preview":"max-video-preview:-1"},"canonical":"https:\/\/www.finnsalg.no\/en\/bestill-fast-publiseringstjeneste\/","og_locale":"en_US","og_type":"article","og_title":"Bestill Fast oppdateringstjeneste - Finnsalg for butikker - FINNSALG","og_description":"Spar tid og hold butikken din synlig p\u00e5 nett. Finnsalg publiserer nye produkter og kampanjer for deg \u2013 enkelt, rimelig og effektivt.","og_url":"https:\/\/www.finnsalg.no\/en\/bestill-fast-publiseringstjeneste\/","og_site_name":"FINNSALG","article_modified_time":"2025-10-21T07:30:52+00:00","twitter_card":"summary_large_image","twitter_misc":{"Est. reading time":"1 minute"},"schema":{"@context":"https:\/\/schema.org","@graph":[{"@type":"WebPage","@id":"https:\/\/www.finnsalg.no\/bestill-fast-publiseringstjeneste\/","url":"https:\/\/www.finnsalg.no\/bestill-fast-publiseringstjeneste\/","name":"Bestill Fast oppdateringstjeneste - Finnsalg for butikker - FINNSALG","isPartOf":{"@id":"https:\/\/www.finnsalg.no\/#website"},"datePublished":"2025-10-08T09:06:36+00:00","dateModified":"2025-10-21T07:30:52+00:00","description":"Spar tid og hold butikken din synlig p\u00e5 nett. Finnsalg publiserer nye produkter og kampanjer for deg \u2013 enkelt, rimelig og effektivt.","breadcrumb":{"@id":"https:\/\/www.finnsalg.no\/bestill-fast-publiseringstjeneste\/#breadcrumb"},"inLanguage":"en-US","potentialAction":[{"@type":"ReadAction","target":["https:\/\/www.finnsalg.no\/bestill-fast-publiseringstjeneste\/"]}]},{"@type":"BreadcrumbList","@id":"https:\/\/www.finnsalg.no\/bestill-fast-publiseringstjeneste\/#breadcrumb","itemListElement":[{"@type":"ListItem","position":1,"name":"Hjem","item":"https:\/\/www.finnsalg.no\/"},{"@type":"ListItem","position":2,"name":"Bestill Fast oppdateringstjeneste &#8211; Finnsalg for butikker"}]},{"@type":"WebSite","@id":"https:\/\/www.finnsalg.no\/#website","url":"https:\/\/www.finnsalg.no\/","name":"FINNSALG","description":"Finn de beste salgene p\u00e5 kl\u00e6r, sko, bagger og mye mer fra butikkene i hele Norge","publisher":{"@id":"https:\/\/www.finnsalg.no\/#organization"},"potentialAction":[{"@type":"SearchAction","target":{"@type":"EntryPoint","urlTemplate":"https:\/\/www.finnsalg.no\/?s={search_term_string}"},"query-input":{"@type":"PropertyValueSpecification","valueRequired":true,"valueName":"search_term_string"}}],"inLanguage":"en-US"},{"@type":"Organization","@id":"https:\/\/www.finnsalg.no\/#organization","name":"FINNSALG","url":"https:\/\/www.finnsalg.no\/","logo":{"@type":"ImageObject","inLanguage":"en-US","@id":"https:\/\/www.finnsalg.no\/#\/schema\/logo\/image\/","url":"https:\/\/www.finnsalg.no\/wp-content\/uploads\/2025\/09\/cropped-logo_Customer3.jpg","contentUrl":"https:\/\/www.finnsalg.no\/wp-content\/uploads\/2025\/09\/cropped-logo_Customer3.jpg","width":587,"height":182,"caption":"FINNSALG"},"image":{"@id":"https:\/\/www.finnsalg.no\/#\/schema\/logo\/image\/"}}]}},"jetpack_sharing_enabled":true,"_links":{"self":[{"href":"https:\/\/www.finnsalg.no\/en\/wp-json\/wp\/v2\/pages\/6571","targetHints":{"allow":["GET"]}}],"collection":[{"href":"https:\/\/www.finnsalg.no\/en\/wp-json\/wp\/v2\/pages"}],"about":[{"href":"https:\/\/www.finnsalg.no\/en\/wp-json\/wp\/v2\/types\/page"}],"author":[{"embeddable":true,"href":"https:\/\/www.finnsalg.no\/en\/wp-json\/wp\/v2\/users\/1"}],"replies":[{"embeddable":true,"href":"https:\/\/www.finnsalg.no\/en\/wp-json\/wp\/v2\/comments?post=6571"}],"version-history":[{"count":13,"href":"https:\/\/www.finnsalg.no\/en\/wp-json\/wp\/v2\/pages\/6571\/revisions"}],"predecessor-version":[{"id":6797,"href":"https:\/\/www.finnsalg.no\/en\/wp-json\/wp\/v2\/pages\/6571\/revisions\/6797"}],"wp:attachment":[{"href":"https:\/\/www.finnsalg.no\/en\/wp-json\/wp\/v2\/media?parent=6571"}],"curies":[{"name":"wp","href":"https:\/\/api.w.org\/{rel}","templated":true}]}}