{"id":611,"date":"2024-11-28T18:01:40","date_gmt":"2024-11-28T18:01:40","guid":{"rendered":"https:\/\/www.finnsalg.no\/?page_id=611"},"modified":"2025-11-10T13:26:42","modified_gmt":"2025-11-10T13:26:42","slug":"om-finnsalg-appen-og-plattformen","status":"publish","type":"page","link":"https:\/\/www.finnsalg.no\/en\/om-finnsalg-appen-og-plattformen\/","title":{"rendered":"Om oss"},"content":{"rendered":"<div data-elementor-type=\"wp-page\" data-elementor-id=\"611\" class=\"elementor elementor-611\">\n\t\t\t\t<div class=\"elementor-element elementor-element-6fc4760 e-flex e-con-boxed e-con e-parent\" data-id=\"6fc4760\" data-element_type=\"container\">\n\t\t\t\t\t<div class=\"e-con-inner\">\n\t\t\t\t<div class=\"elementor-element elementor-element-524cd0d elementor-widget elementor-widget-image\" data-id=\"524cd0d\" data-element_type=\"widget\" data-widget_type=\"image.default\">\n\t\t\t\t<div class=\"elementor-widget-container\">\n\t\t\t\t\t\t\t\t\t\t\t\t\t\t\t<img fetchpriority=\"high\" decoding=\"async\" width=\"613\" height=\"175\" src=\"https:\/\/www.finnsalg.no\/wp-content\/uploads\/2024\/11\/cropped-logo_new2-2.png\" class=\"attachment-large size-large wp-image-529\" alt=\"salg, finn, finn salg\" srcset=\"https:\/\/www.finnsalg.no\/wp-content\/uploads\/2024\/11\/cropped-logo_new2-2.png 613w, https:\/\/www.finnsalg.no\/wp-content\/uploads\/2024\/11\/cropped-logo_new2-2-300x86.png 300w, https:\/\/www.finnsalg.no\/wp-content\/uploads\/2024\/11\/cropped-logo_new2-2-400x114.png 400w, https:\/\/www.finnsalg.no\/wp-content\/uploads\/2024\/11\/cropped-logo_new2-2-500x143.png 500w, https:\/\/www.finnsalg.no\/wp-content\/uploads\/2024\/11\/cropped-logo_new2-2-100x29.png 100w, https:\/\/www.finnsalg.no\/wp-content\/uploads\/2024\/11\/cropped-logo_new2-2-48x14.png 48w\" sizes=\"(max-width: 613px) 100vw, 613px\" \/>\t\t\t\t\t\t\t\t\t\t\t\t\t\t\t<\/div>\n\t\t\t\t<\/div>\n\t\t\t\t<div class=\"elementor-element elementor-element-c00bec9 elementor-widget elementor-widget-spacer\" data-id=\"c00bec9\" data-element_type=\"widget\" data-widget_type=\"spacer.default\">\n\t\t\t\t<div class=\"elementor-widget-container\">\n\t\t\t\t\t\t\t<div class=\"elementor-spacer\">\n\t\t\t<div class=\"elementor-spacer-inner\"><\/div>\n\t\t<\/div>\n\t\t\t\t\t\t<\/div>\n\t\t\t\t<\/div>\n\t\t\t\t\t<\/div>\n\t\t\t\t<\/div>\n\t\t<div class=\"elementor-element elementor-element-42fac33 e-flex e-con-boxed e-con e-parent\" data-id=\"42fac33\" data-element_type=\"container\">\n\t\t\t\t\t<div class=\"e-con-inner\">\n\t\t\t\t<div class=\"elementor-element elementor-element-a0df189 elementor-widget elementor-widget-heading\" data-id=\"a0df189\" data-element_type=\"widget\" data-widget_type=\"heading.default\">\n\t\t\t\t<div class=\"elementor-widget-container\">\n\t\t\t\t\t<h2 class=\"elementor-heading-title elementor-size-default\">Om oss og v\u00e5r motivasjon<\/h2>\t\t\t\t<\/div>\n\t\t\t\t<\/div>\n\t\t\t\t\t<\/div>\n\t\t\t\t<\/div>\n\t\t<div class=\"elementor-element elementor-element-d7fa702 e-flex e-con-boxed e-con e-parent\" data-id=\"d7fa702\" data-element_type=\"container\">\n\t\t\t\t\t<div class=\"e-con-inner\">\n\t\t\t\t<div class=\"elementor-element elementor-element-0ec5d56 elementor-widget elementor-widget-spacer\" data-id=\"0ec5d56\" data-element_type=\"widget\" data-widget_type=\"spacer.default\">\n\t\t\t\t<div class=\"elementor-widget-container\">\n\t\t\t\t\t\t\t<div class=\"elementor-spacer\">\n\t\t\t<div class=\"elementor-spacer-inner\"><\/div>\n\t\t<\/div>\n\t\t\t\t\t\t<\/div>\n\t\t\t\t<\/div>\n\t\t\t\t<div class=\"elementor-element elementor-element-aa40aa5 elementor-widget elementor-widget-text-editor\" data-id=\"aa40aa5\" data-element_type=\"widget\" data-widget_type=\"text-editor.default\">\n\t\t\t\t<div class=\"elementor-widget-container\">\n\t\t\t\t\t\t\t\t\t<h3><strong>Som shopper<\/strong><\/h3>\t\t\t\t\t\t\t\t<\/div>\n\t\t\t\t<\/div>\n\t\t\t\t\t<\/div>\n\t\t\t\t<\/div>\n\t\t<div class=\"elementor-element elementor-element-c6e220f e-flex e-con-boxed e-con e-parent\" data-id=\"c6e220f\" data-element_type=\"container\">\n\t\t\t\t\t<div class=\"e-con-inner\">\n\t\t\t\t<div class=\"elementor-element elementor-element-21dc432 elementor-widget elementor-widget-text-editor\" data-id=\"21dc432\" data-element_type=\"widget\" data-widget_type=\"text-editor.default\">\n\t\t\t\t<div class=\"elementor-widget-container\">\n\t\t\t\t\t\t\t\t\t<p>Som shopper har jeg ofte kjent p\u00e5 hvor slitsomt det kan v\u00e6re \u00e5 g\u00e5 fra butikk til butikk, eller bla gjennom utallige nettsider p\u00e5 jakt etter gode tilbud. Ofte kan avstand ogs\u00e5 v\u00e6re en barriere som hindrer tilgang til fysiske butikker med gode tilbud, for eksempel i en annen by. Finnsalg-appen fjerner alle disse barrierene og stresset, og samler butikkens salg rett i h\u00e5nden til brukeren. Med andre ord, bringer Finnsalg-appen alle butikkene i Norge og deres salg hjem til deg. S\u00e5 du kan slappe av hjemme i en comfy stol og sveipe gjennom masse kule produkter og butikker<\/p>\t\t\t\t\t\t\t\t<\/div>\n\t\t\t\t<\/div>\n\t\t\t\t\t<\/div>\n\t\t\t\t<\/div>\n\t\t<div class=\"elementor-element elementor-element-cb11ca3 e-flex e-con-boxed e-con e-parent\" data-id=\"cb11ca3\" data-element_type=\"container\">\n\t\t\t\t\t<div class=\"e-con-inner\">\n\t\t\t\t<div class=\"elementor-element elementor-element-aeeb171 elementor-widget elementor-widget-text-editor\" data-id=\"aeeb171\" data-element_type=\"widget\" data-widget_type=\"text-editor.default\">\n\t\t\t\t<div class=\"elementor-widget-container\">\n\t\t\t\t\t\t\t\t\t<h3><strong>Som n\u00e6ringsdrivende<\/strong><\/h3>\t\t\t\t\t\t\t\t<\/div>\n\t\t\t\t<\/div>\n\t\t\t\t<div class=\"elementor-element elementor-element-43fa3ef elementor-widget elementor-widget-text-editor\" data-id=\"43fa3ef\" data-element_type=\"widget\" data-widget_type=\"text-editor.default\">\n\t\t\t\t<div class=\"elementor-widget-container\">\n\t\t\t\t\t\t\t\t\t<p>For flere \u00e5r siden eide min kone og jeg en butikk. Jeg husker hvor utfordrende det var \u00e5 finne riktig kanal for \u00e5 markedsf\u00f8re produktene v\u00e5re og salgene v\u00e5re. Webutviklere hevdet at SEO var den beste m\u00e5ten \u00e5 n\u00e5 shoppere p\u00e5. Men som en liten bedrift med begrensede ressurser, hadde vi ikke r\u00e5d til \u00e5 bruke tusenvis av kroner hver m\u00e5ned p\u00e5 \u00e5 v\u00e6re synlige p\u00e5 internett. De fleste gangene f\u00f8rte ikke SEO-annonsering til salg, noe som gjorde at pengene vi brukte ble bortkastet. Likevel visste vi at det fantes folk som trengte produktene v\u00e5re, vi visste bare ikke hvordan vi skulle n\u00e5 dem.<\/p><p>Med Finnsalg.no \u00f8nsket jeg \u00e5 skape det verkt\u00f8yet vi selv skulle \u00f8nske vi hadde hatt \u2013 en enkel og rimelig l\u00f8sning som gir sm\u00e5 butikker den synligheten de trenger. M\u00e5let mitt er \u00e5 ta bort noe av stresset, pr\u00f8vingen og feilen som f\u00f8lger med markedsf\u00f8ring, og heller gi butikkeiere en trygg vei til \u00e5 bygge en lojal kundebase. For jeg vet, av egen erfaring, hvor avgj\u00f8rende det er \u00e5 bli sett \u2013 og hvor mye det betyr n\u00e5r man endelig gj\u00f8r det.<\/p>\t\t\t\t\t\t\t\t<\/div>\n\t\t\t\t<\/div>\n\t\t\t\t\t<\/div>\n\t\t\t\t<\/div>\n\t\t<div class=\"elementor-element elementor-element-0ce3dab e-flex e-con-boxed e-con e-parent\" data-id=\"0ce3dab\" data-element_type=\"container\">\n\t\t\t\t\t<div class=\"e-con-inner\">\n\t\t\t\t<div class=\"elementor-element elementor-element-e69c68f elementor-widget elementor-widget-text-editor\" data-id=\"e69c68f\" data-element_type=\"widget\" data-widget_type=\"text-editor.default\">\n\t\t\t\t<div class=\"elementor-widget-container\">\n\t\t\t\t\t\t\t\t\t<p>Hver uke har vi tusenvis av bes\u00f8kende som leter etter salg, unike butikker og nisjeprodukter.<br \/>Har du tilbud, driver du en nisjebutikk, og skulle du \u00f8nske du kunne fokusere p\u00e5 driften av butikken din \u2013 uten \u00e5 bekymre deg for markedsf\u00f8ring og hvordan du skal n\u00e5 ut til nye kunder?<br \/>Det er her <strong>Finnsalg<\/strong> er en pioner.<\/p><p>Finnsalg er den f\u00f8rste markedsplassen av sitt slag \u2013 b\u00e5de i Norge og utenfor \u2013 som formidler salget fra butikker, samtidig som vi markedsf\u00f8rer og tiltrekker trafikken til b\u00e5de den fysiske butikken og nettbutikken.<\/p><p>Vi tror at du som butikkeier kjenner produktene dine best, og Finnsalg \u00f8nsker ikke \u00e5 ta over salget fra deg.<\/p><p>\ud83c\udfaf <strong>V\u00e5rt m\u00e5l: <\/strong><br \/>Ditt butikksalg er en kraftig drivkraft i markedsf\u00f8ringen. Finnsalgs viktigste oppgave er \u00e5 fange oppmerksomheten til potensielle kunder gjennom salgene dine \u2013 og lede dem direkte til deg, slik at du kan gj\u00f8re det du er best p\u00e5: \u00e5 selge produktene dine.<\/p>\t\t\t\t\t\t\t\t<\/div>\n\t\t\t\t<\/div>\n\t\t\t\t\t<\/div>\n\t\t\t\t<\/div>\n\t\t<div class=\"elementor-element elementor-element-16509ba e-flex e-con-boxed e-con e-parent\" data-id=\"16509ba\" data-element_type=\"container\">\n\t\t\t\t\t<div class=\"e-con-inner\">\n\t\t\t\t<div class=\"elementor-element elementor-element-7cb2b2e elementor-widget elementor-widget-text-editor\" data-id=\"7cb2b2e\" data-element_type=\"widget\" data-widget_type=\"text-editor.default\">\n\t\t\t\t<div class=\"elementor-widget-container\">\n\t\t\t\t\t\t\t\t\t<h3><strong>V\u00e5r motivasjon<\/strong><\/h3>\t\t\t\t\t\t\t\t<\/div>\n\t\t\t\t<\/div>\n\t\t\t\t<div class=\"elementor-element elementor-element-6a9d231 elementor-widget elementor-widget-text-editor\" data-id=\"6a9d231\" data-element_type=\"widget\" data-widget_type=\"text-editor.default\">\n\t\t\t\t<div class=\"elementor-widget-container\">\n\t\t\t\t\t\t\t\t\t<p>V\u00e5r motivasjon er \u00e5 skape en s\u00f8ml\u00f8s forbindelse mellom kunder og butikker \u2013 og s\u00f8rge for en trygg og minneverdig handleopplevelse.<\/p><p>FINNSALG-gr\u00fcnder<\/p>\t\t\t\t\t\t\t\t<\/div>\n\t\t\t\t<\/div>\n\t\t\t\t\t<\/div>\n\t\t\t\t<\/div>\n\t\t<div class=\"elementor-element elementor-element-37b6fc5 e-flex e-con-boxed e-con e-parent\" data-id=\"37b6fc5\" data-element_type=\"container\">\n\t\t\t\t\t<div class=\"e-con-inner\">\n\t\t\t\t<div class=\"elementor-element elementor-element-5dc9c64 elementor-widget elementor-widget-text-editor\" data-id=\"5dc9c64\" data-element_type=\"widget\" data-widget_type=\"text-editor.default\">\n\t\t\t\t<div class=\"elementor-widget-container\">\n\t\t\t\t\t\t\t\t\t<p>FINNSALG er drevet av Peason Consult<br \/>Org.nr:\u00a0 929499263<br \/>P.o.boks: 2501, Tveitevannet, 5823, Bergen.<br \/>kundeservice@peasonconsult.com<\/p>\t\t\t\t\t\t\t\t<\/div>\n\t\t\t\t<\/div>\n\t\t\t\t\t<\/div>\n\t\t\t\t<\/div>\n\t\t\t\t<\/div>\n\t\t\n    <div class=\"xs_social_share_widget xs_share_url after_content \t\tmain_content  wslu-style-1 wslu-share-box-shaped wslu-fill-colored wslu-none wslu-share-horizontal wslu-theme-font-no wslu-main_content\">\n\n\t\t\n        <ul>\n\t\t\t        <\/ul>\n    <\/div>","protected":false},"excerpt":{"rendered":"<p>Om oss og v\u00e5r motivasjon Som shopper Som shopper har jeg ofte kjent p\u00e5 hvor slitsomt det kan v\u00e6re \u00e5 g\u00e5 fra butikk til butikk, eller bla gjennom utallige nettsider p\u00e5 jakt etter gode tilbud. Ofte kan avstand ogs\u00e5 v\u00e6re en barriere som hindrer tilgang til fysiske butikker med gode tilbud, for eksempel i en &hellip;<\/p>\n<p class=\"read-more\"> <a class=\"thunk-readmore button\" href=\"https:\/\/www.finnsalg.no\/en\/om-finnsalg-appen-og-plattformen\/\"> <span class=\"screen-reader-text\">Om oss<\/span>Read More<\/a><\/p>","protected":false},"author":1,"featured_media":0,"parent":0,"menu_order":0,"comment_status":"closed","ping_status":"closed","template":"","meta":{"iawp_total_views":4,"footnotes":""},"class_list":["post-611","page","type-page","status-publish","hentry","thunk-woo-product-list","opn-qv-enable","open-woo-hover-","open-single-product-tab-horizontal","open-shadow-","open-shadow-hover-"],"yoast_head":"<!-- This site is optimized with the Yoast SEO plugin v25.0 - https:\/\/yoast.com\/wordpress\/plugins\/seo\/ -->\n<title>Om oss - FINNSALG<\/title>\n<meta name=\"description\" content=\"L\u00e6r mer om hvem vi er og hvorfor vi brenner for \u00e5 koble butikker og kunder gjennom smarte kampanjer og synlighet over hele Norge.\" \/>\n<meta name=\"robots\" content=\"index, follow, max-snippet:-1, max-image-preview:large, max-video-preview:-1\" \/>\n<link rel=\"canonical\" href=\"https:\/\/www.finnsalg.no\/en\/om-finnsalg-appen-og-plattformen\/\" \/>\n<meta property=\"og:locale\" content=\"en_US\" \/>\n<meta property=\"og:type\" content=\"article\" \/>\n<meta property=\"og:title\" content=\"Om oss - FINNSALG\" \/>\n<meta property=\"og:description\" content=\"L\u00e6r mer om hvem vi er og hvorfor vi brenner for \u00e5 koble butikker og kunder gjennom smarte kampanjer og synlighet over hele Norge.\" \/>\n<meta property=\"og:url\" content=\"https:\/\/www.finnsalg.no\/en\/om-finnsalg-appen-og-plattformen\/\" \/>\n<meta property=\"og:site_name\" content=\"FINNSALG\" \/>\n<meta property=\"article:modified_time\" content=\"2025-11-10T13:26:42+00:00\" \/>\n<meta property=\"og:image\" content=\"https:\/\/www.finnsalg.no\/wp-content\/uploads\/2024\/11\/cropped-logo_new2-2.png\" \/>\n\t<meta property=\"og:image:width\" content=\"613\" \/>\n\t<meta property=\"og:image:height\" content=\"175\" \/>\n\t<meta property=\"og:image:type\" content=\"image\/png\" \/>\n<meta name=\"twitter:card\" content=\"summary_large_image\" \/>\n<meta name=\"twitter:label1\" content=\"Est. reading time\" \/>\n\t<meta name=\"twitter:data1\" content=\"3 minutes\" \/>\n<script type=\"application\/ld+json\" class=\"yoast-schema-graph\">{\"@context\":\"https:\/\/schema.org\",\"@graph\":[{\"@type\":\"WebPage\",\"@id\":\"https:\/\/www.finnsalg.no\/om-finnsalg-appen-og-plattformen\/\",\"url\":\"https:\/\/www.finnsalg.no\/om-finnsalg-appen-og-plattformen\/\",\"name\":\"Om oss - FINNSALG\",\"isPartOf\":{\"@id\":\"https:\/\/www.finnsalg.no\/#website\"},\"primaryImageOfPage\":{\"@id\":\"https:\/\/www.finnsalg.no\/om-finnsalg-appen-og-plattformen\/#primaryimage\"},\"image\":{\"@id\":\"https:\/\/www.finnsalg.no\/om-finnsalg-appen-og-plattformen\/#primaryimage\"},\"thumbnailUrl\":\"https:\/\/www.finnsalg.no\/wp-content\/uploads\/2024\/11\/cropped-logo_new2-2.png\",\"datePublished\":\"2024-11-28T18:01:40+00:00\",\"dateModified\":\"2025-11-10T13:26:42+00:00\",\"description\":\"L\u00e6r mer om hvem vi er og hvorfor vi brenner for \u00e5 koble butikker og kunder gjennom smarte kampanjer og synlighet over hele Norge.\",\"breadcrumb\":{\"@id\":\"https:\/\/www.finnsalg.no\/om-finnsalg-appen-og-plattformen\/#breadcrumb\"},\"inLanguage\":\"en-US\",\"potentialAction\":[{\"@type\":\"ReadAction\",\"target\":[\"https:\/\/www.finnsalg.no\/om-finnsalg-appen-og-plattformen\/\"]}]},{\"@type\":\"ImageObject\",\"inLanguage\":\"en-US\",\"@id\":\"https:\/\/www.finnsalg.no\/om-finnsalg-appen-og-plattformen\/#primaryimage\",\"url\":\"https:\/\/www.finnsalg.no\/wp-content\/uploads\/2024\/11\/cropped-logo_new2-2.png\",\"contentUrl\":\"https:\/\/www.finnsalg.no\/wp-content\/uploads\/2024\/11\/cropped-logo_new2-2.png\"},{\"@type\":\"BreadcrumbList\",\"@id\":\"https:\/\/www.finnsalg.no\/om-finnsalg-appen-og-plattformen\/#breadcrumb\",\"itemListElement\":[{\"@type\":\"ListItem\",\"position\":1,\"name\":\"Hjem\",\"item\":\"https:\/\/www.finnsalg.no\/\"},{\"@type\":\"ListItem\",\"position\":2,\"name\":\"Om oss\"}]},{\"@type\":\"WebSite\",\"@id\":\"https:\/\/www.finnsalg.no\/#website\",\"url\":\"https:\/\/www.finnsalg.no\/\",\"name\":\"FINNSALG\",\"description\":\"Finn de beste salgene p\u00e5 kl\u00e6r, sko, bagger og mye mer fra butikkene i hele Norge\",\"publisher\":{\"@id\":\"https:\/\/www.finnsalg.no\/#organization\"},\"potentialAction\":[{\"@type\":\"SearchAction\",\"target\":{\"@type\":\"EntryPoint\",\"urlTemplate\":\"https:\/\/www.finnsalg.no\/?s={search_term_string}\"},\"query-input\":{\"@type\":\"PropertyValueSpecification\",\"valueRequired\":true,\"valueName\":\"search_term_string\"}}],\"inLanguage\":\"en-US\"},{\"@type\":\"Organization\",\"@id\":\"https:\/\/www.finnsalg.no\/#organization\",\"name\":\"FINNSALG\",\"url\":\"https:\/\/www.finnsalg.no\/\",\"logo\":{\"@type\":\"ImageObject\",\"inLanguage\":\"en-US\",\"@id\":\"https:\/\/www.finnsalg.no\/#\/schema\/logo\/image\/\",\"url\":\"https:\/\/www.finnsalg.no\/wp-content\/uploads\/2025\/09\/cropped-logo_Customer3.jpg\",\"contentUrl\":\"https:\/\/www.finnsalg.no\/wp-content\/uploads\/2025\/09\/cropped-logo_Customer3.jpg\",\"width\":587,\"height\":182,\"caption\":\"FINNSALG\"},\"image\":{\"@id\":\"https:\/\/www.finnsalg.no\/#\/schema\/logo\/image\/\"}}]}<\/script>\n<!-- \/ Yoast SEO plugin. -->","yoast_head_json":{"title":"Om oss - FINNSALG","description":"L\u00e6r mer om hvem vi er og hvorfor vi brenner for \u00e5 koble butikker og kunder gjennom smarte kampanjer og synlighet over hele Norge.","robots":{"index":"index","follow":"follow","max-snippet":"max-snippet:-1","max-image-preview":"max-image-preview:large","max-video-preview":"max-video-preview:-1"},"canonical":"https:\/\/www.finnsalg.no\/en\/om-finnsalg-appen-og-plattformen\/","og_locale":"en_US","og_type":"article","og_title":"Om oss - FINNSALG","og_description":"L\u00e6r mer om hvem vi er og hvorfor vi brenner for \u00e5 koble butikker og kunder gjennom smarte kampanjer og synlighet over hele Norge.","og_url":"https:\/\/www.finnsalg.no\/en\/om-finnsalg-appen-og-plattformen\/","og_site_name":"FINNSALG","article_modified_time":"2025-11-10T13:26:42+00:00","og_image":[{"width":613,"height":175,"url":"https:\/\/www.finnsalg.no\/wp-content\/uploads\/2024\/11\/cropped-logo_new2-2.png","type":"image\/png"}],"twitter_card":"summary_large_image","twitter_misc":{"Est. reading time":"3 minutes"},"schema":{"@context":"https:\/\/schema.org","@graph":[{"@type":"WebPage","@id":"https:\/\/www.finnsalg.no\/om-finnsalg-appen-og-plattformen\/","url":"https:\/\/www.finnsalg.no\/om-finnsalg-appen-og-plattformen\/","name":"Om oss - FINNSALG","isPartOf":{"@id":"https:\/\/www.finnsalg.no\/#website"},"primaryImageOfPage":{"@id":"https:\/\/www.finnsalg.no\/om-finnsalg-appen-og-plattformen\/#primaryimage"},"image":{"@id":"https:\/\/www.finnsalg.no\/om-finnsalg-appen-og-plattformen\/#primaryimage"},"thumbnailUrl":"https:\/\/www.finnsalg.no\/wp-content\/uploads\/2024\/11\/cropped-logo_new2-2.png","datePublished":"2024-11-28T18:01:40+00:00","dateModified":"2025-11-10T13:26:42+00:00","description":"L\u00e6r mer om hvem vi er og hvorfor vi brenner for \u00e5 koble butikker og kunder gjennom smarte kampanjer og synlighet over hele Norge.","breadcrumb":{"@id":"https:\/\/www.finnsalg.no\/om-finnsalg-appen-og-plattformen\/#breadcrumb"},"inLanguage":"en-US","potentialAction":[{"@type":"ReadAction","target":["https:\/\/www.finnsalg.no\/om-finnsalg-appen-og-plattformen\/"]}]},{"@type":"ImageObject","inLanguage":"en-US","@id":"https:\/\/www.finnsalg.no\/om-finnsalg-appen-og-plattformen\/#primaryimage","url":"https:\/\/www.finnsalg.no\/wp-content\/uploads\/2024\/11\/cropped-logo_new2-2.png","contentUrl":"https:\/\/www.finnsalg.no\/wp-content\/uploads\/2024\/11\/cropped-logo_new2-2.png"},{"@type":"BreadcrumbList","@id":"https:\/\/www.finnsalg.no\/om-finnsalg-appen-og-plattformen\/#breadcrumb","itemListElement":[{"@type":"ListItem","position":1,"name":"Hjem","item":"https:\/\/www.finnsalg.no\/"},{"@type":"ListItem","position":2,"name":"Om oss"}]},{"@type":"WebSite","@id":"https:\/\/www.finnsalg.no\/#website","url":"https:\/\/www.finnsalg.no\/","name":"FINNSALG","description":"Finn de beste salgene p\u00e5 kl\u00e6r, sko, bagger og mye mer fra butikkene i hele Norge","publisher":{"@id":"https:\/\/www.finnsalg.no\/#organization"},"potentialAction":[{"@type":"SearchAction","target":{"@type":"EntryPoint","urlTemplate":"https:\/\/www.finnsalg.no\/?s={search_term_string}"},"query-input":{"@type":"PropertyValueSpecification","valueRequired":true,"valueName":"search_term_string"}}],"inLanguage":"en-US"},{"@type":"Organization","@id":"https:\/\/www.finnsalg.no\/#organization","name":"FINNSALG","url":"https:\/\/www.finnsalg.no\/","logo":{"@type":"ImageObject","inLanguage":"en-US","@id":"https:\/\/www.finnsalg.no\/#\/schema\/logo\/image\/","url":"https:\/\/www.finnsalg.no\/wp-content\/uploads\/2025\/09\/cropped-logo_Customer3.jpg","contentUrl":"https:\/\/www.finnsalg.no\/wp-content\/uploads\/2025\/09\/cropped-logo_Customer3.jpg","width":587,"height":182,"caption":"FINNSALG"},"image":{"@id":"https:\/\/www.finnsalg.no\/#\/schema\/logo\/image\/"}}]}},"jetpack_sharing_enabled":true,"_links":{"self":[{"href":"https:\/\/www.finnsalg.no\/en\/wp-json\/wp\/v2\/pages\/611","targetHints":{"allow":["GET"]}}],"collection":[{"href":"https:\/\/www.finnsalg.no\/en\/wp-json\/wp\/v2\/pages"}],"about":[{"href":"https:\/\/www.finnsalg.no\/en\/wp-json\/wp\/v2\/types\/page"}],"author":[{"embeddable":true,"href":"https:\/\/www.finnsalg.no\/en\/wp-json\/wp\/v2\/users\/1"}],"replies":[{"embeddable":true,"href":"https:\/\/www.finnsalg.no\/en\/wp-json\/wp\/v2\/comments?post=611"}],"version-history":[{"count":57,"href":"https:\/\/www.finnsalg.no\/en\/wp-json\/wp\/v2\/pages\/611\/revisions"}],"predecessor-version":[{"id":7473,"href":"https:\/\/www.finnsalg.no\/en\/wp-json\/wp\/v2\/pages\/611\/revisions\/7473"}],"wp:attachment":[{"href":"https:\/\/www.finnsalg.no\/en\/wp-json\/wp\/v2\/media?parent=611"}],"curies":[{"name":"wp","href":"https:\/\/api.w.org\/{rel}","templated":true}]}}